{"id":9411,"date":"2019-06-05T12:47:41","date_gmt":"2019-06-05T10:47:41","guid":{"rendered":"https:\/\/www.kunskapsforbundet.se\/vuxenutbildningen\/?page_id=9411"},"modified":"2025-09-18T11:39:34","modified_gmt":"2025-09-18T09:39:34","slug":"kontakta-studie-och-yrkesvagledare","status":"publish","type":"page","link":"https:\/\/kunskapsforbundet.se\/vuxenutbildningen\/kontakta-studie-och-yrkesvagledare\/","title":{"rendered":"Kontakta studie- och yrkesv\u00e4gledare"},"content":{"rendered":"<p>Anv\u00e4nd <a href=\"https:\/\/minasidor.kunskapsforbundet.se\/oversikt\/overview\/178\">v\u00e5r e-tj\u00e4nst<\/a> f\u00f6r att komma i kontakt med en studie- och yrkesv\u00e4gledare. Vi bevakar dagligen under arbetstid fr\u00e5gorna som ni skickar in via e-tj\u00e4nsten och vi \u00e5terkopplar till dig s\u00e5 snabbt vi kan.<\/p>\n<p>Fler s\u00e4tt att n\u00e5 oss hittar du h\u00e4r: <a href=\"https:\/\/kunskapsforbundet.se\/vuxenutbildningen\/studie-och-yrkesvagledning\/\">Studie- och yrkesv\u00e4gledning &#8211; Vuxenutbildningen<\/a><\/p>\n","protected":false},"excerpt":{"rendered":"<p>Anv\u00e4nd v\u00e5r e-tj\u00e4nst f\u00f6r att komma i kontakt med en studie- och yrkesv\u00e4gledare. Vi bevakar dagligen under arbetstid fr\u00e5gorna som ni skickar in via e-tj\u00e4nsten och vi \u00e5terkopplar till dig s\u00e5 snabbt vi kan. Fler s\u00e4tt att n\u00e5 oss hittar du h\u00e4r: Studie- och yrkesv\u00e4gledning &#8211; Vuxenutbildningen<\/p>\n","protected":false},"author":9,"featured_media":0,"parent":0,"menu_order":0,"comment_status":"closed","ping_status":"closed","template":"","meta":{"_acf_changed":false,"footnotes":""},"class_list":["post-9411","page","type-page","status-publish","hentry"],"acf":[],"_links":{"self":[{"href":"https:\/\/kunskapsforbundet.se\/vuxenutbildningen\/wp-json\/wp\/v2\/pages\/9411","targetHints":{"allow":["GET"]}}],"collection":[{"href":"https:\/\/kunskapsforbundet.se\/vuxenutbildningen\/wp-json\/wp\/v2\/pages"}],"about":[{"href":"https:\/\/kunskapsforbundet.se\/vuxenutbildningen\/wp-json\/wp\/v2\/types\/page"}],"author":[{"embeddable":true,"href":"https:\/\/kunskapsforbundet.se\/vuxenutbildningen\/wp-json\/wp\/v2\/users\/9"}],"replies":[{"embeddable":true,"href":"https:\/\/kunskapsforbundet.se\/vuxenutbildningen\/wp-json\/wp\/v2\/comments?post=9411"}],"version-history":[{"count":8,"href":"https:\/\/kunskapsforbundet.se\/vuxenutbildningen\/wp-json\/wp\/v2\/pages\/9411\/revisions"}],"predecessor-version":[{"id":26705,"href":"https:\/\/kunskapsforbundet.se\/vuxenutbildningen\/wp-json\/wp\/v2\/pages\/9411\/revisions\/26705"}],"wp:attachment":[{"href":"https:\/\/kunskapsforbundet.se\/vuxenutbildningen\/wp-json\/wp\/v2\/media?parent=9411"}],"curies":[{"name":"wp","href":"https:\/\/api.w.org\/{rel}","templated":true}]}}