{"id":9017,"date":"2019-03-13T10:20:11","date_gmt":"2019-03-13T09:20:11","guid":{"rendered":"https:\/\/www.kunskapsforbundet.se\/vuxenutbildningen\/?post_type=program&#038;p=9017"},"modified":"2026-02-10T15:35:09","modified_gmt":"2026-02-10T14:35:09","slug":"yh-yrkeshogskolan","status":"publish","type":"page","link":"https:\/\/kunskapsforbundet.se\/vuxenutbildningen\/yh-yrkeshogskolan\/","title":{"rendered":"YH | Yrkesh\u00f6gskolan"},"content":{"rendered":"\n<div style=\"height:27px\" aria-hidden=\"true\" class=\"wp-block-spacer\"><\/div>\n\n\n\n<div class=\"pages__ingress pb-4 mb-0\"><p class=\"wp-block-ggb-block-feature__ingress\">Kunskapsf\u00f6rbundets yrkesh\u00f6gskola erbjuder kvalificerade yrkesutbildningar som \u00e4r utformade efter arbetslivets behov av kompetens. Vi har utbildningar inom bland annat v\u00e5rd, film, s\u00e4kerhet, elkraft, AI, NPF och skola. Du har ocks\u00e5 m\u00f6jlighet att s\u00f6ka studiemedel fr\u00e5n CSN n\u00e4r du l\u00e4ser en YH-utbildning.<\/p><\/div>\n\n\n\n<h2 class=\"wp-block-heading\">V\u00e4lkommen till oss!<\/h2>\n\n\n\n<div style=\"height:6px\" aria-hidden=\"true\" class=\"wp-block-spacer\"><\/div>\n","protected":false},"excerpt":{"rendered":"<p>V\u00e4lkommen till oss!<\/p>\n","protected":false},"author":37,"featured_media":24172,"parent":0,"menu_order":0,"comment_status":"closed","ping_status":"closed","template":"page-program-portal.php","meta":{"_acf_changed":false,"footnotes":""},"class_list":["post-9017","page","type-page","status-publish","has-post-thumbnail","hentry"],"acf":[],"_links":{"self":[{"href":"https:\/\/kunskapsforbundet.se\/vuxenutbildningen\/wp-json\/wp\/v2\/pages\/9017","targetHints":{"allow":["GET"]}}],"collection":[{"href":"https:\/\/kunskapsforbundet.se\/vuxenutbildningen\/wp-json\/wp\/v2\/pages"}],"about":[{"href":"https:\/\/kunskapsforbundet.se\/vuxenutbildningen\/wp-json\/wp\/v2\/types\/page"}],"author":[{"embeddable":true,"href":"https:\/\/kunskapsforbundet.se\/vuxenutbildningen\/wp-json\/wp\/v2\/users\/37"}],"replies":[{"embeddable":true,"href":"https:\/\/kunskapsforbundet.se\/vuxenutbildningen\/wp-json\/wp\/v2\/comments?post=9017"}],"version-history":[{"count":381,"href":"https:\/\/kunskapsforbundet.se\/vuxenutbildningen\/wp-json\/wp\/v2\/pages\/9017\/revisions"}],"predecessor-version":[{"id":28692,"href":"https:\/\/kunskapsforbundet.se\/vuxenutbildningen\/wp-json\/wp\/v2\/pages\/9017\/revisions\/28692"}],"wp:featuredmedia":[{"embeddable":true,"href":"https:\/\/kunskapsforbundet.se\/vuxenutbildningen\/wp-json\/wp\/v2\/media\/24172"}],"wp:attachment":[{"href":"https:\/\/kunskapsforbundet.se\/vuxenutbildningen\/wp-json\/wp\/v2\/media?parent=9017"}],"curies":[{"name":"wp","href":"https:\/\/api.w.org\/{rel}","templated":true}]}}