{"id":8461,"date":"2018-10-05T10:19:42","date_gmt":"2018-10-05T08:19:42","guid":{"rendered":"https:\/\/www.kunskapsforbundet.se\/vuxenutbildningen\/?page_id=8461"},"modified":"2026-04-07T11:18:28","modified_gmt":"2026-04-07T09:18:28","slug":"kontakta-oss","status":"publish","type":"page","link":"https:\/\/kunskapsforbundet.se\/vuxenutbildningen\/kontakta-oss\/","title":{"rendered":"Kontakta oss"},"content":{"rendered":"\n<div class=\"pages__ingress pb-4 mb-0\"><p class=\"wp-block-ggb-block-feature__ingress\">V\u00e4lkommen att kontakta oss! H\u00e4r hittar du var vi finns samt kontaktuppgifter och viktiga \u00f6ppettider till Vuxenutbildningen.<\/p><\/div>\n\n\n\n<h4 class=\"wp-block-heading\">Vuxenutbildningen V\u00e4nersborg<\/h4>\n\n\n\n<p><strong>Postadress: <\/strong>Vuxenutbildningen, Box 317, 462 24 V\u00e4nersborg<\/p>\n\n\n\n<p><strong>Bes\u00f6ksadress:<\/strong> Vuxenutbildningen V\u00e4nersborg: V\u00e4nerparken 5, V\u00e4nersborg<\/p>\n\n\n\n<p><strong>Telefon<\/strong> (Kunskapsf\u00f6rbundet v\u00e4xel): 0521-72 27 40<\/p>\n\n\n\n<h4 class=\"wp-block-heading\">Vuxenutbildningen Trollh\u00e4ttan<\/h4>\n\n\n\n<p>N\u00e5gra kurser sker p\u00e5 plats i Trollh\u00e4ttan. Om du l\u00e4ser n\u00e5gon av kurserna f\u00f6r <strong>biologi, kemi eller fysik<\/strong> s\u00e5 sker dessa i Trollh\u00e4ttan: G\u00e4rdhemsv\u00e4gen 27, Trollh\u00e4ttan (Nils Ericsonsgymnasiet).<\/p>\n\n\n<\/p>\n<p><\/p>","protected":false},"excerpt":{"rendered":"<p>Vuxenutbildningen V\u00e4nersborg Postadress: Vuxenutbildningen, Box 317, 462 24 V\u00e4nersborg Bes\u00f6ksadress: Vuxenutbildningen V\u00e4nersborg: V\u00e4nerparken 5, V\u00e4nersborg Telefon (Kunskapsf\u00f6rbundet v\u00e4xel): 0521-72 27 40 Vuxenutbildningen Trollh\u00e4ttan N\u00e5gra kurser sker p\u00e5 plats i Trollh\u00e4ttan. Om du l\u00e4ser n\u00e5gon av kurserna f\u00f6r biologi, kemi eller fysik s\u00e5 sker dessa i Trollh\u00e4ttan: G\u00e4rdhemsv\u00e4gen 27, Trollh\u00e4ttan (Nils Ericsonsgymnasiet). P\u00e5 administration\/reception kan du [&hellip;]<\/p>\n","protected":false},"author":7,"featured_media":13497,"parent":0,"menu_order":0,"comment_status":"closed","ping_status":"closed","template":"","meta":{"_acf_changed":false,"footnotes":""},"class_list":["post-8461","page","type-page","status-publish","has-post-thumbnail","hentry"],"acf":[],"_links":{"self":[{"href":"https:\/\/kunskapsforbundet.se\/vuxenutbildningen\/wp-json\/wp\/v2\/pages\/8461","targetHints":{"allow":["GET"]}}],"collection":[{"href":"https:\/\/kunskapsforbundet.se\/vuxenutbildningen\/wp-json\/wp\/v2\/pages"}],"about":[{"href":"https:\/\/kunskapsforbundet.se\/vuxenutbildningen\/wp-json\/wp\/v2\/types\/page"}],"author":[{"embeddable":true,"href":"https:\/\/kunskapsforbundet.se\/vuxenutbildningen\/wp-json\/wp\/v2\/users\/7"}],"replies":[{"embeddable":true,"href":"https:\/\/kunskapsforbundet.se\/vuxenutbildningen\/wp-json\/wp\/v2\/comments?post=8461"}],"version-history":[{"count":896,"href":"https:\/\/kunskapsforbundet.se\/vuxenutbildningen\/wp-json\/wp\/v2\/pages\/8461\/revisions"}],"predecessor-version":[{"id":30068,"href":"https:\/\/kunskapsforbundet.se\/vuxenutbildningen\/wp-json\/wp\/v2\/pages\/8461\/revisions\/30068"}],"wp:featuredmedia":[{"embeddable":true,"href":"https:\/\/kunskapsforbundet.se\/vuxenutbildningen\/wp-json\/wp\/v2\/media\/13497"}],"wp:attachment":[{"href":"https:\/\/kunskapsforbundet.se\/vuxenutbildningen\/wp-json\/wp\/v2\/media?parent=8461"}],"curies":[{"name":"wp","href":"https:\/\/api.w.org\/{rel}","templated":true}]}}