{"id":810,"date":"2014-09-05T10:23:51","date_gmt":"2014-09-05T08:23:51","guid":{"rendered":"https:\/\/www.kunskapsforbundet.se\/vuxenutbildningen\/?page_id=810"},"modified":"2026-04-14T13:46:14","modified_gmt":"2026-04-14T11:46:14","slug":"studieperioder","status":"publish","type":"page","link":"https:\/\/kunskapsforbundet.se\/vuxenutbildningen\/studieperioder\/","title":{"rendered":"Studieperioder"},"content":{"rendered":"\n<p>En studieperiod \u00e4r den tidsomfattning utbildningen p\u00e5g\u00e5r och d\u00e5 du kan f\u00e5 studiest\u00f6d. Dock m\u00e5ste utbildningen ge r\u00e4tt till studiest\u00f6d samt att du sj\u00e4lv uppfyller villkoren f\u00f6r r\u00e4tt till studiest\u00f6d.<br><a href=\"http:\/\/www.csn.se\">Du kan l\u00e4sa om studiest\u00f6d p\u00e5 CSN:s hemsida.<\/a><\/p>\n\n\n\n<hr class=\"wp-block-separator has-alpha-channel-opacity\" \/>\n\n\n\n<h2 class=\"wp-block-heading\">Studieperioder inom Komvux 2026<\/h2>\n\n\n\n<p><\/p>\n\n\n\n<h3 class=\"wp-block-heading\">Frist\u00e5ende kurser\/\u00e4mnen<\/h3>\n\n\n\n<ul class=\"wp-block-list\">\n<li>V\u00e5ren 2026: 20260119 &#8211; 20260605<\/li>\n\n\n\n<li>10 veckorskurs\/\u00e4mne med start i mars: 260330-260605<\/li>\n\n\n\n<li>H\u00f6sten 2026: 260824-270108<\/li>\n\n\n\n<li>10 veckorskurs\/\u00e4mne med start i november: 261102-270108<\/li>\n<\/ul>\n\n\n\n<h3 class=\"wp-block-heading\">Yrkesutbildningar<\/h3>\n\n\n\n<p><em>Det kan f\u00f6rekomma vissa variationer i studieperioder f\u00f6r somliga yrkesutbildningar &#8211; se ditt antagningsbesked om det g\u00e4ller just din yrkesutbildning<\/em>.<\/p>\n\n\n\n<hr class=\"wp-block-separator has-alpha-channel-opacity\" \/>\n\n\n\n<p>Studieperioder f\u00f6r <strong>sammanh\u00e5llna yrkesutbildningar<\/strong> ser du p\u00e5 respektive utbildningsbeskrivning.<\/p>\n\n\n\n<p><strong>L\u00e4rlingsutbildningar f\u00f6r vuxna<\/strong> har ofta individuella starter och slut som du f\u00e5r information om vid studieplaneringen.<\/p>\n\n\n\n<p>Vissa utbildningar kan ha en annan studietid\/studieperiod. Du f\u00e5r alltid information om studietider p\u00e5 ans\u00f6kningshandlingen och antagningsbeskedet.<\/p>\n\n\n\n<p>Studieperiod f\u00f6r <strong>undervisning i svenska f\u00f6r invandrare &#8211; Sfi:&nbsp;<\/strong>Information kommer att uppdateras<br>Du kan inte f\u00e5 studiest\u00f6d fr\u00e5n CSN n\u00e4r du l\u00e4ser inom Sfi.<\/p>\n","protected":false},"excerpt":{"rendered":"<p>En studieperiod \u00e4r den tidsomfattning utbildningen p\u00e5g\u00e5r och d\u00e5 du kan f\u00e5 studiest\u00f6d. Dock m\u00e5ste utbildningen ge r\u00e4tt till studiest\u00f6d samt att du sj\u00e4lv uppfyller villkoren f\u00f6r r\u00e4tt till studiest\u00f6d.Du kan l\u00e4sa om studiest\u00f6d p\u00e5 CSN:s hemsida. Studieperioder inom Komvux 2026 Frist\u00e5ende kurser\/\u00e4mnen Yrkesutbildningar Det kan f\u00f6rekomma vissa variationer i studieperioder f\u00f6r somliga yrkesutbildningar &#8211; [&hellip;]<\/p>\n","protected":false},"author":7,"featured_media":0,"parent":0,"menu_order":0,"comment_status":"closed","ping_status":"closed","template":"","meta":{"_acf_changed":false,"footnotes":""},"class_list":["post-810","page","type-page","status-publish","hentry"],"acf":[],"_links":{"self":[{"href":"https:\/\/kunskapsforbundet.se\/vuxenutbildningen\/wp-json\/wp\/v2\/pages\/810","targetHints":{"allow":["GET"]}}],"collection":[{"href":"https:\/\/kunskapsforbundet.se\/vuxenutbildningen\/wp-json\/wp\/v2\/pages"}],"about":[{"href":"https:\/\/kunskapsforbundet.se\/vuxenutbildningen\/wp-json\/wp\/v2\/types\/page"}],"author":[{"embeddable":true,"href":"https:\/\/kunskapsforbundet.se\/vuxenutbildningen\/wp-json\/wp\/v2\/users\/7"}],"replies":[{"embeddable":true,"href":"https:\/\/kunskapsforbundet.se\/vuxenutbildningen\/wp-json\/wp\/v2\/comments?post=810"}],"version-history":[{"count":46,"href":"https:\/\/kunskapsforbundet.se\/vuxenutbildningen\/wp-json\/wp\/v2\/pages\/810\/revisions"}],"predecessor-version":[{"id":30281,"href":"https:\/\/kunskapsforbundet.se\/vuxenutbildningen\/wp-json\/wp\/v2\/pages\/810\/revisions\/30281"}],"wp:attachment":[{"href":"https:\/\/kunskapsforbundet.se\/vuxenutbildningen\/wp-json\/wp\/v2\/media?parent=810"}],"curies":[{"name":"wp","href":"https:\/\/api.w.org\/{rel}","templated":true}]}}