{"id":808,"date":"2014-09-05T10:23:08","date_gmt":"2014-09-05T08:23:08","guid":{"rendered":"https:\/\/www.kunskapsforbundet.se\/vuxenutbildningen\/?page_id=808"},"modified":"2026-01-08T10:12:21","modified_gmt":"2026-01-08T09:12:21","slug":"forsakringar-vuxenstuderande","status":"publish","type":"page","link":"https:\/\/kunskapsforbundet.se\/vuxenutbildningen\/forsakringar-vuxenstuderande\/","title":{"rendered":"F\u00f6rs\u00e4kringar f\u00f6r vuxenstuderande"},"content":{"rendered":"\n<div class=\"pages__ingress pb-4 mb-0\"><p class=\"wp-block-ggb-block-feature__ingress\">H\u00e4r hittar du information om\u00a0olycksfallsf\u00f6rs\u00e4kring\u00a0f\u00f6r vuxenstuderande.\u00a0F\u00f6r vidare fr\u00e5gor v\u00e4nligen ring oss p\u00e5 0521-27 33 40<\/p><\/div>\n\n\n<p>Kunskapsf\u00f6rbundet V\u00e4st har tecknat en olycksfallsf\u00f6rs\u00e4kring f\u00f6r elever och studerande inom f\u00f6rbundets verksamhetsomr\u00e5den.<\/p>\n<\/p>\n<p><\/p>","protected":false},"excerpt":{"rendered":"<p>Kunskapsf\u00f6rbundet V\u00e4st har tecknat en olycksfallsf\u00f6rs\u00e4kring f\u00f6r elever och studerande inom f\u00f6rbundets verksamhetsomr\u00e5den. Anm\u00e4l skada p\u00e5 hemsidan hos L\u00e4nsf\u00f6rs\u00e4kringar Klicka h\u00e4r f\u00f6r att anm\u00e4la skada direkt p\u00e5 hemsidan hos L\u00e4nsf\u00f6rs\u00e4kringar Du kan \u00e4ven ringa L\u00e4nsf\u00f6rs\u00e4kringar f\u00f6r att anm\u00e4la skada. Telefon: 0521 &#8211; 27 30 00<\/p>\n","protected":false},"author":7,"featured_media":0,"parent":0,"menu_order":0,"comment_status":"closed","ping_status":"closed","template":"","meta":{"_acf_changed":false,"footnotes":""},"class_list":["post-808","page","type-page","status-publish","hentry"],"acf":[],"_links":{"self":[{"href":"https:\/\/kunskapsforbundet.se\/vuxenutbildningen\/wp-json\/wp\/v2\/pages\/808","targetHints":{"allow":["GET"]}}],"collection":[{"href":"https:\/\/kunskapsforbundet.se\/vuxenutbildningen\/wp-json\/wp\/v2\/pages"}],"about":[{"href":"https:\/\/kunskapsforbundet.se\/vuxenutbildningen\/wp-json\/wp\/v2\/types\/page"}],"author":[{"embeddable":true,"href":"https:\/\/kunskapsforbundet.se\/vuxenutbildningen\/wp-json\/wp\/v2\/users\/7"}],"replies":[{"embeddable":true,"href":"https:\/\/kunskapsforbundet.se\/vuxenutbildningen\/wp-json\/wp\/v2\/comments?post=808"}],"version-history":[{"count":28,"href":"https:\/\/kunskapsforbundet.se\/vuxenutbildningen\/wp-json\/wp\/v2\/pages\/808\/revisions"}],"predecessor-version":[{"id":27959,"href":"https:\/\/kunskapsforbundet.se\/vuxenutbildningen\/wp-json\/wp\/v2\/pages\/808\/revisions\/27959"}],"wp:attachment":[{"href":"https:\/\/kunskapsforbundet.se\/vuxenutbildningen\/wp-json\/wp\/v2\/media?parent=808"}],"curies":[{"name":"wp","href":"https:\/\/api.w.org\/{rel}","templated":true}]}}