{"id":8069,"date":"2018-08-27T11:54:00","date_gmt":"2018-08-27T09:54:00","guid":{"rendered":"https:\/\/www.kunskapsforbundet.se\/vuxenutbildningen\/?page_id=8069"},"modified":"2022-05-23T17:25:47","modified_gmt":"2022-05-23T15:25:47","slug":"alkohol-och-drogpolicy","status":"publish","type":"page","link":"https:\/\/kunskapsforbundet.se\/vuxenutbildningen\/alkohol-och-drogpolicy\/","title":{"rendered":"Alkohol- och drogpolicy"},"content":{"rendered":"\n<div class=\"pages__ingress pb-4 mb-0\"><p>Vuxenutbildningen har en alkohol- och drogpolicy som f\u00f6ljer g\u00e4llande lagstiftning med syfte att f\u00f6rebygga, uppt\u00e4cka och ingripa mot alkohol\/droger.<\/p><\/div>\n\n\n<h3>&nbsp;ALKOHOL- OCH DROGPOLICY f\u00f6r studerande p\u00e5 Vuxenutbildningen<\/h3>\n<p>P\u00e5 Vuxenutbildningen inom Kunskapsf\u00f6rbundet V\u00e4st vill vi erbjuda alla studerande b\u00e4sta m\u00f6jliga undervisning, ge alla en m\u00f6jlighet att n\u00e5 b\u00e4sta m\u00f6jliga resultat och erbjuda en trygg och h\u00e4lsosam arbetsmilj\u00f6.<\/p>\n<p>Skolan \u00e4r en arbetsplats med samma krav och skyldigheter som andra arbetsplatser. Vi har d\u00e4rf\u00f6r en tydlig alkohol- och drogpolicy som f\u00f6ljer g\u00e4llande lagstiftning med syfte att f\u00f6rebygga, uppt\u00e4cka och ingripa mot alkohol och andra droger. Denna policy bygger p\u00e5 en kombination av tydliga regler, konsekvenser, omtanke och st\u00f6d f\u00f6r att f\u00f6rhindra missbruk.<\/p>\n<p>L\u00e4s mer om alkohol- och drogpolicy p\u00e5 Vuxenutbildningen i dokumentet nedan.<\/p>","protected":false},"excerpt":{"rendered":"<p>&nbsp;ALKOHOL- OCH DROGPOLICY f\u00f6r studerande p\u00e5 Vuxenutbildningen P\u00e5 Vuxenutbildningen inom Kunskapsf\u00f6rbundet V\u00e4st vill vi erbjuda alla studerande b\u00e4sta m\u00f6jliga undervisning, ge alla en m\u00f6jlighet att n\u00e5 b\u00e4sta m\u00f6jliga resultat och erbjuda en trygg och h\u00e4lsosam arbetsmilj\u00f6. Skolan \u00e4r en arbetsplats med samma krav och skyldigheter som andra arbetsplatser. Vi har d\u00e4rf\u00f6r en tydlig alkohol- och [&hellip;]<\/p>\n","protected":false},"author":7,"featured_media":0,"parent":0,"menu_order":0,"comment_status":"closed","ping_status":"closed","template":"","meta":{"_acf_changed":false,"footnotes":""},"class_list":["post-8069","page","type-page","status-publish","hentry"],"acf":[],"_links":{"self":[{"href":"https:\/\/kunskapsforbundet.se\/vuxenutbildningen\/wp-json\/wp\/v2\/pages\/8069","targetHints":{"allow":["GET"]}}],"collection":[{"href":"https:\/\/kunskapsforbundet.se\/vuxenutbildningen\/wp-json\/wp\/v2\/pages"}],"about":[{"href":"https:\/\/kunskapsforbundet.se\/vuxenutbildningen\/wp-json\/wp\/v2\/types\/page"}],"author":[{"embeddable":true,"href":"https:\/\/kunskapsforbundet.se\/vuxenutbildningen\/wp-json\/wp\/v2\/users\/7"}],"replies":[{"embeddable":true,"href":"https:\/\/kunskapsforbundet.se\/vuxenutbildningen\/wp-json\/wp\/v2\/comments?post=8069"}],"version-history":[{"count":9,"href":"https:\/\/kunskapsforbundet.se\/vuxenutbildningen\/wp-json\/wp\/v2\/pages\/8069\/revisions"}],"predecessor-version":[{"id":16056,"href":"https:\/\/kunskapsforbundet.se\/vuxenutbildningen\/wp-json\/wp\/v2\/pages\/8069\/revisions\/16056"}],"wp:attachment":[{"href":"https:\/\/kunskapsforbundet.se\/vuxenutbildningen\/wp-json\/wp\/v2\/media?parent=8069"}],"curies":[{"name":"wp","href":"https:\/\/api.w.org\/{rel}","templated":true}]}}