{"id":802,"date":"2014-09-05T10:19:07","date_gmt":"2014-09-05T08:19:07","guid":{"rendered":"https:\/\/www.kunskapsforbundet.se\/vuxenutbildningen\/?page_id=802"},"modified":"2024-09-05T14:07:02","modified_gmt":"2024-09-05T12:07:02","slug":"utvarderingar","status":"publish","type":"page","link":"https:\/\/kunskapsforbundet.se\/vuxenutbildningen\/utvarderingar\/","title":{"rendered":"Utv\u00e4rderingar"},"content":{"rendered":"\n<div class=\"pages__ingress pb-4 mb-0\"><p class=\"wp-block-ggb-block-feature__ingress\">Utv\u00e4rderingar f\u00f6r utbildningar och studerande inom vuxenutbildningen.<\/p><\/div>\n\n\n<p>H\u00e4r hittar du utv\u00e4rderingar f\u00f6r olika utbildningar inom Vuxenutbildningen Kunskapsf\u00f6rbundet. F\u00f6r att kunna logga in p\u00e5 utv\u00e4rderingarna beh\u00f6ver du ett l\u00f6senord som du f\u00e5r av personal eller l\u00e4rare p\u00e5 Vuxenutbildningen.<\/p>","protected":false},"excerpt":{"rendered":"<p>H\u00e4r hittar du utv\u00e4rderingar f\u00f6r olika utbildningar inom Vuxenutbildningen Kunskapsf\u00f6rbundet. F\u00f6r att kunna logga in p\u00e5 utv\u00e4rderingarna beh\u00f6ver du ett l\u00f6senord som du f\u00e5r av personal eller l\u00e4rare p\u00e5 Vuxenutbildningen. H\u00e4r finns utv\u00e4rdering av SFI | Utbildning i svenska f\u00f6r invandrare. Anv\u00e4nd l\u00f6senordet f\u00f6r att logga in p\u00e5 sidan. Klicka h\u00e4r f\u00f6r: Utv\u00e4rdering SFI | [&hellip;]<\/p>\n","protected":false},"author":23,"featured_media":0,"parent":0,"menu_order":0,"comment_status":"closed","ping_status":"closed","template":"","meta":{"_acf_changed":false,"footnotes":""},"class_list":["post-802","page","type-page","status-publish","hentry"],"acf":[],"_links":{"self":[{"href":"https:\/\/kunskapsforbundet.se\/vuxenutbildningen\/wp-json\/wp\/v2\/pages\/802","targetHints":{"allow":["GET"]}}],"collection":[{"href":"https:\/\/kunskapsforbundet.se\/vuxenutbildningen\/wp-json\/wp\/v2\/pages"}],"about":[{"href":"https:\/\/kunskapsforbundet.se\/vuxenutbildningen\/wp-json\/wp\/v2\/types\/page"}],"author":[{"embeddable":true,"href":"https:\/\/kunskapsforbundet.se\/vuxenutbildningen\/wp-json\/wp\/v2\/users\/23"}],"replies":[{"embeddable":true,"href":"https:\/\/kunskapsforbundet.se\/vuxenutbildningen\/wp-json\/wp\/v2\/comments?post=802"}],"version-history":[{"count":24,"href":"https:\/\/kunskapsforbundet.se\/vuxenutbildningen\/wp-json\/wp\/v2\/pages\/802\/revisions"}],"predecessor-version":[{"id":23175,"href":"https:\/\/kunskapsforbundet.se\/vuxenutbildningen\/wp-json\/wp\/v2\/pages\/802\/revisions\/23175"}],"wp:attachment":[{"href":"https:\/\/kunskapsforbundet.se\/vuxenutbildningen\/wp-json\/wp\/v2\/media?parent=802"}],"curies":[{"name":"wp","href":"https:\/\/api.w.org\/{rel}","templated":true}]}}