{"id":698,"date":"2014-09-02T10:48:31","date_gmt":"2014-09-02T08:48:31","guid":{"rendered":"https:\/\/www.kunskapsforbundet.se\/vuxenutbildningen\/?page_id=698"},"modified":"2025-12-16T10:42:49","modified_gmt":"2025-12-16T09:42:49","slug":"schema","status":"publish","type":"page","link":"https:\/\/kunskapsforbundet.se\/vuxenutbildningen\/schema\/","title":{"rendered":"Schema p\u00e5 Vuxenutbildningen"},"content":{"rendered":"\n<div class=\"pages__ingress pb-4 mb-0\"><p class=\"wp-block-ggb-block-feature__ingress\"><undefined>Vissa kurser och utbildningar kan ske p\u00e5 distans via Google Meet. F\u00f6r att se ditt personliga schema beh\u00f6ver du logga in med BankID.<\/undefined><\/p><\/div>\n\n\n\n<h2 class=\"wp-block-heading\">Schema p\u00e5 Vuxenutbildningen<\/h2>\n\n\n\n<p>F\u00f6r att se ditt personliga scheman via Skola 24 <strong>beh\u00f6ver du logga in med BankID<\/strong>. Ladda ner appen f\u00f6r Skola 24. Det \u00e4r appen som har en gr\u00f6n ring som ska laddas ner, se bild nedan. <em>Mer hj\u00e4lp kan du f\u00e5 under rubriken &#8221;Ladda ned ny app f\u00f6r  Skola24 &#8211; g\u00f6r s\u00e5 h\u00e4r&#8221; som du hittar nedan.<\/em><\/p>\n\n\n\n<h2 class=\"wp-block-heading\">Skola24 via extern webbplats<\/h2>\n\n\n\n<p><a href=\"https:\/\/kunskapsforbundetvast-sso.skola24.se\/\" target=\"_blank\" rel=\"noreferrer noopener\">Klicka h\u00e4r f\u00f6r Skola24<\/a><\/p>\n\n\n\n<hr class=\"wp-block-separator has-alpha-channel-opacity\"\/>\n\n\n\n<h3 class=\"wp-block-heading\">Du kan ha kurser p\u00e5 olika skolor i ditt schema.<\/h3>\n\n\n\n<p>Lektionssalar i ditt schema som b\u00f6rjar med:<\/p>\n\n\n\n<ul class=\"wp-block-list\">\n<li>VP = V\u00e4nerparken<\/li>\n\n\n\n<li>H = Haren (Haren ligger p\u00e5 Belfragegatan 5, andra sidan Edsv\u00e4gen j\u00e4mf\u00f6rt med V\u00e4nerparken. N\u00e4rmaste bussh\u00e5llplats heter V\u00e4nerskolan.)<\/li>\n\n\n\n<li>NE = Nils Ericsonsgymnasiet,<\/li>\n\n\n\n<li>BSG = Birger Sj\u00f6berggymnasiet<\/li>\n\n\n\n<li>M\u00c5G = Magnus \u00c5bergsgymnasiet<\/li>\n<\/ul>\n\n\n\n<hr class=\"wp-block-separator has-css-opacity\"\/>\n\n\n\n<p><strong>Ska du studera p\u00e5 Yrkesh\u00f6gskolan (YH)<\/strong><\/p>\n\n\n\n<ul class=\"wp-block-list\">\n<li>Yrkesh\u00f6gskolan f\u00e5r information genom utbildningsledare<\/li>\n<\/ul>\n","protected":false},"excerpt":{"rendered":"<p>Schema p\u00e5 Vuxenutbildningen F\u00f6r att se ditt personliga scheman via Skola 24 beh\u00f6ver du logga in med BankID. Ladda ner appen f\u00f6r Skola 24. Det \u00e4r appen som har en gr\u00f6n ring som ska laddas ner, se bild nedan. Mer hj\u00e4lp kan du f\u00e5 under rubriken &#8221;Ladda ned ny app f\u00f6r Skola24 &#8211; g\u00f6r s\u00e5 [&hellip;]<\/p>\n","protected":false},"author":7,"featured_media":7231,"parent":0,"menu_order":0,"comment_status":"closed","ping_status":"closed","template":"","meta":{"_acf_changed":false,"footnotes":""},"class_list":["post-698","page","type-page","status-publish","has-post-thumbnail","hentry"],"acf":[],"_links":{"self":[{"href":"https:\/\/kunskapsforbundet.se\/vuxenutbildningen\/wp-json\/wp\/v2\/pages\/698","targetHints":{"allow":["GET"]}}],"collection":[{"href":"https:\/\/kunskapsforbundet.se\/vuxenutbildningen\/wp-json\/wp\/v2\/pages"}],"about":[{"href":"https:\/\/kunskapsforbundet.se\/vuxenutbildningen\/wp-json\/wp\/v2\/types\/page"}],"author":[{"embeddable":true,"href":"https:\/\/kunskapsforbundet.se\/vuxenutbildningen\/wp-json\/wp\/v2\/users\/7"}],"replies":[{"embeddable":true,"href":"https:\/\/kunskapsforbundet.se\/vuxenutbildningen\/wp-json\/wp\/v2\/comments?post=698"}],"version-history":[{"count":110,"href":"https:\/\/kunskapsforbundet.se\/vuxenutbildningen\/wp-json\/wp\/v2\/pages\/698\/revisions"}],"predecessor-version":[{"id":27657,"href":"https:\/\/kunskapsforbundet.se\/vuxenutbildningen\/wp-json\/wp\/v2\/pages\/698\/revisions\/27657"}],"wp:featuredmedia":[{"embeddable":true,"href":"https:\/\/kunskapsforbundet.se\/vuxenutbildningen\/wp-json\/wp\/v2\/media\/7231"}],"wp:attachment":[{"href":"https:\/\/kunskapsforbundet.se\/vuxenutbildningen\/wp-json\/wp\/v2\/media?parent=698"}],"curies":[{"name":"wp","href":"https:\/\/api.w.org\/{rel}","templated":true}]}}