{"id":6116,"date":"2017-03-28T14:19:53","date_gmt":"2017-03-28T12:19:53","guid":{"rendered":"https:\/\/www.kunskapsforbundet.se\/vuxenutbildningen\/?page_id=6116"},"modified":"2021-07-05T14:26:39","modified_gmt":"2021-07-05T12:26:39","slug":"utokad-ratt-att-lasa-upp-behorighet-pa-komvux","status":"publish","type":"page","link":"https:\/\/kunskapsforbundet.se\/vuxenutbildningen\/utokad-ratt-att-lasa-upp-behorighet-pa-komvux\/","title":{"rendered":"Ut\u00f6kad r\u00e4tt att l\u00e4sa upp beh\u00f6righet p\u00e5 komvux"},"content":{"rendered":"\n<div class=\"pages__ingress pb-4 mb-0\"><p>Fr\u00e5n och med 1 januari 2017 finns det st\u00f6rre m\u00f6jligheter att g\u00e5 utbildningar p\u00e5 komvux f\u00f6r att bli beh\u00f6rig att s\u00f6ka till h\u00f6gskola eller yrkesh\u00f6gskola.<\/p><\/div>\n\n\n<p>De beh\u00f6righeter som kan l\u00e4sas in \u00e4r:<\/p>\n<ul>\n<li>grundl\u00e4ggande beh\u00f6righet till h\u00f6gskoleutbildning p\u00e5 grundniv\u00e5 som v\u00e4nder sig till nyb\u00f6rjare<\/li>\n<li>en eller flera s\u00e4rskilda beh\u00f6righeter till h\u00f6gskoleutbildning p\u00e5 grundniv\u00e5 som v\u00e4nder sig till nyb\u00f6rjare<\/li>\n<li>grundl\u00e4ggande beh\u00f6righet till yrkesh\u00f6gskola<\/li>\n<li>en eller flera s\u00e4rskilda kunskaper f\u00f6r utbildning p\u00e5 yrkesh\u00f6gskola.<\/li>\n<\/ul>\n<p>Eleven har r\u00e4tt att l\u00e4sa in flera beh\u00f6righeter men endast en i taget. Grundl\u00e4ggande beh\u00f6righet kr\u00e4vs innan man kan l\u00e4sa in en s\u00e4rskild beh\u00f6righet. Vad som \u00e4r s\u00e4rskild beh\u00f6righet f\u00f6r h\u00f6gskolan avg\u00f6rs av respektive l\u00e4ros\u00e4te.<\/p>\n<p>Hemkommunen har ansvaret f\u00f6r att erbjuda utbildningen eller betala f\u00f6r den i annan kommun eller annat landsting. Om det finns flera alternativa utbildningar best\u00e4mmer kommunen vilken utbildning som ska erbjudas.<\/p>\n<p>F\u00f6r att kunna anv\u00e4nda sig av r\u00e4tten att l\u00e4sa in grundl\u00e4ggande eller s\u00e4rskild beh\u00f6righet m\u00e5ste eleven vara beh\u00f6rig till utbildning p\u00e5 gymnasial niv\u00e5 (se skollagen 20 kap. 20\u00a7), det vill s\u00e4ga:<\/p>\n<ul>\n<li>vara \u00f6ver 20 \u00e5r eller ha avslutat en gymnasieutbildning<\/li>\n<li>vara folkbokf\u00f6rd i Sverige<\/li>\n<li>ha f\u00f6ruts\u00e4ttningar f\u00f6r att kunna tillgodog\u00f6ra sig undervisningen<\/li>\n<\/ul>\n<p><a href=\"http:\/\/www.riksdagen.se\/sv\/dokument-lagar\/dokument\/svensk-forfattningssamling\/skollag-2010800_sfs-2010-800#K20\" target=\"_blank\" rel=\"noopener\">De nya reglerna om r\u00e4tt att delta i utbildning p\u00e5 gymnasial niv\u00e5 st\u00e5r i skollagen 20 kap. 19\u00a7<\/a><\/p>","protected":false},"excerpt":{"rendered":"<p>De beh\u00f6righeter som kan l\u00e4sas in \u00e4r: grundl\u00e4ggande beh\u00f6righet till h\u00f6gskoleutbildning p\u00e5 grundniv\u00e5 som v\u00e4nder sig till nyb\u00f6rjare en eller flera s\u00e4rskilda beh\u00f6righeter till h\u00f6gskoleutbildning p\u00e5 grundniv\u00e5 som v\u00e4nder sig till nyb\u00f6rjare grundl\u00e4ggande beh\u00f6righet till yrkesh\u00f6gskola en eller flera s\u00e4rskilda kunskaper f\u00f6r utbildning p\u00e5 yrkesh\u00f6gskola. Eleven har r\u00e4tt att l\u00e4sa in flera beh\u00f6righeter men endast [&hellip;]<\/p>\n","protected":false},"author":8,"featured_media":0,"parent":0,"menu_order":0,"comment_status":"closed","ping_status":"closed","template":"","meta":{"_acf_changed":false,"footnotes":""},"class_list":["post-6116","page","type-page","status-publish","hentry"],"acf":[],"_links":{"self":[{"href":"https:\/\/kunskapsforbundet.se\/vuxenutbildningen\/wp-json\/wp\/v2\/pages\/6116","targetHints":{"allow":["GET"]}}],"collection":[{"href":"https:\/\/kunskapsforbundet.se\/vuxenutbildningen\/wp-json\/wp\/v2\/pages"}],"about":[{"href":"https:\/\/kunskapsforbundet.se\/vuxenutbildningen\/wp-json\/wp\/v2\/types\/page"}],"author":[{"embeddable":true,"href":"https:\/\/kunskapsforbundet.se\/vuxenutbildningen\/wp-json\/wp\/v2\/users\/8"}],"replies":[{"embeddable":true,"href":"https:\/\/kunskapsforbundet.se\/vuxenutbildningen\/wp-json\/wp\/v2\/comments?post=6116"}],"version-history":[{"count":3,"href":"https:\/\/kunskapsforbundet.se\/vuxenutbildningen\/wp-json\/wp\/v2\/pages\/6116\/revisions"}],"predecessor-version":[{"id":12564,"href":"https:\/\/kunskapsforbundet.se\/vuxenutbildningen\/wp-json\/wp\/v2\/pages\/6116\/revisions\/12564"}],"wp:attachment":[{"href":"https:\/\/kunskapsforbundet.se\/vuxenutbildningen\/wp-json\/wp\/v2\/media?parent=6116"}],"curies":[{"name":"wp","href":"https:\/\/api.w.org\/{rel}","templated":true}]}}