{"id":556,"date":"2014-08-29T15:06:27","date_gmt":"2014-08-29T13:06:27","guid":{"rendered":"https:\/\/www.kunskapsforbundet.se\/vuxenutbildningen\/?page_id=556"},"modified":"2021-09-15T10:24:24","modified_gmt":"2021-09-15T08:24:24","slug":"hitta-till-oss","status":"publish","type":"page","link":"https:\/\/kunskapsforbundet.se\/vuxenutbildningen\/hitta-till-oss\/","title":{"rendered":"Hitta till oss"},"content":{"rendered":"<h3>Postadress till Vuxenutbildningen<\/h3>\n<ul>\n<li>Vuxenutbildningen, Box 317, 462 24 V\u00e4nersborg<\/li>\n<\/ul>\n<hr \/>\n<h3>Bes\u00f6ksadress V\u00e4nersborg<\/h3>\n<ul>\n<li>Vuxenutbildningen V\u00e4nersborg: V\u00e4nerparken 5, V\u00e4nersborg<\/li>\n<li><a href=\"https:\/\/www.google.se\/maps\/place\/V%C3%84NERPARKEN+5,+462+35+V%C3%A4nersborg\/@58.3762368,12.3159523,17z\/data=!3m1!4b1!4m5!3m4!1s0x464523aaf89679e9:0xb1589905302189b3!8m2!3d58.3762368!4d12.318141\" target=\"_blank\" rel=\"noopener noreferrer\">Se p\u00e5 karta<\/a><\/li>\n<\/ul>\n<h3>N\u00e5gra kurser p\u00e5 plats i Trollh\u00e4ttan<\/h3>\n<p>Om du l\u00e4ser n\u00e5gon av kurserna: <strong>Biologi 1 &amp; 2, Kemi 1 &amp; 2 eller Fysik 1 &amp; 2<\/strong> s\u00e5 sker dessa i Trollh\u00e4ttan.<\/p>\n<ul>\n<li>Vuxenutbildningen Trollh\u00e4ttan: G\u00e4rdhemsv\u00e4gen 27, Trollh\u00e4ttan (Nils Ericsonsgymnasiet)<\/li>\n<\/ul>\n<hr \/>\n<h3>Telefon<\/h3>\n<p>Kunskapsf\u00f6rbundets v\u00e4xel: 0521-72 27 40<\/p>\n","protected":false},"excerpt":{"rendered":"<p>Postadress till Vuxenutbildningen Vuxenutbildningen, Box 317, 462 24 V\u00e4nersborg Bes\u00f6ksadress V\u00e4nersborg Vuxenutbildningen V\u00e4nersborg: V\u00e4nerparken 5, V\u00e4nersborg Se p\u00e5 karta N\u00e5gra kurser p\u00e5 plats i Trollh\u00e4ttan Om du l\u00e4ser n\u00e5gon av kurserna: Biologi 1 &amp; 2, Kemi 1 &amp; 2 eller Fysik 1 &amp; 2 s\u00e5 sker dessa i Trollh\u00e4ttan. Vuxenutbildningen Trollh\u00e4ttan: G\u00e4rdhemsv\u00e4gen 27, Trollh\u00e4ttan (Nils [&hellip;]<\/p>\n","protected":false},"author":7,"featured_media":0,"parent":0,"menu_order":0,"comment_status":"closed","ping_status":"closed","template":"","meta":{"_acf_changed":false,"footnotes":""},"class_list":["post-556","page","type-page","status-publish","hentry"],"acf":[],"_links":{"self":[{"href":"https:\/\/kunskapsforbundet.se\/vuxenutbildningen\/wp-json\/wp\/v2\/pages\/556","targetHints":{"allow":["GET"]}}],"collection":[{"href":"https:\/\/kunskapsforbundet.se\/vuxenutbildningen\/wp-json\/wp\/v2\/pages"}],"about":[{"href":"https:\/\/kunskapsforbundet.se\/vuxenutbildningen\/wp-json\/wp\/v2\/types\/page"}],"author":[{"embeddable":true,"href":"https:\/\/kunskapsforbundet.se\/vuxenutbildningen\/wp-json\/wp\/v2\/users\/7"}],"replies":[{"embeddable":true,"href":"https:\/\/kunskapsforbundet.se\/vuxenutbildningen\/wp-json\/wp\/v2\/comments?post=556"}],"version-history":[{"count":28,"href":"https:\/\/kunskapsforbundet.se\/vuxenutbildningen\/wp-json\/wp\/v2\/pages\/556\/revisions"}],"predecessor-version":[{"id":13349,"href":"https:\/\/kunskapsforbundet.se\/vuxenutbildningen\/wp-json\/wp\/v2\/pages\/556\/revisions\/13349"}],"wp:attachment":[{"href":"https:\/\/kunskapsforbundet.se\/vuxenutbildningen\/wp-json\/wp\/v2\/media?parent=556"}],"curies":[{"name":"wp","href":"https:\/\/api.w.org\/{rel}","templated":true}]}}