{"id":5080,"date":"2016-05-24T11:36:33","date_gmt":"2016-05-24T09:36:33","guid":{"rendered":"https:\/\/www.kunskapsforbundet.se\/vuxenutbildningen\/?page_id=5080"},"modified":"2021-09-16T16:55:53","modified_gmt":"2021-09-16T14:55:53","slug":"projekt-erasmus","status":"publish","type":"page","link":"https:\/\/kunskapsforbundet.se\/vuxenutbildningen\/projekt-erasmus\/","title":{"rendered":"Projekt | Erasmus+"},"content":{"rendered":"\n<div class=\"pages__ingress pb-4 mb-0\"><p>V\u00e4gen till utbyte i Europa f\u00f6r studerande och anst\u00e4llda inom yrkesutbildning.<\/p><\/div>\n\n\n<p><\/p>\n<p><img loading=\"lazy\" decoding=\"async\" class=\"img-responsive img-responsive alignleft wp-image-5109 size-full\" src=\"https:\/\/www.kunskapsforbundet.se\/vuxenutbildningen\/wp-content\/uploads\/sites\/6\/2016\/05\/erasmus_loggor1.jpg\" alt=\"erasmus+_loggor1\" width=\"1004\" height=\"144\" srcset=\"https:\/\/kunskapsforbundet.se\/app\/uploads\/sites\/6\/2016\/05\/erasmus_loggor1.jpg 1004w, https:\/\/kunskapsforbundet.se\/app\/uploads\/sites\/6\/2016\/05\/erasmus_loggor1-300x43.jpg 300w, https:\/\/kunskapsforbundet.se\/app\/uploads\/sites\/6\/2016\/05\/erasmus_loggor1-768x110.jpg 768w, https:\/\/kunskapsforbundet.se\/app\/uploads\/sites\/6\/2016\/05\/erasmus_loggor1-360x52.jpg 360w, https:\/\/kunskapsforbundet.se\/app\/uploads\/sites\/6\/2016\/05\/erasmus_loggor1-555x80.jpg 555w, https:\/\/kunskapsforbundet.se\/app\/uploads\/sites\/6\/2016\/05\/erasmus_loggor1-750x108.jpg 750w, https:\/\/kunskapsforbundet.se\/app\/uploads\/sites\/6\/2016\/05\/erasmus_loggor1-200x29.jpg 200w\" sizes=\"auto, (max-width: 1004px) 100vw, 1004px\" \/>Vuxenutbildningen deltar i ett Erasmus+ mobilitetsprojekt som m\u00f6jligg\u00f6r f\u00f6r elever inom Yrkesh\u00f6gskolan (YH)&nbsp;och anst\u00e4llda inom Yrkesh\u00f6gskolan&nbsp;och SFI, att utveckla sina yrkeskunskaper genom en resa till ett annat Europeiskt land.<\/p>\n<p>Syftet med Erasmus+ mobilitet \u00e4r en \u00f6kad kompetensutveckling och yrkesskicklighet, samt en f\u00f6rb\u00e4ttrad kvalitet i undervisningen. Elever kan g\u00f6ra sin praktik inom ramen f\u00f6r sin utbildning och anst\u00e4llda kan jobbskugga kollegor inom deras kompetensomr\u00e5de.&nbsp;Under nuvarande projektperioden finns totalt 23 platser. Vissa av dessa \u00e4r redan anv\u00e4nda.<\/p>\n<p>Projektets prioriteringsomr\u00e5den \u00e4r:<\/p>\n<ul>\n<li>V\u00e5rd &amp; Omsorg<\/li>\n<li>Hotell, restaurang &amp; turism<\/li>\n<li>Teknik &amp; F\u00f6rnyelsebar energi<\/li>\n<li>IKT \u2013 Informations &amp; kommunikationsteknik<\/li>\n<li>SFI kopplat till yrkesutbildning<\/li>\n<\/ul>\n<p>\u00c4r du som elev nyfiken p\u00e5 dina m\u00f6jligheter att praktisera utomlands under din studietid? Eller har du som anst\u00e4lld en id\u00e9 om en vuxenutbildning eller annan organisation som du och dina kollegor skulle kunna f\u00e5 ett v\u00e4rdefullt utbyte av? Kontakta Rebecka Hellman f\u00f6r mer information om Erasmus+ mobilitet.<\/p>\n<p><\/p>","protected":false},"excerpt":{"rendered":"<p>Vuxenutbildningen deltar i ett Erasmus+ mobilitetsprojekt som m\u00f6jligg\u00f6r f\u00f6r elever inom Yrkesh\u00f6gskolan (YH)&nbsp;och anst\u00e4llda inom Yrkesh\u00f6gskolan&nbsp;och SFI, att utveckla sina yrkeskunskaper genom en resa till ett annat Europeiskt land. Syftet med Erasmus+ mobilitet \u00e4r en \u00f6kad kompetensutveckling och yrkesskicklighet, samt en f\u00f6rb\u00e4ttrad kvalitet i undervisningen. Elever kan g\u00f6ra sin praktik inom ramen f\u00f6r sin utbildning [&hellip;]<\/p>\n","protected":false},"author":7,"featured_media":0,"parent":0,"menu_order":0,"comment_status":"closed","ping_status":"closed","template":"","meta":{"_acf_changed":false,"footnotes":""},"class_list":["post-5080","page","type-page","status-publish","hentry"],"acf":[],"_links":{"self":[{"href":"https:\/\/kunskapsforbundet.se\/vuxenutbildningen\/wp-json\/wp\/v2\/pages\/5080","targetHints":{"allow":["GET"]}}],"collection":[{"href":"https:\/\/kunskapsforbundet.se\/vuxenutbildningen\/wp-json\/wp\/v2\/pages"}],"about":[{"href":"https:\/\/kunskapsforbundet.se\/vuxenutbildningen\/wp-json\/wp\/v2\/types\/page"}],"author":[{"embeddable":true,"href":"https:\/\/kunskapsforbundet.se\/vuxenutbildningen\/wp-json\/wp\/v2\/users\/7"}],"replies":[{"embeddable":true,"href":"https:\/\/kunskapsforbundet.se\/vuxenutbildningen\/wp-json\/wp\/v2\/comments?post=5080"}],"version-history":[{"count":14,"href":"https:\/\/kunskapsforbundet.se\/vuxenutbildningen\/wp-json\/wp\/v2\/pages\/5080\/revisions"}],"predecessor-version":[{"id":13486,"href":"https:\/\/kunskapsforbundet.se\/vuxenutbildningen\/wp-json\/wp\/v2\/pages\/5080\/revisions\/13486"}],"wp:attachment":[{"href":"https:\/\/kunskapsforbundet.se\/vuxenutbildningen\/wp-json\/wp\/v2\/media?parent=5080"}],"curies":[{"name":"wp","href":"https:\/\/api.w.org\/{rel}","templated":true}]}}