{"id":507,"date":"2014-08-29T14:30:06","date_gmt":"2014-08-29T12:30:06","guid":{"rendered":"https:\/\/www.kunskapsforbundet.se\/vuxenutbildningen\/?page_id=507"},"modified":"2026-01-28T15:51:22","modified_gmt":"2026-01-28T14:51:22","slug":"studieekonomi","status":"publish","type":"page","link":"https:\/\/kunskapsforbundet.se\/vuxenutbildningen\/studieekonomi\/","title":{"rendered":"Studieekonomi"},"content":{"rendered":"\n<div class=\"pages__ingress pb-4 mb-0\"><p>H\u00e4r kan du l\u00e4sa mer om hur det fungerar med studieekonomi under din studietid.<\/p><\/div>\n\n\n<p>Om du vill veta mer om studieekonomi \u00e4r du v\u00e4lkommen att kontakta studie- och yrkesv\u00e4gledarna p\u00e5 vuxenutbildningen.<\/p>","protected":false},"excerpt":{"rendered":"<p>Om du vill veta mer om studieekonomi \u00e4r du v\u00e4lkommen att kontakta studie- och yrkesv\u00e4gledarna p\u00e5 vuxenutbildningen. Du kan f\u00e5 studiehj\u00e4lp fram till f\u00f6rsta halv\u00e5ret du fyller 20 \u00e5r om du l\u00e4ser heltid. Ans\u00f6kan beh\u00f6ver inte g\u00f6ras. Fr\u00e5n och med h\u00f6sten det \u00e5r du fyller 20 kan du f\u00e5 studiemedel om du uppfyller villkoren f\u00f6r [&hellip;]<\/p>\n","protected":false},"author":7,"featured_media":0,"parent":0,"menu_order":0,"comment_status":"closed","ping_status":"closed","template":"","meta":{"_acf_changed":false,"footnotes":""},"class_list":["post-507","page","type-page","status-publish","hentry"],"acf":[],"_links":{"self":[{"href":"https:\/\/kunskapsforbundet.se\/vuxenutbildningen\/wp-json\/wp\/v2\/pages\/507","targetHints":{"allow":["GET"]}}],"collection":[{"href":"https:\/\/kunskapsforbundet.se\/vuxenutbildningen\/wp-json\/wp\/v2\/pages"}],"about":[{"href":"https:\/\/kunskapsforbundet.se\/vuxenutbildningen\/wp-json\/wp\/v2\/types\/page"}],"author":[{"embeddable":true,"href":"https:\/\/kunskapsforbundet.se\/vuxenutbildningen\/wp-json\/wp\/v2\/users\/7"}],"replies":[{"embeddable":true,"href":"https:\/\/kunskapsforbundet.se\/vuxenutbildningen\/wp-json\/wp\/v2\/comments?post=507"}],"version-history":[{"count":17,"href":"https:\/\/kunskapsforbundet.se\/vuxenutbildningen\/wp-json\/wp\/v2\/pages\/507\/revisions"}],"predecessor-version":[{"id":28374,"href":"https:\/\/kunskapsforbundet.se\/vuxenutbildningen\/wp-json\/wp\/v2\/pages\/507\/revisions\/28374"}],"wp:attachment":[{"href":"https:\/\/kunskapsforbundet.se\/vuxenutbildningen\/wp-json\/wp\/v2\/media?parent=507"}],"curies":[{"name":"wp","href":"https:\/\/api.w.org\/{rel}","templated":true}]}}