{"id":503,"date":"2014-08-29T14:28:48","date_gmt":"2014-08-29T12:28:48","guid":{"rendered":"https:\/\/www.kunskapsforbundet.se\/vuxenutbildningen\/?page_id=503"},"modified":"2021-09-14T17:11:13","modified_gmt":"2021-09-14T15:11:13","slug":"forkunskaper","status":"publish","type":"page","link":"https:\/\/kunskapsforbundet.se\/vuxenutbildningen\/forkunskaper\/","title":{"rendered":"F\u00f6rkunskaper"},"content":{"rendered":"\n<div class=\"pages__ingress pb-4 mb-0\"><p>F\u00f6r att du ska klara dina studier kan du beh\u00f6va vissa f\u00f6rkunskaper.<\/p><\/div>\n\n\n<p>F\u00f6r att styrka dina f\u00f6rkunskaper ska&nbsp;du l\u00e4mna in dina betyg. <strong>\u00c4r du os\u00e4ker p\u00e5 dina&nbsp;f\u00f6rkunskaper s\u00e5 kan du kontakta studiev\u00e4gledningen <\/strong>f\u00f6r hj\u00e4lp med bed\u00f6mning.<\/p>","protected":false},"excerpt":{"rendered":"<p>F\u00f6r att styrka dina f\u00f6rkunskaper ska&nbsp;du l\u00e4mna in dina betyg. \u00c4r du os\u00e4ker p\u00e5 dina&nbsp;f\u00f6rkunskaper s\u00e5 kan du kontakta studiev\u00e4gledningen f\u00f6r hj\u00e4lp med bed\u00f6mning.<\/p>\n","protected":false},"author":7,"featured_media":0,"parent":0,"menu_order":0,"comment_status":"closed","ping_status":"closed","template":"","meta":{"_acf_changed":false,"footnotes":""},"class_list":["post-503","page","type-page","status-publish","hentry"],"acf":[],"_links":{"self":[{"href":"https:\/\/kunskapsforbundet.se\/vuxenutbildningen\/wp-json\/wp\/v2\/pages\/503","targetHints":{"allow":["GET"]}}],"collection":[{"href":"https:\/\/kunskapsforbundet.se\/vuxenutbildningen\/wp-json\/wp\/v2\/pages"}],"about":[{"href":"https:\/\/kunskapsforbundet.se\/vuxenutbildningen\/wp-json\/wp\/v2\/types\/page"}],"author":[{"embeddable":true,"href":"https:\/\/kunskapsforbundet.se\/vuxenutbildningen\/wp-json\/wp\/v2\/users\/7"}],"replies":[{"embeddable":true,"href":"https:\/\/kunskapsforbundet.se\/vuxenutbildningen\/wp-json\/wp\/v2\/comments?post=503"}],"version-history":[{"count":9,"href":"https:\/\/kunskapsforbundet.se\/vuxenutbildningen\/wp-json\/wp\/v2\/pages\/503\/revisions"}],"predecessor-version":[{"id":13316,"href":"https:\/\/kunskapsforbundet.se\/vuxenutbildningen\/wp-json\/wp\/v2\/pages\/503\/revisions\/13316"}],"wp:attachment":[{"href":"https:\/\/kunskapsforbundet.se\/vuxenutbildningen\/wp-json\/wp\/v2\/media?parent=503"}],"curies":[{"name":"wp","href":"https:\/\/api.w.org\/{rel}","templated":true}]}}