{"id":499,"date":"2014-08-29T14:27:43","date_gmt":"2014-08-29T12:27:43","guid":{"rendered":"https:\/\/www.kunskapsforbundet.se\/vuxenutbildningen\/?page_id=499"},"modified":"2021-09-03T14:17:45","modified_gmt":"2021-09-03T12:17:45","slug":"tester-for-startniva","status":"publish","type":"page","link":"https:\/\/kunskapsforbundet.se\/vuxenutbildningen\/tester-for-startniva\/","title":{"rendered":"Tester f\u00f6r startniv\u00e5"},"content":{"rendered":"\n<div class=\"pages__ingress pb-4 mb-0\"><p>Sj\u00e4lvskattning inf\u00f6r studier i matematik och engelska.<\/p><\/div>\n\n\n<p><a href=\"https:\/\/www.kunskapsforbundet.se\/vuxenutbildningen\/wp-content\/uploads\/sites\/6\/2014\/08\/Alla_Tester.jpg\"><img loading=\"lazy\" decoding=\"async\" class=\"img-responsive img-responsive alignnone wp-image-1803 size-full\" src=\"https:\/\/www.kunskapsforbundet.se\/vuxenutbildningen\/wp-content\/uploads\/sites\/6\/2014\/08\/Alla_Tester.jpg\" alt=\"Bilder diagnostiska tester\" width=\"553\" height=\"423\" srcset=\"https:\/\/kunskapsforbundet.se\/app\/uploads\/sites\/6\/2014\/08\/Alla_Tester.jpg 553w, https:\/\/kunskapsforbundet.se\/app\/uploads\/sites\/6\/2014\/08\/Alla_Tester-300x229.jpg 300w, https:\/\/kunskapsforbundet.se\/app\/uploads\/sites\/6\/2014\/08\/Alla_Tester-360x275.jpg 360w, https:\/\/kunskapsforbundet.se\/app\/uploads\/sites\/6\/2014\/08\/Alla_Tester-200x152.jpg 200w\" sizes=\"auto, (max-width: 553px) 100vw, 553px\" \/><\/a><\/p>\n<p>H\u00e4r nedan kan du hitta korta tester i matematik och engelska. G\u00f6r testet i lugn och ro och r\u00e4tta det. Resultaten ligger inte till grund f\u00f6r beh\u00f6righet eller antagning. Det \u00e4r endast till f\u00f6r en sj\u00e4lvskattning.<\/p>\n\n\n<p><\/p>\n","protected":false},"excerpt":{"rendered":"<p>H\u00e4r nedan kan du hitta korta tester i matematik och engelska. G\u00f6r testet i lugn och ro och r\u00e4tta det. Resultaten ligger inte till grund f\u00f6r beh\u00f6righet eller antagning. Det \u00e4r endast till f\u00f6r en sj\u00e4lvskattning.<\/p>\n","protected":false},"author":7,"featured_media":0,"parent":0,"menu_order":0,"comment_status":"closed","ping_status":"closed","template":"","meta":{"_acf_changed":false,"footnotes":""},"class_list":["post-499","page","type-page","status-publish","hentry"],"acf":[],"_links":{"self":[{"href":"https:\/\/kunskapsforbundet.se\/vuxenutbildningen\/wp-json\/wp\/v2\/pages\/499","targetHints":{"allow":["GET"]}}],"collection":[{"href":"https:\/\/kunskapsforbundet.se\/vuxenutbildningen\/wp-json\/wp\/v2\/pages"}],"about":[{"href":"https:\/\/kunskapsforbundet.se\/vuxenutbildningen\/wp-json\/wp\/v2\/types\/page"}],"author":[{"embeddable":true,"href":"https:\/\/kunskapsforbundet.se\/vuxenutbildningen\/wp-json\/wp\/v2\/users\/7"}],"replies":[{"embeddable":true,"href":"https:\/\/kunskapsforbundet.se\/vuxenutbildningen\/wp-json\/wp\/v2\/comments?post=499"}],"version-history":[{"count":17,"href":"https:\/\/kunskapsforbundet.se\/vuxenutbildningen\/wp-json\/wp\/v2\/pages\/499\/revisions"}],"predecessor-version":[{"id":13005,"href":"https:\/\/kunskapsforbundet.se\/vuxenutbildningen\/wp-json\/wp\/v2\/pages\/499\/revisions\/13005"}],"wp:attachment":[{"href":"https:\/\/kunskapsforbundet.se\/vuxenutbildningen\/wp-json\/wp\/v2\/media?parent=499"}],"curies":[{"name":"wp","href":"https:\/\/api.w.org\/{rel}","templated":true}]}}