{"id":497,"date":"2014-08-29T14:27:02","date_gmt":"2014-08-29T12:27:02","guid":{"rendered":"https:\/\/www.kunskapsforbundet.se\/vuxenutbildningen\/?page_id=497"},"modified":"2025-03-13T12:57:11","modified_gmt":"2025-03-13T11:57:11","slug":"kurator","status":"publish","type":"page","link":"https:\/\/kunskapsforbundet.se\/vuxenutbildningen\/kurator\/","title":{"rendered":"Kurator"},"content":{"rendered":"\n<div class=\"pages__ingress pb-4 mb-0\"><p class=\"wp-block-ggb-block-feature__ingress\">Kurator \u00e4r en del av Vuxenutbildningens elevst\u00f6dteam. Du kan kontakta kurator f\u00f6r ett samtal om din studiesituation eller om det \u00e4r n\u00e5got annat som p\u00e5verkar dina studier.<\/p><\/div>\n\n\n\n<p>P\u00e5 Vuxenutbildningen finns en kurator som \u00e4r till f\u00f6r dig som vill prata med n\u00e5gon. Du kan f\u00e5 hj\u00e4lp, st\u00f6d och r\u00e5d med olika problem som du kan m\u00f6ta i skolan, hemma eller p\u00e5 din fritid. <\/p>\n\n\n\n<p>Exempel p\u00e5 st\u00f6d kan vara studiemotiverande samtal, st\u00f6d i kontakten med v\u00e5rd, information om st\u00f6d hos andra samh\u00e4llsakt\u00f6rer eller annat som ger dig verktyg att hantera din livssituation under studietiden. En kurator&nbsp;har tystnadsplikt vilket betyder att allt du ber\u00e4ttar stannar mellan dig och kuratorn, om ni inte kommer \u00f6verens om n\u00e5got annat.&nbsp;Kuratorn kan ocks\u00e5 hj\u00e4lpa till med att f\u00f6rmedla kontakt med andra som kan hj\u00e4lpa dig. <\/p>\n\n\n\n<p>Om du har en funktionsneds\u00e4ttning som p\u00e5verkar dina studier kan du&nbsp;tillsammans med kurator g\u00f6ra upp en handlingsplan f\u00f6r att \u00f6ka dina m\u00f6jligheter till ett bra resultat med dina studier.<\/p>\n\n\n\n<h2 class=\"wp-block-heading\">Boka tid f\u00f6r samtal med kurator<\/h2>\n\n\n\n<p>Anv\u00e4nd e-tj\u00e4nsten nedan om du beh\u00f6ver komma i kontakt med kurator. Beskriv din fr\u00e5ga kortfattat s\u00e5 \u00e5terkommer vi till dig s\u00e5 fort vi kan med svar.<\/p>\n\n\n\n<div class=\"wp-block-buttons is-layout-flex wp-block-buttons-is-layout-flex\">\n<div class=\"wp-block-button has-custom-width wp-block-button__width-100\"><a class=\"wp-block-button__link has-black-color has-text-color has-background has-link-color wp-element-button\" href=\"https:\/\/minasidor.kunskapsforbundet.se\/192\" style=\"border-radius:0px;background-color:#9f8fca\">Kontakta eller boka tid f\u00f6r samtal med kurator h\u00e4r (e-tj\u00e4nst)<\/a><\/div>\n<\/div>\n\n\n\n<p class=\"has-small-font-size\">Samtal kan ske p\u00e5 plats eller via telefon<\/p>\n\n\n\n<h2 class=\"wp-block-heading\">Plan mot kr\u00e4nkande behandling och diskriminering<\/h2>\n\n\n\n<p>Vuxenutbildningen har en<a href=\"https:\/\/kunskapsforbundet.se\/vuxenutbildningen\/likabehandlingsplan\/\"> plan mot kr\u00e4nkade behandling och diskriminering<\/a>. I den kan du l\u00e4sa hur vi arbetar f\u00f6r att din studiemilj\u00f6 skall vara fri fr\u00e5n mobbning, rasism, kr\u00e4nkande behandling, v\u00e5ld och annan kriminalitet. Du \u00e4r v\u00e4lkommen att kontakta kurator om du har fr\u00e5gor eller funderingar om denna.<\/p>\n\n\n<\/p>\n<p><\/p>","protected":false},"excerpt":{"rendered":"<p>P\u00e5 Vuxenutbildningen finns en kurator som \u00e4r till f\u00f6r dig som vill prata med n\u00e5gon. Du kan f\u00e5 hj\u00e4lp, st\u00f6d och r\u00e5d med olika problem som du kan m\u00f6ta i skolan, hemma eller p\u00e5 din fritid. Exempel p\u00e5 st\u00f6d kan vara studiemotiverande samtal, st\u00f6d i kontakten med v\u00e5rd, information om st\u00f6d hos andra samh\u00e4llsakt\u00f6rer eller [&hellip;]<\/p>\n","protected":false},"author":7,"featured_media":21292,"parent":0,"menu_order":0,"comment_status":"closed","ping_status":"closed","template":"","meta":{"_acf_changed":false,"footnotes":""},"class_list":["post-497","page","type-page","status-publish","has-post-thumbnail","hentry"],"acf":[],"_links":{"self":[{"href":"https:\/\/kunskapsforbundet.se\/vuxenutbildningen\/wp-json\/wp\/v2\/pages\/497","targetHints":{"allow":["GET"]}}],"collection":[{"href":"https:\/\/kunskapsforbundet.se\/vuxenutbildningen\/wp-json\/wp\/v2\/pages"}],"about":[{"href":"https:\/\/kunskapsforbundet.se\/vuxenutbildningen\/wp-json\/wp\/v2\/types\/page"}],"author":[{"embeddable":true,"href":"https:\/\/kunskapsforbundet.se\/vuxenutbildningen\/wp-json\/wp\/v2\/users\/7"}],"replies":[{"embeddable":true,"href":"https:\/\/kunskapsforbundet.se\/vuxenutbildningen\/wp-json\/wp\/v2\/comments?post=497"}],"version-history":[{"count":45,"href":"https:\/\/kunskapsforbundet.se\/vuxenutbildningen\/wp-json\/wp\/v2\/pages\/497\/revisions"}],"predecessor-version":[{"id":25081,"href":"https:\/\/kunskapsforbundet.se\/vuxenutbildningen\/wp-json\/wp\/v2\/pages\/497\/revisions\/25081"}],"wp:featuredmedia":[{"embeddable":true,"href":"https:\/\/kunskapsforbundet.se\/vuxenutbildningen\/wp-json\/wp\/v2\/media\/21292"}],"wp:attachment":[{"href":"https:\/\/kunskapsforbundet.se\/vuxenutbildningen\/wp-json\/wp\/v2\/media?parent=497"}],"curies":[{"name":"wp","href":"https:\/\/api.w.org\/{rel}","templated":true}]}}