{"id":493,"date":"2014-08-29T14:25:25","date_gmt":"2014-08-29T12:25:25","guid":{"rendered":"https:\/\/www.kunskapsforbundet.se\/vuxenutbildningen\/?page_id=493"},"modified":"2026-03-24T09:01:16","modified_gmt":"2026-03-24T08:01:16","slug":"likabehandlingsplan","status":"publish","type":"page","link":"https:\/\/kunskapsforbundet.se\/vuxenutbildningen\/likabehandlingsplan\/","title":{"rendered":"Plan mot kr\u00e4nkande behandling och diskriminering"},"content":{"rendered":"\n<div class=\"pages__ingress pb-4 mb-0\"><p class=\"wp-block-ggb-block-feature__ingress\">H\u00e4r kan du ta del av Vuxenutbildningens \u00e5tg\u00e4rdsplan f\u00f6r att f\u00f6rebygga och f\u00f6rhindra diskriminering, trakasserier och kr\u00e4nkning, av elever &#038; personal.<\/p><\/div>\n\n\n\n<p>Inom vuxenutbildningen verkar vi f\u00f6r att f\u00f6rebygga och bedriva ett aktivt och m\u00e5linriktat arbete f\u00f6r att f\u00f6rhindra alla former av diskriminering, trakasserier och kr\u00e4nkande behandling. V\u00e5rt m\u00e5l \u00e4r att varje individ ska k\u00e4nna trygghet och bli korrekt behandlad av personal och andra elever. Kr\u00e4nkningar ska rapporteras, \u00e5tg\u00e4rdas, och dokumenteras.<\/p>\n\n\n\n<p>Om du har \u00e4renden som g\u00e4ller planen mot kr\u00e4nkande behandling och diskriminering ska du kontakta vuxenutbildningens kurator.<\/p>\n","protected":false},"excerpt":{"rendered":"<p>Inom vuxenutbildningen verkar vi f\u00f6r att f\u00f6rebygga och bedriva ett aktivt och m\u00e5linriktat arbete f\u00f6r att f\u00f6rhindra alla former av diskriminering, trakasserier och kr\u00e4nkande behandling. V\u00e5rt m\u00e5l \u00e4r att varje individ ska k\u00e4nna trygghet och bli korrekt behandlad av personal och andra elever. Kr\u00e4nkningar ska rapporteras, \u00e5tg\u00e4rdas, och dokumenteras. Om du har \u00e4renden som g\u00e4ller [&hellip;]<\/p>\n","protected":false},"author":7,"featured_media":0,"parent":0,"menu_order":0,"comment_status":"closed","ping_status":"closed","template":"","meta":{"_acf_changed":false,"footnotes":""},"class_list":["post-493","page","type-page","status-publish","hentry"],"acf":[],"_links":{"self":[{"href":"https:\/\/kunskapsforbundet.se\/vuxenutbildningen\/wp-json\/wp\/v2\/pages\/493","targetHints":{"allow":["GET"]}}],"collection":[{"href":"https:\/\/kunskapsforbundet.se\/vuxenutbildningen\/wp-json\/wp\/v2\/pages"}],"about":[{"href":"https:\/\/kunskapsforbundet.se\/vuxenutbildningen\/wp-json\/wp\/v2\/types\/page"}],"author":[{"embeddable":true,"href":"https:\/\/kunskapsforbundet.se\/vuxenutbildningen\/wp-json\/wp\/v2\/users\/7"}],"replies":[{"embeddable":true,"href":"https:\/\/kunskapsforbundet.se\/vuxenutbildningen\/wp-json\/wp\/v2\/comments?post=493"}],"version-history":[{"count":22,"href":"https:\/\/kunskapsforbundet.se\/vuxenutbildningen\/wp-json\/wp\/v2\/pages\/493\/revisions"}],"predecessor-version":[{"id":29664,"href":"https:\/\/kunskapsforbundet.se\/vuxenutbildningen\/wp-json\/wp\/v2\/pages\/493\/revisions\/29664"}],"wp:attachment":[{"href":"https:\/\/kunskapsforbundet.se\/vuxenutbildningen\/wp-json\/wp\/v2\/media?parent=493"}],"curies":[{"name":"wp","href":"https:\/\/api.w.org\/{rel}","templated":true}]}}