{"id":489,"date":"2014-08-29T14:24:17","date_gmt":"2014-08-29T12:24:17","guid":{"rendered":"https:\/\/www.kunskapsforbundet.se\/vuxenutbildningen\/?page_id=489"},"modified":"2026-03-24T10:03:51","modified_gmt":"2026-03-24T09:03:51","slug":"kurslitteratur","status":"publish","type":"page","link":"https:\/\/kunskapsforbundet.se\/vuxenutbildningen\/kurslitteratur\/","title":{"rendered":"Studielitteratur p\u00e5 Komvux"},"content":{"rendered":"\n<div class=\"pages__ingress pb-4 mb-0\"><p class=\"wp-block-ggb-block-feature__ingress\">H\u00e4r f\u00e5r du veta lite mer om din studielitteratur inf\u00f6r dina vuxenstudier.<\/p><\/div>\n\n\n\n<p>Hej, h\u00e4r f\u00e5r du veta lite mer om vad som g\u00e4ller ang\u00e5ende litteratur och vuxenstudier. Du hittar information om litteratur f\u00f6r SFI, L\u00e4rvux, grundl\u00e4ggande- och gymnasial niv\u00e5 samt gymnasial yrkesutbildning.<\/p>\n\n\n\n<h2 class=\"wp-block-heading\">L\u00e4s mer om din studielitteratur h\u00e4r<\/h2>\n\n\n        <section aria-label=\"\u00d6ppningsbara flikar 1\" class=\"accordions mt-6 mb-6\">\n            <div class=\"container\" data-accordions=\"true\">\n                <div class=\"tab-pages\" role=\"tablist\">\n                                            <section class=\"tab-page\">\n                            <header>\n                                <button class=\"tab-page-head has-text-color-black\" id=\"accordions-shortcode1-tab-0\" role=\"tab\" aria-selected=\"false\" aria-controls=\"accordions-shortcode1-tabpanel-0\" aria-label=\"Studielitteratur - Grundl\u00e4ggande kurser\" style=\"background: #9f8fca\">\n                                    <div class=\"level\">\n                                        <div class=\"level-start\">\n                                            <div class=\"level-item\">\n                                                <h2>Studielitteratur - Grundl\u00e4ggande kurser<\/h2>\n                                            <\/div>\n                                        <\/div>\n                                        <div class=\"level-end\">\n                                            <div class=\"level-item\">\n                                                <span class=\"accordion-icon plus\" title=\"\u00d6ppna flik\"><\/span>\n                                            <\/div>\n                                            <div class=\"level-item is-hidden\">\n                                                <span class=\"accordion-icon minus\" title=\"St\u00e4ng flik\"><\/span>\n                                            <\/div>\n                                        <\/div>\n                                    <\/div>\n                                <\/button>\n                            <\/header>\n                            <div class=\"tab-page-body is-hidden\" id=\"accordions-shortcode1-tabpanel-0\" role=\"tabpanel\" aria-labelledby=\"accordions-shortcode1-tab-0\" aria-hidden=\"true\">\n                                <div class=\"content\"><p>Du som l\u00e4ser p\u00e5 grundl\u00e4ggande niv\u00e5 beh\u00f6ver inte k\u00f6pa n\u00e5gon studielitteratur. De b\u00f6cker som beh\u00f6vs f\u00e5r du l\u00e5na av din l\u00e4rare.<\/p><\/div>\n                            <\/div>\n                        <\/section>\n                                            <section class=\"tab-page\">\n                            <header>\n                                <button class=\"tab-page-head has-text-color-black\" id=\"accordions-shortcode1-tab-1\" role=\"tab\" aria-selected=\"false\" aria-controls=\"accordions-shortcode1-tabpanel-1\" aria-label=\"Studielitteratur - Frist\u00e5ende gymnasiala \u00e4mnesniv\u00e5er\" style=\"background: #e1d9ec\">\n                                    <div class=\"level\">\n                                        <div class=\"level-start\">\n                                            <div class=\"level-item\">\n                                                <h2>Studielitteratur - Frist\u00e5ende gymnasiala \u00e4mnesniv\u00e5er<\/h2>\n                                            <\/div>\n                                        <\/div>\n                                        <div class=\"level-end\">\n                                            <div class=\"level-item\">\n                                                <span class=\"accordion-icon plus\" title=\"\u00d6ppna flik\"><\/span>\n                                            <\/div>\n                                            <div class=\"level-item is-hidden\">\n                                                <span class=\"accordion-icon minus\" title=\"St\u00e4ng flik\"><\/span>\n                                            <\/div>\n                                        <\/div>\n                                    <\/div>\n                                <\/button>\n                            <\/header>\n                            <div class=\"tab-page-body is-hidden\" id=\"accordions-shortcode1-tabpanel-1\" role=\"tabpanel\" aria-labelledby=\"accordions-shortcode1-tab-1\" aria-hidden=\"true\">\n                                <div class=\"content\"><p>De flesta b\u00f6cker som anv\u00e4nds p\u00e5 gymnasial niv\u00e5 m\u00e5ste du k\u00f6pa. Vissa b\u00f6cker, t.ex. antologier i svenska l\u00e5nas p\u00e5 biblioteket. H\u00f6r med din l\u00e4rare eller bibliotekarierna om du \u00e4r os\u00e4ker. V\u00e5ren till och med det \u00e5r du fyller 20 f\u00e5r du l\u00e5na studielitteratur p\u00e5 skolbiblioteket.<\/p>\n<p>Anv\u00e4nd l\u00e4nken nedan f\u00f6r att se listan \u00f6ver studielitteratur f\u00f6r frist\u00e5ende gymnasiala \u00e4mnesniv\u00e5er.<\/p>\n<p><a href=\"https:\/\/kunskapsforbundet.se\/app\/uploads\/sites\/6\/2025\/12\/Studielitteratur-gymnasialniva_ver01-2.pdf\" target=\"_blank\" rel=\"noopener\">\u00a0Studielitteratur gymnasialniv\u00e5<\/a><\/p>\n<p><em>Vi reserverar oss f\u00f6r att eventuella f\u00f6r\u00e4ndringar kan ske i litteraturen samt tryckfel<\/em>.<\/p>\n<\/div>\n                            <\/div>\n                        <\/section>\n                                            <section class=\"tab-page\">\n                            <header>\n                                <button class=\"tab-page-head has-text-color-black\" id=\"accordions-shortcode1-tab-2\" role=\"tab\" aria-selected=\"false\" aria-controls=\"accordions-shortcode1-tabpanel-2\" aria-label=\"Studielitteratur - Gymnasiala yrkesutbildningar f\u00f6r vuxna\" style=\"background: #9f8fca\">\n                                    <div class=\"level\">\n                                        <div class=\"level-start\">\n                                            <div class=\"level-item\">\n                                                <h2>Studielitteratur - Gymnasiala yrkesutbildningar f\u00f6r vuxna<\/h2>\n                                            <\/div>\n                                        <\/div>\n                                        <div class=\"level-end\">\n                                            <div class=\"level-item\">\n                                                <span class=\"accordion-icon plus\" title=\"\u00d6ppna flik\"><\/span>\n                                            <\/div>\n                                            <div class=\"level-item is-hidden\">\n                                                <span class=\"accordion-icon minus\" title=\"St\u00e4ng flik\"><\/span>\n                                            <\/div>\n                                        <\/div>\n                                    <\/div>\n                                <\/button>\n                            <\/header>\n                            <div class=\"tab-page-body is-hidden\" id=\"accordions-shortcode1-tabpanel-2\" role=\"tabpanel\" aria-labelledby=\"accordions-shortcode1-tab-2\" aria-hidden=\"true\">\n                                <div class=\"content\"><p>De b\u00f6cker som anv\u00e4nds i din utbildning m\u00e5ste du k\u00f6pa. F\u00f6r\u00a0<em>vissa utbildningar<\/em> finns litteratur att l\u00e5na p\u00e5 skolan. G\u00e4ller \u00e4ven f\u00f6r l\u00e4rlingsutbildning.<\/p>\n<ul>\n<li>Din l\u00e4rare meddelar din studielitteratur.<\/li>\n<\/ul>\n<\/div>\n                            <\/div>\n                        <\/section>\n                                            <section class=\"tab-page\">\n                            <header>\n                                <button class=\"tab-page-head has-text-color-black\" id=\"accordions-shortcode1-tab-3\" role=\"tab\" aria-selected=\"false\" aria-controls=\"accordions-shortcode1-tabpanel-3\" aria-label=\"Studielitteratur - Komvux som anpassad utbildning (L\u00e4rvux)\" style=\"background: #e1d9ec\">\n                                    <div class=\"level\">\n                                        <div class=\"level-start\">\n                                            <div class=\"level-item\">\n                                                <h2>Studielitteratur - Komvux som anpassad utbildning (L\u00e4rvux)<\/h2>\n                                            <\/div>\n                                        <\/div>\n                                        <div class=\"level-end\">\n                                            <div class=\"level-item\">\n                                                <span class=\"accordion-icon plus\" title=\"\u00d6ppna flik\"><\/span>\n                                            <\/div>\n                                            <div class=\"level-item is-hidden\">\n                                                <span class=\"accordion-icon minus\" title=\"St\u00e4ng flik\"><\/span>\n                                            <\/div>\n                                        <\/div>\n                                    <\/div>\n                                <\/button>\n                            <\/header>\n                            <div class=\"tab-page-body is-hidden\" id=\"accordions-shortcode1-tabpanel-3\" role=\"tabpanel\" aria-labelledby=\"accordions-shortcode1-tab-3\" aria-hidden=\"true\">\n                                <div class=\"content\"><p>Du som l\u00e4ser Komvux som anpassad utbildning f\u00e5r b\u00f6cker av din l\u00e4rare.<\/p>\n<\/div>\n                            <\/div>\n                        <\/section>\n                                            <section class=\"tab-page\">\n                            <header>\n                                <button class=\"tab-page-head has-text-color-black\" id=\"accordions-shortcode1-tab-4\" role=\"tab\" aria-selected=\"false\" aria-controls=\"accordions-shortcode1-tabpanel-4\" aria-label=\"Studielitteratur - Distansstudier via NTI\" style=\"background: #9f8fca\">\n                                    <div class=\"level\">\n                                        <div class=\"level-start\">\n                                            <div class=\"level-item\">\n                                                <h2>Studielitteratur - Distansstudier via NTI<\/h2>\n                                            <\/div>\n                                        <\/div>\n                                        <div class=\"level-end\">\n                                            <div class=\"level-item\">\n                                                <span class=\"accordion-icon plus\" title=\"\u00d6ppna flik\"><\/span>\n                                            <\/div>\n                                            <div class=\"level-item is-hidden\">\n                                                <span class=\"accordion-icon minus\" title=\"St\u00e4ng flik\"><\/span>\n                                            <\/div>\n                                        <\/div>\n                                    <\/div>\n                                <\/button>\n                            <\/header>\n                            <div class=\"tab-page-body is-hidden\" id=\"accordions-shortcode1-tabpanel-4\" role=\"tabpanel\" aria-labelledby=\"accordions-shortcode1-tab-4\" aria-hidden=\"true\">\n                                <div class=\"content\"><p>Besked om aktuell studielitteratur meddelas av l\u00e4rare p\u00e5 NTI samt hittas h\u00e4r: <a href=\"https:\/\/nti.se\/distansutbildning\/studielitteratur\/?utm_source=google&amp;utm_medium=cpc&amp;utm_campaign=am-pmax-conv-brand&amp;utm_id=21088393671&amp;gad_source=1&amp;gad_campaignid=21098411212&amp;gbraid=0AAAAADtC7yUGMHEY0XVnWd_oySVfWWqFK&amp;gclid=CjwKCAjwq9rFBhAIEiwAGVAZP3F-0QH3cqXkOY4V6H9VAahp4QNfVilGxp3_NUS7iZ79C00S_nFXbBoCl7AQAvD_BwE\">Studielitteratur p\u00e5 NTI-skolan<\/a><\/p>\n<ul>\n<li><strong>Distans via NTI\u00a0grundl\u00e4ggande kurser:\u00a0<\/strong>Om du l\u00e4ser distans via NTI p\u00e5 grundl\u00e4ggande niv\u00e5 kan du l\u00e5na kurslitteratur p\u00e5 vuxenutbildningens bibliotek.<\/li>\n<li><strong>Distans via NTI gymnasiala \u00e4mnesniv\u00e5er: <\/strong>Om du l\u00e4ser distans via NTI p\u00e5 gymnasial niv\u00e5 beh\u00f6ver du k\u00f6pa b\u00f6cker. V\u00e5ren till och med det \u00e5r du fyller 20 f\u00e5r du l\u00e5na kurslitteratur p\u00e5 skolbiblioteket.<\/li>\n<\/ul>\n<\/div>\n                            <\/div>\n                        <\/section>\n                                            <section class=\"tab-page\">\n                            <header>\n                                <button class=\"tab-page-head has-text-color-black\" id=\"accordions-shortcode1-tab-5\" role=\"tab\" aria-selected=\"false\" aria-controls=\"accordions-shortcode1-tabpanel-5\" aria-label=\"Studielitteratur - Yrkesh\u00f6gskolan (YH)\" style=\"background: #e1d9ec\">\n                                    <div class=\"level\">\n                                        <div class=\"level-start\">\n                                            <div class=\"level-item\">\n                                                <h2>Studielitteratur - Yrkesh\u00f6gskolan (YH)<\/h2>\n                                            <\/div>\n                                        <\/div>\n                                        <div class=\"level-end\">\n                                            <div class=\"level-item\">\n                                                <span class=\"accordion-icon plus\" title=\"\u00d6ppna flik\"><\/span>\n                                            <\/div>\n                                            <div class=\"level-item is-hidden\">\n                                                <span class=\"accordion-icon minus\" title=\"St\u00e4ng flik\"><\/span>\n                                            <\/div>\n                                        <\/div>\n                                    <\/div>\n                                <\/button>\n                            <\/header>\n                            <div class=\"tab-page-body is-hidden\" id=\"accordions-shortcode1-tabpanel-5\" role=\"tabpanel\" aria-labelledby=\"accordions-shortcode1-tab-5\" aria-hidden=\"true\">\n                                <div class=\"content\"><p>Studielitteraturlistan meddelas av din utbildningsledare vid kursstart och inf\u00f6rskaffas och bekostas av dig som studerande.<\/p>\n<\/div>\n                            <\/div>\n                        <\/section>\n                                    <\/div>\n                <button class=\"mt-3 tab-page-expand\" data-close=\"St\u00e4ng alla flikar\" data-open=\"Expandera alla flikar\">\n                    Expandera alla flikar                <\/button>\n            <\/div>\n        <\/section>\n\n\n\n\n<p><em>Vi reserverar oss f\u00f6r att eventuella f\u00f6r\u00e4ndringar kan ske i litteraturen samt tryckfel<\/em>.<\/p>\n\n\n\n<p><\/p>\n","protected":false},"excerpt":{"rendered":"<p>Hej, h\u00e4r f\u00e5r du veta lite mer om vad som g\u00e4ller ang\u00e5ende litteratur och vuxenstudier. Du hittar information om litteratur f\u00f6r SFI, L\u00e4rvux, grundl\u00e4ggande- och gymnasial niv\u00e5 samt gymnasial yrkesutbildning. L\u00e4s mer om din studielitteratur h\u00e4r Vi reserverar oss f\u00f6r att eventuella f\u00f6r\u00e4ndringar kan ske i litteraturen samt tryckfel.<\/p>\n","protected":false},"author":7,"featured_media":27658,"parent":0,"menu_order":0,"comment_status":"closed","ping_status":"closed","template":"","meta":{"_acf_changed":false,"footnotes":""},"class_list":["post-489","page","type-page","status-publish","has-post-thumbnail","hentry"],"acf":[],"_links":{"self":[{"href":"https:\/\/kunskapsforbundet.se\/vuxenutbildningen\/wp-json\/wp\/v2\/pages\/489","targetHints":{"allow":["GET"]}}],"collection":[{"href":"https:\/\/kunskapsforbundet.se\/vuxenutbildningen\/wp-json\/wp\/v2\/pages"}],"about":[{"href":"https:\/\/kunskapsforbundet.se\/vuxenutbildningen\/wp-json\/wp\/v2\/types\/page"}],"author":[{"embeddable":true,"href":"https:\/\/kunskapsforbundet.se\/vuxenutbildningen\/wp-json\/wp\/v2\/users\/7"}],"replies":[{"embeddable":true,"href":"https:\/\/kunskapsforbundet.se\/vuxenutbildningen\/wp-json\/wp\/v2\/comments?post=489"}],"version-history":[{"count":202,"href":"https:\/\/kunskapsforbundet.se\/vuxenutbildningen\/wp-json\/wp\/v2\/pages\/489\/revisions"}],"predecessor-version":[{"id":29669,"href":"https:\/\/kunskapsforbundet.se\/vuxenutbildningen\/wp-json\/wp\/v2\/pages\/489\/revisions\/29669"}],"wp:featuredmedia":[{"embeddable":true,"href":"https:\/\/kunskapsforbundet.se\/vuxenutbildningen\/wp-json\/wp\/v2\/media\/27658"}],"wp:attachment":[{"href":"https:\/\/kunskapsforbundet.se\/vuxenutbildningen\/wp-json\/wp\/v2\/media?parent=489"}],"curies":[{"name":"wp","href":"https:\/\/api.w.org\/{rel}","templated":true}]}}