{"id":473,"date":"2014-08-29T14:16:59","date_gmt":"2014-08-29T12:16:59","guid":{"rendered":"https:\/\/www.kunskapsforbundet.se\/vuxenutbildningen\/?page_id=473"},"modified":"2025-11-13T10:15:49","modified_gmt":"2025-11-13T09:15:49","slug":"ansokningsblanketter","status":"publish","type":"page","link":"https:\/\/kunskapsforbundet.se\/vuxenutbildningen\/ansokningsblanketter\/","title":{"rendered":"Ans\u00f6kningsblanketter"},"content":{"rendered":"\n<p>H\u00e4r hittar du ans\u00f6kningsblanketter till SFI, L\u00e4rvux och pr\u00f6vning f\u00f6r betyg. F\u00f6r \u00f6vriga utbildningar anv\u00e4nder du webbans\u00f6kan.<\/p>\n\n\n<\/p>\n<p><\/p>","protected":false},"excerpt":{"rendered":"<p>H\u00e4r hittar du ans\u00f6kningsblanketter till SFI, L\u00e4rvux och pr\u00f6vning f\u00f6r betyg. F\u00f6r \u00f6vriga utbildningar anv\u00e4nder du webbans\u00f6kan. Du anv\u00e4nder l\u00e4nken nedan f\u00f6r att anm\u00e4la dig till SFI Ans\u00f6kan till SFI (e-tj\u00e4nst) Alternativt: fyll i blankett nedan och l\u00e4mna in till Vuxenutbildningen Om du fyller i blanketten p\u00e5 datorn f\u00f6r att skicka in med e-post. G\u00f6r [&hellip;]<\/p>\n","protected":false},"author":7,"featured_media":0,"parent":0,"menu_order":0,"comment_status":"closed","ping_status":"closed","template":"","meta":{"_acf_changed":false,"footnotes":""},"class_list":["post-473","page","type-page","status-publish","hentry"],"acf":[],"_links":{"self":[{"href":"https:\/\/kunskapsforbundet.se\/vuxenutbildningen\/wp-json\/wp\/v2\/pages\/473","targetHints":{"allow":["GET"]}}],"collection":[{"href":"https:\/\/kunskapsforbundet.se\/vuxenutbildningen\/wp-json\/wp\/v2\/pages"}],"about":[{"href":"https:\/\/kunskapsforbundet.se\/vuxenutbildningen\/wp-json\/wp\/v2\/types\/page"}],"author":[{"embeddable":true,"href":"https:\/\/kunskapsforbundet.se\/vuxenutbildningen\/wp-json\/wp\/v2\/users\/7"}],"replies":[{"embeddable":true,"href":"https:\/\/kunskapsforbundet.se\/vuxenutbildningen\/wp-json\/wp\/v2\/comments?post=473"}],"version-history":[{"count":90,"href":"https:\/\/kunskapsforbundet.se\/vuxenutbildningen\/wp-json\/wp\/v2\/pages\/473\/revisions"}],"predecessor-version":[{"id":27462,"href":"https:\/\/kunskapsforbundet.se\/vuxenutbildningen\/wp-json\/wp\/v2\/pages\/473\/revisions\/27462"}],"wp:attachment":[{"href":"https:\/\/kunskapsforbundet.se\/vuxenutbildningen\/wp-json\/wp\/v2\/media?parent=473"}],"curies":[{"name":"wp","href":"https:\/\/api.w.org\/{rel}","templated":true}]}}