{"id":469,"date":"2014-08-29T14:15:43","date_gmt":"2014-08-29T12:15:43","guid":{"rendered":"https:\/\/www.kunskapsforbundet.se\/vuxenutbildningen\/?page_id=469"},"modified":"2026-04-07T11:18:13","modified_gmt":"2026-04-07T09:18:13","slug":"studie-och-yrkesvagledning","status":"publish","type":"page","link":"https:\/\/kunskapsforbundet.se\/vuxenutbildningen\/studie-och-yrkesvagledning\/","title":{"rendered":"Studie- och yrkesv\u00e4gledning"},"content":{"rendered":"\n<div class=\"pages__ingress pb-4 mb-0\"><p class=\"wp-block-ggb-block-feature__ingress\">Studie- och yrkesv\u00e4gledningen v\u00e4nder sig till vuxna som \u00e4r folkbokf\u00f6rda i Trollh\u00e4ttan och V\u00e4nersborg.<\/p><\/div>\n\n\n\n<p>V\u00e4lkommen till oss f\u00f6r v\u00e4gledning och information inf\u00f6r studie- och yrkesval. Vi kan v\u00e4gleda dig inom:&nbsp;<\/p>\n\n\n\n<ul class=\"wp-block-list\">\n<li>Antagning och beh\u00f6righetsfr\u00e5gor<\/li>\n\n\n\n<li>Individuell studieplanering<\/li>\n\n\n\n<li>Studieekonomi&nbsp;<\/li>\n\n\n\n<li>Yrke och arbetsmarknad<\/li>\n<\/ul>\n\n\n\n<h4 class=\"wp-block-heading\">Har du ett m\u00e5l med dina studier?<\/h4>\n\n\n\n<p>Det k\u00e4nns oftast mer motiverande att studera som vuxen om det finns ett m\u00e5l med studierna. F\u00f6r att n\u00e5 ditt studiem\u00e5l p\u00e5 b\u00e4sta s\u00e4tt b\u00f6r du ha en studieplan f\u00f6r dina studier. Ditt studiem\u00e5l kan mycket v\u00e4l \u00e4ndras under studiernas g\u00e5ng av olika sk\u00e4l. D\u00e5 beh\u00f6ver du ocks\u00e5 \u00e4ndra i din studieplan s\u00e5 att du inte missar n\u00e5got beh\u00f6righets\u00e4mne etc. Har du inte m\u00e5ls\u00e4ttningen och\/eller studieplanen klar \u00e4r du v\u00e4lkommen att boka tid hos n\u00e5gon av studiev\u00e4gledarna f\u00f6r att diskutera fram en studieplan. <\/p>\n\n\n\n<h4 class=\"wp-block-heading\">Kontakt med studie- och yrkesv\u00e4gledningen<\/h4>\n\n\n\n<p>Anv\u00e4nd e-tj\u00e4nsten nedan f\u00f6r att boka en tid eller st\u00e4lla en fr\u00e5ga. Vi erbjuder \u00e4ven drop-in tider p\u00e5 tisdagar och onsdagar. Vi finns p\u00e5 v\u00e5ning 2 i V\u00e4nerparken 5, V\u00e4nersborg. G\u00e5 in genom huvudentr\u00e9n och ta sedan v\u00e4nster s\u00e5 hittar du till oss.&nbsp;<\/p>\n\n\n\n<div class=\"wp-block-buttons is-layout-flex wp-block-buttons-is-layout-flex\">\n<div class=\"wp-block-button has-custom-width wp-block-button__width-50\"><a class=\"wp-block-button__link has-black-color has-luminous-vivid-amber-background-color has-text-color has-background has-link-color wp-element-button\" href=\"https:\/\/minasidor.kunskapsforbundet.se\/178\" style=\"border-radius:0px\">Kontakta oss | Boka tid <\/a><\/div>\n<\/div>\n\n\n\n<p>V\u00e4lkommen att kontakta oss!<\/p>\n\n\n\n<div class=\"wp-block-cover is-light\"><img loading=\"lazy\" decoding=\"async\" width=\"1366\" height=\"768\" class=\"wp-block-cover__image-background wp-image-13323\" alt=\"\" src=\"https:\/\/kunskapsforbundet.se\/app\/uploads\/sites\/6\/2021\/09\/vuxwebb_33-2.jpg\" style=\"object-position:48% 46%\" data-object-fit=\"cover\" data-object-position=\"48% 46%\" srcset=\"https:\/\/kunskapsforbundet.se\/app\/uploads\/sites\/6\/2021\/09\/vuxwebb_33-2.jpg 1366w, https:\/\/kunskapsforbundet.se\/app\/uploads\/sites\/6\/2021\/09\/vuxwebb_33-2-300x169.jpg 300w, https:\/\/kunskapsforbundet.se\/app\/uploads\/sites\/6\/2021\/09\/vuxwebb_33-2-1024x576.jpg 1024w, https:\/\/kunskapsforbundet.se\/app\/uploads\/sites\/6\/2021\/09\/vuxwebb_33-2-768x432.jpg 768w\" sizes=\"auto, (max-width: 1366px) 100vw, 1366px\" \/><span aria-hidden=\"true\" class=\"wp-block-cover__background has-background-dim\"><\/span><div class=\"wp-block-cover__inner-container is-layout-flow wp-block-cover-is-layout-flow\">\n<p><\/p>\n\n\n\n<h2 class=\"wp-block-heading has-text-align-center has-white-color has-text-color\" style=\"font-size:30px\">Telefontider | 0520 &#8211; 52 41 31<\/h2>\n\n\n\n<p><\/p>\n\n\n\n<ul class=\"wp-block-list has-white-color has-text-color\">\n<li>M\u00e5ndagar 10:00 &#8211; 12:00 <\/li>\n\n\n\n<li>Torsdagar 10:00 &#8211; 12:00 <\/li>\n<\/ul>\n\n\n\n<h2 class=\"wp-block-heading has-text-align-center has-white-color has-text-color\" style=\"font-size:30px\">Drop-in | V\u00e4nerparken 5, V\u00e4nersborg<\/h2>\n\n\n\n<p><\/p>\n\n\n\n<ul class=\"wp-block-list has-white-color has-text-color\">\n<li>Tisdagar 10:00 &#8211; 12:00 <\/li>\n\n\n\n<li>Onsdagar 13:00 &#8211; 15:00 <\/li>\n\n\n\n<li>Extra \u00f6ppet under Utbildningsm\u00e4ssan onsdag 22 april mellan 13:00-17:00<\/li>\n<\/ul>\n<\/div><\/div>\n\n\n\n<p><\/p>\n\n\n<\/p>\n<p><\/p>","protected":false},"excerpt":{"rendered":"<p>V\u00e4lkommen till oss f\u00f6r v\u00e4gledning och information inf\u00f6r studie- och yrkesval. Vi kan v\u00e4gleda dig inom:&nbsp; Har du ett m\u00e5l med dina studier? Det k\u00e4nns oftast mer motiverande att studera som vuxen om det finns ett m\u00e5l med studierna. F\u00f6r att n\u00e5 ditt studiem\u00e5l p\u00e5 b\u00e4sta s\u00e4tt b\u00f6r du ha en studieplan f\u00f6r dina studier. [&hellip;]<\/p>\n","protected":false},"author":37,"featured_media":28030,"parent":0,"menu_order":0,"comment_status":"closed","ping_status":"closed","template":"","meta":{"_acf_changed":false,"footnotes":""},"class_list":["post-469","page","type-page","status-publish","has-post-thumbnail","hentry"],"acf":[],"_links":{"self":[{"href":"https:\/\/kunskapsforbundet.se\/vuxenutbildningen\/wp-json\/wp\/v2\/pages\/469","targetHints":{"allow":["GET"]}}],"collection":[{"href":"https:\/\/kunskapsforbundet.se\/vuxenutbildningen\/wp-json\/wp\/v2\/pages"}],"about":[{"href":"https:\/\/kunskapsforbundet.se\/vuxenutbildningen\/wp-json\/wp\/v2\/types\/page"}],"author":[{"embeddable":true,"href":"https:\/\/kunskapsforbundet.se\/vuxenutbildningen\/wp-json\/wp\/v2\/users\/37"}],"replies":[{"embeddable":true,"href":"https:\/\/kunskapsforbundet.se\/vuxenutbildningen\/wp-json\/wp\/v2\/comments?post=469"}],"version-history":[{"count":636,"href":"https:\/\/kunskapsforbundet.se\/vuxenutbildningen\/wp-json\/wp\/v2\/pages\/469\/revisions"}],"predecessor-version":[{"id":30066,"href":"https:\/\/kunskapsforbundet.se\/vuxenutbildningen\/wp-json\/wp\/v2\/pages\/469\/revisions\/30066"}],"wp:featuredmedia":[{"embeddable":true,"href":"https:\/\/kunskapsforbundet.se\/vuxenutbildningen\/wp-json\/wp\/v2\/media\/28030"}],"wp:attachment":[{"href":"https:\/\/kunskapsforbundet.se\/vuxenutbildningen\/wp-json\/wp\/v2\/media?parent=469"}],"curies":[{"name":"wp","href":"https:\/\/api.w.org\/{rel}","templated":true}]}}