{"id":4097,"date":"2015-10-08T15:43:33","date_gmt":"2015-10-08T13:43:33","guid":{"rendered":"https:\/\/www.kunskapsforbundet.se\/vuxenutbildningen\/?page_id=4097"},"modified":"2021-09-16T16:54:49","modified_gmt":"2021-09-16T14:54:49","slug":"projekt-kobra","status":"publish","type":"page","link":"https:\/\/kunskapsforbundet.se\/vuxenutbildningen\/projekt-kobra\/","title":{"rendered":"Projekt | KOBRA"},"content":{"rendered":"\n<div class=\"pages__ingress pb-4 mb-0\"><p>Genom samarbete och utbyte av kunskap \u00f6ver gr\u00e4nserna kan vi b\u00e4ttre m\u00f6ta framtidens kompetensbehov.<\/p><\/div>\n\n\n<p><img loading=\"lazy\" decoding=\"async\" class=\"img-responsive img-responsive alignleft wp-image-5122 size-full\" src=\"https:\/\/www.kunskapsforbundet.se\/vuxenutbildningen\/wp-content\/uploads\/sites\/6\/2015\/10\/Kobra_loggor_ny.jpg\" alt=\"Kobra_loggor_ny\" width=\"1004\" height=\"144\" srcset=\"https:\/\/kunskapsforbundet.se\/app\/uploads\/sites\/6\/2015\/10\/Kobra_loggor_ny.jpg 1004w, https:\/\/kunskapsforbundet.se\/app\/uploads\/sites\/6\/2015\/10\/Kobra_loggor_ny-300x43.jpg 300w, https:\/\/kunskapsforbundet.se\/app\/uploads\/sites\/6\/2015\/10\/Kobra_loggor_ny-768x110.jpg 768w, https:\/\/kunskapsforbundet.se\/app\/uploads\/sites\/6\/2015\/10\/Kobra_loggor_ny-360x52.jpg 360w, https:\/\/kunskapsforbundet.se\/app\/uploads\/sites\/6\/2015\/10\/Kobra_loggor_ny-555x80.jpg 555w, https:\/\/kunskapsforbundet.se\/app\/uploads\/sites\/6\/2015\/10\/Kobra_loggor_ny-750x108.jpg 750w, https:\/\/kunskapsforbundet.se\/app\/uploads\/sites\/6\/2015\/10\/Kobra_loggor_ny-200x29.jpg 200w\" sizes=\"auto, (max-width: 1004px) 100vw, 1004px\" \/><\/p>\n<p>KOBRA \u00e4r ett Interreg-projekt med 26 partners i Danmark, Norge och Sverige.&nbsp;Projektet startade 1 september 2015 och p\u00e5g\u00e5r under tre \u00e5r.<\/p>\n<h3>Varf\u00f6r beh\u00f6vs KOBRA?<\/h3>\n<p>Skandinavien st\u00e5r inf\u00f6r stora utmaningar. Samh\u00e4llets och arbetslivets f\u00f6r\u00e4ndringstakt \u00f6kar, vilket g\u00f6r att v\u00e4rdet av olika kunskaper och kompetenser ocks\u00e5 f\u00f6r\u00e4ndras snabbare. Vuxna m\u00e4nniskor kommer beh\u00f6va karri\u00e4rv\u00e4xla i allt st\u00f6rre omfattning l\u00e4ngre upp i \u00e5ldrarna, utbildas oftare och tr\u00e4nas mer effektivt mot specifika yrkesroller och f\u00f6rm\u00e5gor \u00e4n idag. F\u00e4rre kommer kunna utbilda sig f\u00f6r ett helt yrkesliv p\u00e5 en g\u00e5ng och detta visar p\u00e5 vuxen\u00adutbildningens avg\u00f6rande roll i framtiden.<br>\nDet kr\u00e4vs en utvecklad f\u00f6rm\u00e5ga att analysera och f\u00f6rmedla kunskap fr\u00e5n m\u00e5nga olika k\u00e4llor, f\u00f6r att skapa b\u00e4ttre beslutsunderlag och motivera s\u00e4rskilda satsningar.<\/p>","protected":false},"excerpt":{"rendered":"<p>KOBRA \u00e4r ett Interreg-projekt med 26 partners i Danmark, Norge och Sverige.&nbsp;Projektet startade 1 september 2015 och p\u00e5g\u00e5r under tre \u00e5r. Varf\u00f6r beh\u00f6vs KOBRA? Skandinavien st\u00e5r inf\u00f6r stora utmaningar. Samh\u00e4llets och arbetslivets f\u00f6r\u00e4ndringstakt \u00f6kar, vilket g\u00f6r att v\u00e4rdet av olika kunskaper och kompetenser ocks\u00e5 f\u00f6r\u00e4ndras snabbare. Vuxna m\u00e4nniskor kommer beh\u00f6va karri\u00e4rv\u00e4xla i allt st\u00f6rre omfattning [&hellip;]<\/p>\n","protected":false},"author":7,"featured_media":0,"parent":0,"menu_order":0,"comment_status":"closed","ping_status":"closed","template":"","meta":{"_acf_changed":false,"footnotes":""},"class_list":["post-4097","page","type-page","status-publish","hentry"],"acf":[],"_links":{"self":[{"href":"https:\/\/kunskapsforbundet.se\/vuxenutbildningen\/wp-json\/wp\/v2\/pages\/4097","targetHints":{"allow":["GET"]}}],"collection":[{"href":"https:\/\/kunskapsforbundet.se\/vuxenutbildningen\/wp-json\/wp\/v2\/pages"}],"about":[{"href":"https:\/\/kunskapsforbundet.se\/vuxenutbildningen\/wp-json\/wp\/v2\/types\/page"}],"author":[{"embeddable":true,"href":"https:\/\/kunskapsforbundet.se\/vuxenutbildningen\/wp-json\/wp\/v2\/users\/7"}],"replies":[{"embeddable":true,"href":"https:\/\/kunskapsforbundet.se\/vuxenutbildningen\/wp-json\/wp\/v2\/comments?post=4097"}],"version-history":[{"count":17,"href":"https:\/\/kunskapsforbundet.se\/vuxenutbildningen\/wp-json\/wp\/v2\/pages\/4097\/revisions"}],"predecessor-version":[{"id":13484,"href":"https:\/\/kunskapsforbundet.se\/vuxenutbildningen\/wp-json\/wp\/v2\/pages\/4097\/revisions\/13484"}],"wp:attachment":[{"href":"https:\/\/kunskapsforbundet.se\/vuxenutbildningen\/wp-json\/wp\/v2\/media?parent=4097"}],"curies":[{"name":"wp","href":"https:\/\/api.w.org\/{rel}","templated":true}]}}