{"id":4086,"date":"2015-10-08T15:07:53","date_gmt":"2015-10-08T13:07:53","guid":{"rendered":"https:\/\/www.kunskapsforbundet.se\/vuxenutbildningen\/?page_id=4086"},"modified":"2021-09-16T16:58:03","modified_gmt":"2021-09-16T14:58:03","slug":"projekt-exportframjande-integration","status":"publish","type":"page","link":"https:\/\/kunskapsforbundet.se\/vuxenutbildningen\/projekt-exportframjande-integration\/","title":{"rendered":"Projekt | Exportfr\u00e4mjande integration"},"content":{"rendered":"\n<div class=\"pages__ingress pb-4 mb-0\"><p>Exportfr\u00e4mjande integration \u00e4r ett projekt som medfinansieras av EU och den europeiska socialfonden<\/p><\/div>\n\n\n<p><\/p>\n<p><img loading=\"lazy\" decoding=\"async\" class=\"img-responsive img-responsive alignleft wp-image-5882 size-full\" src=\"https:\/\/www.kunskapsforbundet.se\/vuxenutbildningen\/wp-content\/uploads\/sites\/6\/2015\/10\/esf_loggor_webb.jpg\" width=\"1004\" height=\"144\" srcset=\"https:\/\/kunskapsforbundet.se\/app\/uploads\/sites\/6\/2015\/10\/esf_loggor_webb.jpg 1004w, https:\/\/kunskapsforbundet.se\/app\/uploads\/sites\/6\/2015\/10\/esf_loggor_webb-300x43.jpg 300w, https:\/\/kunskapsforbundet.se\/app\/uploads\/sites\/6\/2015\/10\/esf_loggor_webb-768x110.jpg 768w, https:\/\/kunskapsforbundet.se\/app\/uploads\/sites\/6\/2015\/10\/esf_loggor_webb-360x52.jpg 360w, https:\/\/kunskapsforbundet.se\/app\/uploads\/sites\/6\/2015\/10\/esf_loggor_webb-555x80.jpg 555w, https:\/\/kunskapsforbundet.se\/app\/uploads\/sites\/6\/2015\/10\/esf_loggor_webb-750x108.jpg 750w, https:\/\/kunskapsforbundet.se\/app\/uploads\/sites\/6\/2015\/10\/esf_loggor_webb-200x29.jpg 200w\" sizes=\"auto, (max-width: 1004px) 100vw, 1004px\" \/><\/p>\n<p>Exportfr\u00e4mjande integration&nbsp;\u00e4r ett projekt f\u00f6r att finna nya medarbetare till den framtida yrkesrollen&nbsp;\u201dExportfr\u00e4mjare\u201d.&nbsp;En roll f\u00f6r att tillm\u00f6tesg\u00e5 f\u00f6retagens skiftande behov som inneb\u00e4r m\u00e5nga olika typer av kompetens f\u00f6r att bl.a. arbeta med:<\/p>\n<ul>\n<li>Marknadsanalyser, konkurrentanalyser, framtagning av marknadsf\u00f6ringsmaterial\/hemsidor, partners\u00f6kning, s\u00e4ljsupport.<\/li>\n<li>Logistik \u2013 tull \u2013 transportl\u00f6sningar, m\u00e4ssplanering \u2013 genomf\u00f6rande.<\/li>\n<li>&nbsp;Installation, ig\u00e5ngk\u00f6rning och underh\u00e5ll av olika system, maskiner etc.<\/li>\n<li>Skapa business-centers p\u00e5 nya marknader, arrangera riktade minim\u00e4ssor \u2013 aff\u00e4rsresor \u2013 f\u00f6retagsbes\u00f6k, tolkhj\u00e4lp.<\/li>\n<li>&nbsp;Resurs f\u00f6r ink\u00f6p vid f\u00f6rhandlingar, leverant\u00f6rskontakter m.m.<\/li>\n<\/ul>\n<p>M\u00e5nga svenska f\u00f6retag s\u00f6ker nya exportmarknader f\u00f6r att expandera och letar efter relevant kunskap och kompetens f\u00f6r att n\u00e5 dessa marknader. Vi tror att denna kunskap kan finnas bland de nyanl\u00e4nda personerna som nu kommer till Sverige som flyktingar eller invandrare.<\/p>\n<p>Genom r\u00e4tt matchning av denna kompetens och hj\u00e4lp med kontakt till intresserade f\u00f6retag tror vi p\u00e5 en snabbare integration av dessa personer i det Svenska samh\u00e4llet, snittet (7 \u00e5r).<\/p>\n<p>Programmet best\u00e5r av en mix av teori (5 m\u00e5n)och praktik (7 m\u00e5n). M\u00e5ls\u00e4ttning m\u00e4n\/kvinnor (60\/40%).<\/p>","protected":false},"excerpt":{"rendered":"<p>Exportfr\u00e4mjande integration&nbsp;\u00e4r ett projekt f\u00f6r att finna nya medarbetare till den framtida yrkesrollen&nbsp;\u201dExportfr\u00e4mjare\u201d.&nbsp;En roll f\u00f6r att tillm\u00f6tesg\u00e5 f\u00f6retagens skiftande behov som inneb\u00e4r m\u00e5nga olika typer av kompetens f\u00f6r att bl.a. arbeta med: Marknadsanalyser, konkurrentanalyser, framtagning av marknadsf\u00f6ringsmaterial\/hemsidor, partners\u00f6kning, s\u00e4ljsupport. Logistik \u2013 tull \u2013 transportl\u00f6sningar, m\u00e4ssplanering \u2013 genomf\u00f6rande. &nbsp;Installation, ig\u00e5ngk\u00f6rning och underh\u00e5ll av olika system, maskiner [&hellip;]<\/p>\n","protected":false},"author":7,"featured_media":0,"parent":0,"menu_order":0,"comment_status":"closed","ping_status":"closed","template":"","meta":{"_acf_changed":false,"footnotes":""},"class_list":["post-4086","page","type-page","status-publish","hentry"],"acf":[],"_links":{"self":[{"href":"https:\/\/kunskapsforbundet.se\/vuxenutbildningen\/wp-json\/wp\/v2\/pages\/4086","targetHints":{"allow":["GET"]}}],"collection":[{"href":"https:\/\/kunskapsforbundet.se\/vuxenutbildningen\/wp-json\/wp\/v2\/pages"}],"about":[{"href":"https:\/\/kunskapsforbundet.se\/vuxenutbildningen\/wp-json\/wp\/v2\/types\/page"}],"author":[{"embeddable":true,"href":"https:\/\/kunskapsforbundet.se\/vuxenutbildningen\/wp-json\/wp\/v2\/users\/7"}],"replies":[{"embeddable":true,"href":"https:\/\/kunskapsforbundet.se\/vuxenutbildningen\/wp-json\/wp\/v2\/comments?post=4086"}],"version-history":[{"count":17,"href":"https:\/\/kunskapsforbundet.se\/vuxenutbildningen\/wp-json\/wp\/v2\/pages\/4086\/revisions"}],"predecessor-version":[{"id":13489,"href":"https:\/\/kunskapsforbundet.se\/vuxenutbildningen\/wp-json\/wp\/v2\/pages\/4086\/revisions\/13489"}],"wp:attachment":[{"href":"https:\/\/kunskapsforbundet.se\/vuxenutbildningen\/wp-json\/wp\/v2\/media?parent=4086"}],"curies":[{"name":"wp","href":"https:\/\/api.w.org\/{rel}","templated":true}]}}