{"id":3528,"date":"2015-05-28T09:19:37","date_gmt":"2015-05-28T07:19:37","guid":{"rendered":"https:\/\/www.kunskapsforbundet.se\/vuxenutbildningen\/?page_id=3528"},"modified":"2024-09-18T14:05:51","modified_gmt":"2024-09-18T12:05:51","slug":"ta-emot-en-elevstuderande","status":"publish","type":"page","link":"https:\/\/kunskapsforbundet.se\/vuxenutbildningen\/ta-emot-en-elevstuderande\/","title":{"rendered":"Ta emot en elev\/studerande"},"content":{"rendered":"\n<div class=\"pages__ingress pb-4 mb-0\"><p class=\"wp-block-ggb-block-feature__ingress\">Vuxenutbildningen arbetar aktivt f\u00f6r att koppla in n\u00e4ringslivet\/arbetslivet i skolan. Detta kan ge ett tillf\u00e4lle att knyta kontakt med framtida arbetskraft.<\/p><\/div>\n\n\n<p>Vuxenutbildningen arbetar aktivt f\u00f6r att koppla in n\u00e4ringslivet\/arbetslivet i skolan eftersom detta \u00e4r n\u00e5got som gynnar b\u00e5de elever\/studerande samt f\u00f6retagens eller organisationens utveckling.<\/p>\n<p>Du \u00e4r v\u00e4lkommen att kontakta oss om du vill ta emot en elev eller studerande fr\u00e5n Vuxenutbildningen i din organisation eller i ditt f\u00f6retag f\u00f6r en praktikplats eller ett projektarbete. Vi hj\u00e4lper dig hur du g\u00e5r tillv\u00e4ga, att hitta r\u00e4tt till n\u00e4rmast ansvarig rektor eller utbildningsansvarig i det omr\u00e5de, bransch och tidsintervall som ni s\u00f6ker. \u00a0Vi arbetar f\u00f6r att underl\u00e4tta f\u00f6r att alla f\u00f6retag skall kunna ta in en elev\/studerande. Vi ser till att det finns en praktikplan, att ers\u00e4ttningar och f\u00f6rs\u00e4kringar fungerar smidigt och s\u00e4kert f\u00f6r er.<\/p>\n<p>Att ta emot en elev\/studerande \u00e4r ett unikt tillf\u00e4lle f\u00f6r ditt f\u00f6retag eller din organisation att ta del av en resurs med nya kunskaper och id\u00e9er. Det bidrar \u00e4ven till att:<\/p>\n<ul>\n<li>st\u00e4rka bilden av ert f\u00f6retag eller bransch i skolan<\/li>\n<li>l\u00e5ngsiktigt rekrytera<\/li>\n<li>hj\u00e4lpa m\u00e4nniskor i sitt studie- och yrkesval<\/li>\n<li>sprida kunskap om n\u00e4ringslivet<\/li>\n<\/ul>\n<p>Om du vill ta emot en elev i din organisation eller f\u00f6retag kontaktar du v\u00e5ra utbildningskoordinatorer. utbildningskoordinatorerna arbetar med Kunskapsf\u00f6rbundets Vuxenutbildning p\u00e5 gymnasial och eftergymnasial niv\u00e5.\u00a0<\/p>\n<p>\u00c4r du intresserad av att komma i kontakt med Kunskapsf\u00f6rbundets gymnasieskolor h\u00e4nvisar vi till gymnasieskolornas ansvariga, men vi kan hj\u00e4lpa till att f\u00f6rmedla kontakter.<\/p>","protected":false},"excerpt":{"rendered":"<p>Vuxenutbildningen arbetar aktivt f\u00f6r att koppla in n\u00e4ringslivet\/arbetslivet i skolan eftersom detta \u00e4r n\u00e5got som gynnar b\u00e5de elever\/studerande samt f\u00f6retagens eller organisationens utveckling. Du \u00e4r v\u00e4lkommen att kontakta oss om du vill ta emot en elev eller studerande fr\u00e5n Vuxenutbildningen i din organisation eller i ditt f\u00f6retag f\u00f6r en praktikplats eller ett projektarbete. Vi hj\u00e4lper [&hellip;]<\/p>\n","protected":false},"author":7,"featured_media":0,"parent":0,"menu_order":0,"comment_status":"closed","ping_status":"closed","template":"","meta":{"_acf_changed":false,"footnotes":""},"class_list":["post-3528","page","type-page","status-publish","hentry"],"acf":[],"_links":{"self":[{"href":"https:\/\/kunskapsforbundet.se\/vuxenutbildningen\/wp-json\/wp\/v2\/pages\/3528","targetHints":{"allow":["GET"]}}],"collection":[{"href":"https:\/\/kunskapsforbundet.se\/vuxenutbildningen\/wp-json\/wp\/v2\/pages"}],"about":[{"href":"https:\/\/kunskapsforbundet.se\/vuxenutbildningen\/wp-json\/wp\/v2\/types\/page"}],"author":[{"embeddable":true,"href":"https:\/\/kunskapsforbundet.se\/vuxenutbildningen\/wp-json\/wp\/v2\/users\/7"}],"replies":[{"embeddable":true,"href":"https:\/\/kunskapsforbundet.se\/vuxenutbildningen\/wp-json\/wp\/v2\/comments?post=3528"}],"version-history":[{"count":9,"href":"https:\/\/kunskapsforbundet.se\/vuxenutbildningen\/wp-json\/wp\/v2\/pages\/3528\/revisions"}],"predecessor-version":[{"id":23397,"href":"https:\/\/kunskapsforbundet.se\/vuxenutbildningen\/wp-json\/wp\/v2\/pages\/3528\/revisions\/23397"}],"wp:attachment":[{"href":"https:\/\/kunskapsforbundet.se\/vuxenutbildningen\/wp-json\/wp\/v2\/media?parent=3528"}],"curies":[{"name":"wp","href":"https:\/\/api.w.org\/{rel}","templated":true}]}}