{"id":3388,"date":"2015-05-19T16:53:09","date_gmt":"2015-05-19T14:53:09","guid":{"rendered":"https:\/\/www.kunskapsforbundet.se\/vuxenutbildningen\/?page_id=3388"},"modified":"2024-09-18T13:37:29","modified_gmt":"2024-09-18T11:37:29","slug":"rapporter-och-behovsanalyser","status":"publish","type":"page","link":"https:\/\/kunskapsforbundet.se\/vuxenutbildningen\/rapporter-och-behovsanalyser\/","title":{"rendered":"Rapporter och behovsanalyser"},"content":{"rendered":"\n<div class=\"pages__ingress pb-4 mb-0\"><p class=\"wp-block-ggb-block-feature__ingress\">H\u00e4r kan du ta del av aktuella rapporter och behovsanalyser.<\/p><\/div>\n\n\n<p><img loading=\"lazy\" decoding=\"async\" class=\"img-responsive img-responsive alignleft wp-image-9283 size-medium\" src=\"https:\/\/www.kunskapsforbundet.se\/vuxenutbildningen\/wp-content\/uploads\/sites\/6\/2019\/05\/L\u00e4rcentrum_rapport2019_framsida-256x300.jpg\" alt=\"Bild p\u00e5 rapportframsida\" width=\"256\" height=\"300\" srcset=\"https:\/\/kunskapsforbundet.se\/app\/uploads\/sites\/6\/2019\/05\/L\u00e4rcentrum_rapport2019_framsida-256x300.jpg 256w, https:\/\/kunskapsforbundet.se\/app\/uploads\/sites\/6\/2019\/05\/L\u00e4rcentrum_rapport2019_framsida-768x899.jpg 768w, https:\/\/kunskapsforbundet.se\/app\/uploads\/sites\/6\/2019\/05\/L\u00e4rcentrum_rapport2019_framsida-874x1024.jpg 874w, https:\/\/kunskapsforbundet.se\/app\/uploads\/sites\/6\/2019\/05\/L\u00e4rcentrum_rapport2019_framsida-360x422.jpg 360w, https:\/\/kunskapsforbundet.se\/app\/uploads\/sites\/6\/2019\/05\/L\u00e4rcentrum_rapport2019_framsida-555x650.jpg 555w, https:\/\/kunskapsforbundet.se\/app\/uploads\/sites\/6\/2019\/05\/L\u00e4rcentrum_rapport2019_framsida-750x878.jpg 750w, https:\/\/kunskapsforbundet.se\/app\/uploads\/sites\/6\/2019\/05\/L\u00e4rcentrum_rapport2019_framsida-1140x1335.jpg 1140w, https:\/\/kunskapsforbundet.se\/app\/uploads\/sites\/6\/2019\/05\/L\u00e4rcentrum_rapport2019_framsida-974x1140.jpg 974w, https:\/\/kunskapsforbundet.se\/app\/uploads\/sites\/6\/2019\/05\/L\u00e4rcentrum_rapport2019_framsida-171x200.jpg 171w\" sizes=\"auto, (max-width: 256px) 100vw, 256px\" \/>H\u00e4r sammanst\u00e4ller vi&nbsp;aktuella rapporter och behovsanalyser om arbetsmarknad, kompetensbehov samt om&nbsp;utbildningar. Det \u00e4r b\u00e5de egna och fr\u00e5n andra akt\u00f6rer.<\/p>\n<p>Har du fr\u00e5gor om statistik eller specifika fr\u00e5gor \u00e4r du v\u00e4lkommen att kontakta oss.<\/p>","protected":false},"excerpt":{"rendered":"<p>H\u00e4r sammanst\u00e4ller vi&nbsp;aktuella rapporter och behovsanalyser om arbetsmarknad, kompetensbehov samt om&nbsp;utbildningar. Det \u00e4r b\u00e5de egna och fr\u00e5n andra akt\u00f6rer. Har du fr\u00e5gor om statistik eller specifika fr\u00e5gor \u00e4r du v\u00e4lkommen att kontakta oss. Nul\u00e4ge och framtidsspaning med L\u00e4rcentrum 2019 Syfte med denna rapport \u00e4r att f\u00f6rs\u00f6ka p\u00e5visa hur st\u00f6rre trender och skeenden h\u00e4nger ihop med [&hellip;]<\/p>\n","protected":false},"author":7,"featured_media":0,"parent":0,"menu_order":0,"comment_status":"closed","ping_status":"closed","template":"","meta":{"_acf_changed":false,"footnotes":""},"class_list":["post-3388","page","type-page","status-publish","hentry"],"acf":[],"_links":{"self":[{"href":"https:\/\/kunskapsforbundet.se\/vuxenutbildningen\/wp-json\/wp\/v2\/pages\/3388","targetHints":{"allow":["GET"]}}],"collection":[{"href":"https:\/\/kunskapsforbundet.se\/vuxenutbildningen\/wp-json\/wp\/v2\/pages"}],"about":[{"href":"https:\/\/kunskapsforbundet.se\/vuxenutbildningen\/wp-json\/wp\/v2\/types\/page"}],"author":[{"embeddable":true,"href":"https:\/\/kunskapsforbundet.se\/vuxenutbildningen\/wp-json\/wp\/v2\/users\/7"}],"replies":[{"embeddable":true,"href":"https:\/\/kunskapsforbundet.se\/vuxenutbildningen\/wp-json\/wp\/v2\/comments?post=3388"}],"version-history":[{"count":37,"href":"https:\/\/kunskapsforbundet.se\/vuxenutbildningen\/wp-json\/wp\/v2\/pages\/3388\/revisions"}],"predecessor-version":[{"id":23375,"href":"https:\/\/kunskapsforbundet.se\/vuxenutbildningen\/wp-json\/wp\/v2\/pages\/3388\/revisions\/23375"}],"wp:attachment":[{"href":"https:\/\/kunskapsforbundet.se\/vuxenutbildningen\/wp-json\/wp\/v2\/media?parent=3388"}],"curies":[{"name":"wp","href":"https:\/\/api.w.org\/{rel}","templated":true}]}}