{"id":313,"date":"2014-08-27T11:00:46","date_gmt":"2014-08-27T09:00:46","guid":{"rendered":"https:\/\/www.kunskapsforbundet.se\/vuxenutbildningen\/?post_type=program&#038;p=313"},"modified":"2025-09-02T12:24:09","modified_gmt":"2025-09-02T10:24:09","slug":"validering","status":"publish","type":"page","link":"https:\/\/kunskapsforbundet.se\/vuxenutbildningen\/validering\/","title":{"rendered":"Yrkesutbildning | Validering"},"content":{"rendered":"\n<div class=\"pages__ingress pb-4 mb-0\"><p class=\"wp-block-ggb-block-feature__ingress\">I Kunskapsf\u00f6rbundet erbjuder vi validering f\u00f6r dig som har erfarenhet inom ett yrkesomr\u00e5de men saknar formell utbildning<\/p><\/div>\n\n\n<p><b>Validera dig hos oss!<br \/><\/b>Har du erfarenheter, kunskaper och kompetens som du utvecklat p\u00e5 olika s\u00e4tt i utbildning, p\u00e5 arbetsplats eller i hem- och f\u00f6reningsliv? Ta m\u00f6jligheten att f\u00e5 din kunskap och kompetens synliggjord, dokumenterad och erk\u00e4nd.<\/p>\n<p>Du som har jobbat n\u00e5gra \u00e5r inom ett yrkesomr\u00e5de men inte har formell utbildning eller betyg som styrker ditt kunnande kan genom validering f\u00e5 ditt kunnande bekr\u00e4ftat.\u00a0<\/p>\n<p>Validering kan ocks\u00e5 vara ett led i en p\u00e5g\u00e5ende utbildning f\u00f6r att p\u00e5 det s\u00e4ttet anpassa inneh\u00e5ll och eventuellt f\u00f6rkorta studietiden.\u00a0<\/p>\n<p>Du som \u00e4r intresserad av validering inom en av v\u00e5ra yrkesutbildningar kan kontakta n\u00e5gon av v\u00e5ra studie- och yrkesv\u00e4gledare via v\u00e5r e-tj\u00e4nst, drop-in eller telefon. L\u00e4s mer om studie- och yrkesv\u00e4gledning<a href=\"https:\/\/kunskapsforbundet.se\/vuxenutbildningen\/studie-och-yrkesvagledning\/\"> h\u00e4r.<\/a>\u00a0<\/p>\n<p>\u00a0<\/p>\n<p><\/p>","protected":false},"excerpt":{"rendered":"<p>Validera dig hos oss!Har du erfarenheter, kunskaper och kompetens som du utvecklat p\u00e5 olika s\u00e4tt i utbildning, p\u00e5 arbetsplats eller i hem- och f\u00f6reningsliv? Ta m\u00f6jligheten att f\u00e5 din kunskap och kompetens synliggjord, dokumenterad och erk\u00e4nd. Du som har jobbat n\u00e5gra \u00e5r inom ett yrkesomr\u00e5de men inte har formell utbildning eller betyg som styrker ditt [&hellip;]<\/p>\n","protected":false},"author":7,"featured_media":13273,"parent":0,"menu_order":0,"comment_status":"closed","ping_status":"closed","template":"page-program-portal.php","meta":{"_acf_changed":false,"footnotes":""},"class_list":["post-313","page","type-page","status-publish","has-post-thumbnail","hentry"],"acf":[],"_links":{"self":[{"href":"https:\/\/kunskapsforbundet.se\/vuxenutbildningen\/wp-json\/wp\/v2\/pages\/313","targetHints":{"allow":["GET"]}}],"collection":[{"href":"https:\/\/kunskapsforbundet.se\/vuxenutbildningen\/wp-json\/wp\/v2\/pages"}],"about":[{"href":"https:\/\/kunskapsforbundet.se\/vuxenutbildningen\/wp-json\/wp\/v2\/types\/page"}],"author":[{"embeddable":true,"href":"https:\/\/kunskapsforbundet.se\/vuxenutbildningen\/wp-json\/wp\/v2\/users\/7"}],"replies":[{"embeddable":true,"href":"https:\/\/kunskapsforbundet.se\/vuxenutbildningen\/wp-json\/wp\/v2\/comments?post=313"}],"version-history":[{"count":98,"href":"https:\/\/kunskapsforbundet.se\/vuxenutbildningen\/wp-json\/wp\/v2\/pages\/313\/revisions"}],"predecessor-version":[{"id":26363,"href":"https:\/\/kunskapsforbundet.se\/vuxenutbildningen\/wp-json\/wp\/v2\/pages\/313\/revisions\/26363"}],"wp:featuredmedia":[{"embeddable":true,"href":"https:\/\/kunskapsforbundet.se\/vuxenutbildningen\/wp-json\/wp\/v2\/media\/13273"}],"wp:attachment":[{"href":"https:\/\/kunskapsforbundet.se\/vuxenutbildningen\/wp-json\/wp\/v2\/media?parent=313"}],"curies":[{"name":"wp","href":"https:\/\/api.w.org\/{rel}","templated":true}]}}