{"id":31,"date":"2014-07-15T21:18:49","date_gmt":"2014-07-15T19:18:49","guid":{"rendered":"https:\/\/www.kunskapsforbundet.se\/vuxenutbildningen\/?page_id=31"},"modified":"2014-08-11T14:20:15","modified_gmt":"2014-08-11T12:20:15","slug":"om-cookies","status":"publish","type":"page","link":"https:\/\/kunskapsforbundet.se\/vuxenutbildningen\/om-cookies\/","title":{"rendered":"Om cookies p\u00e5 webbplatsen"},"content":{"rendered":"<p><strong>Om Cookies<br \/>\n<\/strong>En cookie \u00e4r en liten textfil som webbplatsen du bes\u00f6ker skickar till din dator och som sparas d\u00e4r. De anv\u00e4nds p\u00e5 m\u00e5nga webbplatser f\u00f6r att ge bes\u00f6kare tillg\u00e5ng till olika funktioner och underl\u00e4tta bes\u00f6ket p\u00e5 webbplatsen.<\/p>\n<p>Vi lagrar ingen personlig information eller uppgifter som kan kopplas till en enskild person via cookies.Filen \u00e4r passiv och kan inte sprida datavirus eller andra skadliga program. Om du inte vill till\u00e5ta att v\u00e5r webbplats lagrar cookies p\u00e5 din dator s\u00e5 hittar du information nedan om hur du tackar nej till dessa.<\/p>\n<p><strong>Vad hj\u00e4lper cookies till med?<br \/>\n<\/strong>En cookie hj\u00e4lper bland annat till att lagra och minnas de inst\u00e4llningar du har valt p\u00e5 en webbplats genom att den k\u00e4nner igen din dator n\u00e4sta g\u00e5ng du bes\u00f6ker webbplatsen. Det g\u00f6r att du slipper g\u00f6ra om dina inst\u00e4llningar varje g\u00e5ng du g\u00f6r ett \u00e5terbes\u00f6k p\u00e5 en webbplats.<\/p>\n<p>N\u00e4r cookien k\u00e4nner igen din dator s\u00e5 uppdaterar den ocks\u00e5 bara den information som \u00e4r ny sedan du senast bes\u00f6kte webbplatsen. Resten h\u00e4mtar den lokalt fr\u00e5n din egen dator vilket g\u00f6r att informationen snabbare laddas upp f\u00f6r dig vilket g\u00f6ra att du snabbare ser informationen p\u00e5 hemsidan.<\/p>\n<p>Cookies hj\u00e4lper oss \u00e4ven med statistik om anv\u00e4ndandet av v\u00e5r webbplats. Statistiken kan bara utl\u00e4sas som siffror och kopplas inte ihop med enskilda personer.<\/p>\n<p><strong>Acceptera eller tacka nej till cookies<br \/>\n<\/strong>De flesta webbl\u00e4sare tar emot cookies automatiskt, men om du inte accepterar cookies kan du i din webbl\u00e4sare tacka nej. I webbl\u00e4sarens hj\u00e4lpsidor hittar du mer information om hur du g\u00f6r om du inte vill acceptera cookies.<\/p>\n<p><strong>Vad s\u00e4ger lagen om cookies?<br \/>\n<\/strong>Enligt lagen om elektronisk kommunikation (LEK) s\u00e5 m\u00e5ste bes\u00f6karna p\u00e5 en webbplats informeras om att cookies anv\u00e4nds och \u00e4ven l\u00e4mna sitt samtycke till att de anv\u00e4nds vilket kan ske genom inst\u00e4llningar i webbl\u00e4saren.<\/p>\n<p>Vill du veta mer om cookies s\u00e5 finns mer information hos Post- och telestyrelsen:<\/p>\n<p><a title=\"PTS - Om cookies\" href=\"http:\/\/www.pts.se\/sv\/Bransch\/Regler\/Lagar\/Lag-om-elektronisk-kommunikation\/Cookies-kakor\/Fragor-och-svar-om-kakor-for-anvandare\/\" target=\"_blank\">http:\/\/www.pts.se\/sv\/Bransch\/Regler\/Lagar\/Lag-om-elektronisk-kommunikation\/Cookies-kakor\/Fragor-och-svar-om-kakor-for-anvandare\/<\/a><\/p>\n","protected":false},"excerpt":{"rendered":"<p>Om Cookies En cookie \u00e4r en liten textfil som webbplatsen du bes\u00f6ker skickar till din dator och som sparas d\u00e4r. De anv\u00e4nds p\u00e5 m\u00e5nga webbplatser f\u00f6r att ge bes\u00f6kare tillg\u00e5ng till olika funktioner och underl\u00e4tta bes\u00f6ket p\u00e5 webbplatsen. Vi lagrar ingen personlig information eller uppgifter som kan kopplas till en enskild person via cookies.Filen \u00e4r [&hellip;]<\/p>\n","protected":false},"author":1,"featured_media":0,"parent":0,"menu_order":0,"comment_status":"closed","ping_status":"closed","template":"","meta":{"_acf_changed":false,"footnotes":""},"class_list":["post-31","page","type-page","status-publish","hentry"],"acf":[],"_links":{"self":[{"href":"https:\/\/kunskapsforbundet.se\/vuxenutbildningen\/wp-json\/wp\/v2\/pages\/31","targetHints":{"allow":["GET"]}}],"collection":[{"href":"https:\/\/kunskapsforbundet.se\/vuxenutbildningen\/wp-json\/wp\/v2\/pages"}],"about":[{"href":"https:\/\/kunskapsforbundet.se\/vuxenutbildningen\/wp-json\/wp\/v2\/types\/page"}],"author":[{"embeddable":true,"href":"https:\/\/kunskapsforbundet.se\/vuxenutbildningen\/wp-json\/wp\/v2\/users\/1"}],"replies":[{"embeddable":true,"href":"https:\/\/kunskapsforbundet.se\/vuxenutbildningen\/wp-json\/wp\/v2\/comments?post=31"}],"version-history":[{"count":7,"href":"https:\/\/kunskapsforbundet.se\/vuxenutbildningen\/wp-json\/wp\/v2\/pages\/31\/revisions"}],"predecessor-version":[{"id":143,"href":"https:\/\/kunskapsforbundet.se\/vuxenutbildningen\/wp-json\/wp\/v2\/pages\/31\/revisions\/143"}],"wp:attachment":[{"href":"https:\/\/kunskapsforbundet.se\/vuxenutbildningen\/wp-json\/wp\/v2\/media?parent=31"}],"curies":[{"name":"wp","href":"https:\/\/api.w.org\/{rel}","templated":true}]}}