{"id":30253,"date":"2026-04-13T14:53:03","date_gmt":"2026-04-13T12:53:03","guid":{"rendered":"https:\/\/kunskapsforbundet.se\/vuxenutbildningen\/?page_id=30253"},"modified":"2026-04-15T10:41:06","modified_gmt":"2026-04-15T08:41:06","slug":"komvuxansokan","status":"publish","type":"page","link":"https:\/\/kunskapsforbundet.se\/vuxenutbildningen\/komvuxansokan\/","title":{"rendered":"Komvuxans\u00f6kan"},"content":{"rendered":"\n<p>Du g\u00f6r din ans\u00f6kan genom v\u00e5r webbans\u00f6kan i Edlevo. T\u00e4nk p\u00e5 att utbudet anpassas beroende p\u00e5 ans\u00f6kningsperiod. Anv\u00e4nd knapparna nedan f\u00f6r att g\u00f6ra din ans\u00f6kan.<\/p>\n\n\n\n<div class=\"wp-block-columns is-layout-flex wp-container-core-columns-is-layout-9d6595d7 wp-block-columns-is-layout-flex\">\n<div class=\"wp-block-column is-layout-flow wp-block-column-is-layout-flow\">\n<div class=\"wp-block-buttons is-layout-flex wp-block-buttons-is-layout-flex\">\n<div class=\"wp-block-button has-custom-width wp-block-button__width-50\"><a class=\"wp-block-button__link has-white-color has-text-color has-background has-link-color wp-element-button\" href=\"https:\/\/education.service.tieto.com\/AdultApplication.Student\/#\/search-offering\/kv\/4930ef1b-8f76-41eb-8ec8-6ca7c8b704a2?domain=KunskapsforbundetVast\" style=\"border-top-left-radius:0px;border-top-right-radius:0px;border-bottom-left-radius:0px;border-bottom-right-radius:0px;background-color:#462a84\">Grundl\u00e4ggande kurser<\/a><\/div>\n\n\n\n<div class=\"wp-block-button has-custom-width wp-block-button__width-50\"><a class=\"wp-block-button__link has-white-color has-text-color has-background has-link-color wp-element-button\" href=\"https:\/\/education.service.tieto.com\/AdultApplication.Student\/#\/search-offering\/kv\/b043113f-01a1-4a38-abc8-174b40275e43?domain=KunskapsforbundetVast\" style=\"border-top-left-radius:0px;border-top-right-radius:0px;border-bottom-left-radius:0px;border-bottom-right-radius:0px;background-color:#462a84\">Gymnasiala \u00e4mnesniv\u00e5er<\/a><\/div>\n\n\n\n<div class=\"wp-block-button has-custom-width wp-block-button__width-50\"><a class=\"wp-block-button__link has-white-color has-text-color has-background has-link-color wp-element-button\" href=\"https:\/\/education.service.tieto.com\/AdultApplication.Student\/#\/search-offering\/kv\/f9c785c9-3f0c-4350-b8c9-fdfdee8c9e8e?domain=KunskapsforbundetVast\" style=\"border-top-left-radius:0px;border-top-right-radius:0px;border-bottom-left-radius:0px;border-bottom-right-radius:0px;background-color:#462a84\">Yrkesutbildning f\u00f6r vuxna<\/a><\/div>\n<\/div>\n<\/div>\n<\/div>\n\n\n\n        <section aria-label=\"\u00d6ppningsbara flikar 1\" class=\"accordions mt-6 mb-6\">\n            <div class=\"container\" data-accordions=\"true\">\n                <div class=\"tab-pages\" role=\"tablist\">\n                                            <section class=\"tab-page\">\n                            <header>\n                                <button class=\"tab-page-head has-text-color-black\" id=\"accordions-shortcode1-tab-0\" role=\"tab\" aria-selected=\"false\" aria-controls=\"accordions-shortcode1-tabpanel-0\" aria-label=\"Detta g\u00e4ller vid sen ans\u00f6kan\" style=\"background: #9f8fca\">\n                                    <div class=\"level\">\n                                        <div class=\"level-start\">\n                                            <div class=\"level-item\">\n                                                <h2>Detta g\u00e4ller vid sen ans\u00f6kan<\/h2>\n                                            <\/div>\n                                        <\/div>\n                                        <div class=\"level-end\">\n                                            <div class=\"level-item\">\n                                                <span class=\"accordion-icon plus\" title=\"\u00d6ppna flik\"><\/span>\n                                            <\/div>\n                                            <div class=\"level-item is-hidden\">\n                                                <span class=\"accordion-icon minus\" title=\"St\u00e4ng flik\"><\/span>\n                                            <\/div>\n                                        <\/div>\n                                    <\/div>\n                                <\/button>\n                            <\/header>\n                            <div class=\"tab-page-body is-hidden\" id=\"accordions-shortcode1-tabpanel-0\" role=\"tabpanel\" aria-labelledby=\"accordions-shortcode1-tab-0\" aria-hidden=\"true\">\n                                <div class=\"content\"><p>F\u00f6r sen ans\u00f6kan g\u00e4ller att vi st\u00e4nger i takt med att platser fylls f\u00f6r kurser, \u00e4mnen och yrkesutbildningar. N\u00e4r sen ans\u00f6kan \u00e4r \u00f6ppen hittar du kurser, \u00e4mnen och yrkesutbildningar med platser kvar i webbans\u00f6kan.<\/p><\/div>\n                            <\/div>\n                        <\/section>\n                                            <section class=\"tab-page\">\n                            <header>\n                                <button class=\"tab-page-head has-text-color-black\" id=\"accordions-shortcode1-tab-1\" role=\"tab\" aria-selected=\"false\" aria-controls=\"accordions-shortcode1-tabpanel-1\" aria-label=\"Studieperioder\" style=\"background: #e1d9ec\">\n                                    <div class=\"level\">\n                                        <div class=\"level-start\">\n                                            <div class=\"level-item\">\n                                                <h2>Studieperioder<\/h2>\n                                            <\/div>\n                                        <\/div>\n                                        <div class=\"level-end\">\n                                            <div class=\"level-item\">\n                                                <span class=\"accordion-icon plus\" title=\"\u00d6ppna flik\"><\/span>\n                                            <\/div>\n                                            <div class=\"level-item is-hidden\">\n                                                <span class=\"accordion-icon minus\" title=\"St\u00e4ng flik\"><\/span>\n                                            <\/div>\n                                        <\/div>\n                                    <\/div>\n                                <\/button>\n                            <\/header>\n                            <div class=\"tab-page-body is-hidden\" id=\"accordions-shortcode1-tabpanel-1\" role=\"tabpanel\" aria-labelledby=\"accordions-shortcode1-tab-1\" aria-hidden=\"true\">\n                                <div class=\"content\"><p>H\u00e4r kan du l\u00e4sa om vilka studieperioder som g\u00e4ller f\u00f6r studier p\u00e5 Komvux.<\/p>\n<ul>\n<li>Klicka h\u00e4r f\u00f6r att l\u00e4sa: <a href=\"https:\/\/kunskapsforbundet.se\/vuxenutbildningen\/studieperioder\/\">Studieperioder &#8211; Vuxenutbildningen<\/a><\/li>\n<\/ul>\n<\/div>\n                            <\/div>\n                        <\/section>\n                                            <section class=\"tab-page\">\n                            <header>\n                                <button class=\"tab-page-head has-text-color-black\" id=\"accordions-shortcode1-tab-2\" role=\"tab\" aria-selected=\"false\" aria-controls=\"accordions-shortcode1-tabpanel-2\" aria-label=\"Saknar du BankID?\" style=\"background: #9f8fca\">\n                                    <div class=\"level\">\n                                        <div class=\"level-start\">\n                                            <div class=\"level-item\">\n                                                <h2>Saknar du BankID?<\/h2>\n                                            <\/div>\n                                        <\/div>\n                                        <div class=\"level-end\">\n                                            <div class=\"level-item\">\n                                                <span class=\"accordion-icon plus\" title=\"\u00d6ppna flik\"><\/span>\n                                            <\/div>\n                                            <div class=\"level-item is-hidden\">\n                                                <span class=\"accordion-icon minus\" title=\"St\u00e4ng flik\"><\/span>\n                                            <\/div>\n                                        <\/div>\n                                    <\/div>\n                                <\/button>\n                            <\/header>\n                            <div class=\"tab-page-body is-hidden\" id=\"accordions-shortcode1-tabpanel-2\" role=\"tabpanel\" aria-labelledby=\"accordions-shortcode1-tab-2\" aria-hidden=\"true\">\n                                <div class=\"content\"><p>Har du inget BankID s\u00e5 rekommenderar vi dig att skaffa det.<\/p>\n<ul>\n<li><a href=\"https:\/\/support.bankid.com\/sv\" target=\"_blank\" rel=\"noopener\">Klicka h\u00e4r f\u00f6r att f\u00e5 hj\u00e4lp med att skaffa BankID<\/a><\/li>\n<\/ul>\n<hr \/>\n<p>Kan du inte skaffa BankID d\u00e5 \u00e4r du v\u00e4lkommen till Drop-in hos v\u00e5ra studie- och yrkesv\u00e4gledare som kan hj\u00e4lpa dig att s\u00f6ka till Komvux.<\/p>\n<ul>\n<li><a href=\"https:\/\/kunskapsforbundet.se\/vuxenutbildningen\/studie-och-yrkesvagledning\/\">Kontaktuppgifter och \u00f6ppettider f\u00f6r studie- och yrkesv\u00e4gledningen hittar du h\u00e4r<\/a><\/li>\n<\/ul>\n<\/div>\n                            <\/div>\n                        <\/section>\n                                    <\/div>\n                <button class=\"mt-3 tab-page-expand\" data-close=\"St\u00e4ng alla flikar\" data-open=\"Expandera alla flikar\">\n                    Expandera alla flikar                <\/button>\n            <\/div>\n        <\/section>\n\n\n\n\n<h2 class=\"wp-block-heading\">Har du fr\u00e5gor?<\/h2>\n\n\n\n<div class=\"wp-block-columns is-layout-flex wp-container-core-columns-is-layout-9d6595d7 wp-block-columns-is-layout-flex\">\n<div class=\"wp-block-column is-layout-flow wp-block-column-is-layout-flow\">\n<div class=\"wp-block-buttons is-layout-flex wp-block-buttons-is-layout-flex\">\n<div class=\"wp-block-button has-custom-width wp-block-button__width-100\"><a class=\"wp-block-button__link has-black-color has-text-color has-background has-link-color has-small-font-size has-custom-font-size wp-element-button\" href=\"https:\/\/minasidor.kunskapsforbundet.se\/oversikt\/overview\/215\" style=\"border-radius:0px;background-color:#e1d9ec\"><strong>Fr\u00e5ga oss! Administration<\/strong><\/a><\/div>\n<\/div>\n\n\n\n<p class=\"has-small-font-size\"><strong><em>e-tj\u00e4nst:<\/em><\/strong> Fr\u00e5gor om antagning, intyg, betyg, svarsbesked, studieavbrott eller andra fr\u00e5gor\/synpunkter.<\/p>\n<\/div>\n\n\n\n<div class=\"wp-block-column is-layout-flow wp-block-column-is-layout-flow\">\n<div class=\"wp-block-buttons is-layout-flex wp-block-buttons-is-layout-flex\">\n<div class=\"wp-block-button has-custom-width wp-block-button__width-100\"><a class=\"wp-block-button__link has-black-color has-text-color has-background has-link-color has-small-font-size has-custom-font-size wp-element-button\" href=\"https:\/\/minasidor.kunskapsforbundet.se\/oversikt\/overview\/178\" style=\"border-radius:0px;background-color:#e1d9ec\"><strong>Fr\u00e5ga oss! Studie- och yrkesv\u00e4gledning<\/strong><\/a><\/div>\n<\/div>\n\n\n\n<p class=\"has-small-font-size\"><strong><em>e-tj\u00e4nst:<\/em><\/strong> Fr\u00e5gor om ans\u00f6kan, beh\u00f6righet, studieplanering och yrken\/arbetsmarknad.<\/p>\n<\/div>\n<\/div>\n","protected":false},"excerpt":{"rendered":"<p>Du g\u00f6r din ans\u00f6kan genom v\u00e5r webbans\u00f6kan i Edlevo. T\u00e4nk p\u00e5 att utbudet anpassas beroende p\u00e5 ans\u00f6kningsperiod. Anv\u00e4nd knapparna nedan f\u00f6r att g\u00f6ra din ans\u00f6kan. Har du fr\u00e5gor?<\/p>\n","protected":false},"author":7,"featured_media":17284,"parent":0,"menu_order":0,"comment_status":"closed","ping_status":"closed","template":"","meta":{"_acf_changed":false,"footnotes":""},"class_list":["post-30253","page","type-page","status-publish","has-post-thumbnail","hentry"],"acf":[],"_links":{"self":[{"href":"https:\/\/kunskapsforbundet.se\/vuxenutbildningen\/wp-json\/wp\/v2\/pages\/30253","targetHints":{"allow":["GET"]}}],"collection":[{"href":"https:\/\/kunskapsforbundet.se\/vuxenutbildningen\/wp-json\/wp\/v2\/pages"}],"about":[{"href":"https:\/\/kunskapsforbundet.se\/vuxenutbildningen\/wp-json\/wp\/v2\/types\/page"}],"author":[{"embeddable":true,"href":"https:\/\/kunskapsforbundet.se\/vuxenutbildningen\/wp-json\/wp\/v2\/users\/7"}],"replies":[{"embeddable":true,"href":"https:\/\/kunskapsforbundet.se\/vuxenutbildningen\/wp-json\/wp\/v2\/comments?post=30253"}],"version-history":[{"count":13,"href":"https:\/\/kunskapsforbundet.se\/vuxenutbildningen\/wp-json\/wp\/v2\/pages\/30253\/revisions"}],"predecessor-version":[{"id":30329,"href":"https:\/\/kunskapsforbundet.se\/vuxenutbildningen\/wp-json\/wp\/v2\/pages\/30253\/revisions\/30329"}],"wp:featuredmedia":[{"embeddable":true,"href":"https:\/\/kunskapsforbundet.se\/vuxenutbildningen\/wp-json\/wp\/v2\/media\/17284"}],"wp:attachment":[{"href":"https:\/\/kunskapsforbundet.se\/vuxenutbildningen\/wp-json\/wp\/v2\/media?parent=30253"}],"curies":[{"name":"wp","href":"https:\/\/api.w.org\/{rel}","templated":true}]}}