{"id":30073,"date":"2026-04-08T11:47:23","date_gmt":"2026-04-08T09:47:23","guid":{"rendered":"https:\/\/kunskapsforbundet.se\/vuxenutbildningen\/?page_id=30073"},"modified":"2026-04-08T20:57:45","modified_gmt":"2026-04-08T18:57:45","slug":"studiebesok-yrkesutbildning-for-vuxna","status":"publish","type":"page","link":"https:\/\/kunskapsforbundet.se\/vuxenutbildningen\/studiebesok-yrkesutbildning-for-vuxna\/","title":{"rendered":"Studiebes\u00f6k: Yrkesutbildning f\u00f6r vuxna"},"content":{"rendered":"\n<p>Uppt\u00e4ck dina m\u00f6jligheter p\u00e5 plats! Vi vill tr\u00e4ffa dig och \u00f6ppnar upp d\u00f6rrarna f\u00f6r bes\u00f6k p\u00e5 alla v\u00e5ra yrkesutbildningar f\u00f6r vuxna.<\/p>\n\n\n\n<p>Ett studiebes\u00f6k p\u00e5 Vuxenutbildningens yrkesutbildningar kommer att ge dig en st\u00f6rre f\u00f6rst\u00e5else f\u00f6r studier, yrket och karri\u00e4rv\u00e4gar. En yrkesutbildning \u00e4r en kort utbildning f\u00f6r ett jobb eller ett helt nytt yrke. Det \u00e4r korta yrkesutbildningar f\u00f6r vuxna, p\u00e5 20, 40 eller 60 veckor, som snabbt g\u00f6r dig redo f\u00f6r arbetslivet i branscher d\u00e4r yrkespersoner beh\u00f6vs. Vi fokuserar p\u00e5 det som faktiskt r\u00e4knas: att g\u00f6ra dig redo f\u00f6r arbetslivet \u2013 snabbt.<\/p>\n\n\n\n<h2 class=\"wp-block-heading\">Anm\u00e4l dig till studiebes\u00f6k h\u00e4r<\/h2>\n\n\n\n<p>H\u00e4r kan du anm\u00e4la dig till ett eller flera studiebes\u00f6k f\u00f6r att komma v\u00e5ra yrkesutbildningar f\u00f6r vuxna riktigt n\u00e4ra. Varje bes\u00f6k tar cirka 30 minuter.<\/p>\n\n\n\n<div class=\"wp-block-buttons is-content-justification-left is-layout-flex wp-container-core-buttons-is-layout-fdcfc74e wp-block-buttons-is-layout-flex\">\n<div class=\"wp-block-button has-custom-width wp-block-button__width-50\"><a class=\"wp-block-button__link has-black-color has-text-color has-background has-link-color wp-element-button\" href=\"https:\/\/minasidor.kunskapsforbundet.se\/oversikt\/overview\/267\" style=\"border-top-left-radius:0px;border-top-right-radius:0px;border-bottom-left-radius:0px;border-bottom-right-radius:0px;background-color:#9f8fca\">Boka ditt studiebes\u00f6k h\u00e4r!<\/a><\/div>\n<\/div>\n\n\n\n        <section aria-label=\"\u00d6ppningsbara flikar 1\" class=\"accordions mt-6 mb-6\">\n            <div class=\"container\" data-accordions=\"true\">\n                <div class=\"tab-pages\" role=\"tablist\">\n                                            <section class=\"tab-page\">\n                            <header>\n                                <button class=\"tab-page-head has-text-color-black\" id=\"accordions-shortcode1-tab-0\" role=\"tab\" aria-selected=\"false\" aria-controls=\"accordions-shortcode1-tabpanel-0\" aria-label=\"Tider och plats f\u00f6r studiebes\u00f6k\" style=\"background: #e1d9ec\">\n                                    <div class=\"level\">\n                                        <div class=\"level-start\">\n                                            <div class=\"level-item\">\n                                                <h2>Tider och plats f\u00f6r studiebes\u00f6k<\/h2>\n                                            <\/div>\n                                        <\/div>\n                                        <div class=\"level-end\">\n                                            <div class=\"level-item\">\n                                                <span class=\"accordion-icon plus\" title=\"\u00d6ppna flik\"><\/span>\n                                            <\/div>\n                                            <div class=\"level-item is-hidden\">\n                                                <span class=\"accordion-icon minus\" title=\"St\u00e4ng flik\"><\/span>\n                                            <\/div>\n                                        <\/div>\n                                    <\/div>\n                                <\/button>\n                            <\/header>\n                            <div class=\"tab-page-body is-hidden\" id=\"accordions-shortcode1-tabpanel-0\" role=\"tabpanel\" aria-labelledby=\"accordions-shortcode1-tab-0\" aria-hidden=\"true\">\n                                <div class=\"content\"><ul>\n<li>CNC: 6\/5 Kl:10.00 och 13\/5 Kl:10.00 \u2013 Birgersj\u00f6berggymnasiet\/Huvudentr\u00e9<\/li>\n<li>Svets 6\/5 Kl:10.00 och 13\/5 Kl:10.00 \u2013 Birgersj\u00f6berggymnasiet\/Huvudentr\u00e9<\/li>\n<li>Produktion och maskindrift: 6\/5 Kl:10.00 och 13\/5 Kl:10.00 \u2013 Birgersj\u00f6berggymnasiet\/Huvudentr\u00e9<\/li>\n<li>Elinstallat\u00f6r: 4\/5 Kl.09:00 och 11\/5 Kl.09:00 \u2013 Birgersj\u00f6berggymnasiet\/Huvudentr\u00e9<\/li>\n<li>Elektroniktekniker: 4\/5 Kl.09:00 och 11\/5 Kl.09:00 \u2013 Birgersj\u00f6berggymnasiet\/Huvudentr\u00e9<\/li>\n<li>Billackering: 4\/5 Kl.09:00 och 11\/5 Kl.09:00 \u2013 Birgersj\u00f6berggymnasiet\/Huvudentr\u00e9<\/li>\n<li>V\u00e5rd och omsorg \u2013 undersk\u00f6terska: 6\/5 kl.10.00 och 8\/5 kl.10.00: V\u00e4nerparken 5<\/li>\n<li>Tr\u00e4dg\u00e5rd: 8\/5 kl 13:00 och 29\/5 kl 13:00 &#8211; Entr\u00e9n till huvudbyggnaden p\u00e5 Nuntorp<\/li>\n<li>Restaurang och m\u00e5ltidsbitr\u00e4de med spr\u00e5kst\u00f6d: 7\/5 10:30 och 8\/5 12:30 \u2013 Magnus \u00c5bergsgymnasiet huvudentr\u00e9<\/li>\n<li>Restaurang kock: 29\/4 09:30 och 6\/5 09:30\u00a0 \u2013 Magnus \u00c5bergsgymnasiet huvudentr\u00e9<\/li>\n<li>Hotellmedarbetare: 28\/4 08:15 och 29\/4 10:30 \u2013 Magnus \u00c5bergsgymnasiet huvudentr\u00e9<\/li>\n<li>Butiksmedarbetare med spr\u00e5kst\u00f6d: 8\/5 kl 09.00 och 12\/5 09.00 \u2013 Magnus \u00c5bergsgymnasiet huvudentr\u00e9<\/li>\n<li>Lager och logistik: 7\/5 15:00 och 8\/5 11:00 \u2013 Magnus \u00c5bergsgymnasiet<\/li>\n<li>Bygg: 27\/4 kl 10:00 och 6\/5 kl 13:00 \u2013 Magnus \u00c5bergsgymnasiet<\/li>\n<\/ul><\/div>\n                            <\/div>\n                        <\/section>\n                                    <\/div>\n                <button class=\"mt-3 tab-page-expand\" data-close=\"St\u00e4ng alla flikar\" data-open=\"Expandera alla flikar\">\n                    Expandera alla flikar                <\/button>\n            <\/div>\n        <\/section>\n\n","protected":false},"excerpt":{"rendered":"<p>Uppt\u00e4ck dina m\u00f6jligheter p\u00e5 plats! Vi vill tr\u00e4ffa dig och \u00f6ppnar upp d\u00f6rrarna f\u00f6r bes\u00f6k p\u00e5 alla v\u00e5ra yrkesutbildningar f\u00f6r vuxna. Ett studiebes\u00f6k p\u00e5 Vuxenutbildningens yrkesutbildningar kommer att ge dig en st\u00f6rre f\u00f6rst\u00e5else f\u00f6r studier, yrket och karri\u00e4rv\u00e4gar. En yrkesutbildning \u00e4r en kort utbildning f\u00f6r ett jobb eller ett helt nytt yrke. Det \u00e4r korta [&hellip;]<\/p>\n","protected":false},"author":7,"featured_media":25409,"parent":0,"menu_order":0,"comment_status":"closed","ping_status":"closed","template":"","meta":{"_acf_changed":false,"footnotes":""},"class_list":["post-30073","page","type-page","status-publish","has-post-thumbnail","hentry"],"acf":[],"_links":{"self":[{"href":"https:\/\/kunskapsforbundet.se\/vuxenutbildningen\/wp-json\/wp\/v2\/pages\/30073","targetHints":{"allow":["GET"]}}],"collection":[{"href":"https:\/\/kunskapsforbundet.se\/vuxenutbildningen\/wp-json\/wp\/v2\/pages"}],"about":[{"href":"https:\/\/kunskapsforbundet.se\/vuxenutbildningen\/wp-json\/wp\/v2\/types\/page"}],"author":[{"embeddable":true,"href":"https:\/\/kunskapsforbundet.se\/vuxenutbildningen\/wp-json\/wp\/v2\/users\/7"}],"replies":[{"embeddable":true,"href":"https:\/\/kunskapsforbundet.se\/vuxenutbildningen\/wp-json\/wp\/v2\/comments?post=30073"}],"version-history":[{"count":14,"href":"https:\/\/kunskapsforbundet.se\/vuxenutbildningen\/wp-json\/wp\/v2\/pages\/30073\/revisions"}],"predecessor-version":[{"id":30093,"href":"https:\/\/kunskapsforbundet.se\/vuxenutbildningen\/wp-json\/wp\/v2\/pages\/30073\/revisions\/30093"}],"wp:featuredmedia":[{"embeddable":true,"href":"https:\/\/kunskapsforbundet.se\/vuxenutbildningen\/wp-json\/wp\/v2\/media\/25409"}],"wp:attachment":[{"href":"https:\/\/kunskapsforbundet.se\/vuxenutbildningen\/wp-json\/wp\/v2\/media?parent=30073"}],"curies":[{"name":"wp","href":"https:\/\/api.w.org\/{rel}","templated":true}]}}