{"id":29738,"date":"2026-03-26T09:05:38","date_gmt":"2026-03-26T08:05:38","guid":{"rendered":"https:\/\/kunskapsforbundet.se\/vuxenutbildningen\/?page_id=29738"},"modified":"2026-03-26T09:05:39","modified_gmt":"2026-03-26T08:05:39","slug":"instruktion-for-urvalsprov","status":"publish","type":"page","link":"https:\/\/kunskapsforbundet.se\/vuxenutbildningen\/instruktion-for-urvalsprov\/","title":{"rendered":"Instruktion f\u00f6r urvalsprov"},"content":{"rendered":"\n<p>H\u00e4r n\u00e5r du instruktionen f\u00f6r urvalsprov<\/p>\n\n\n\n<div data-wp-interactive=\"core\/file\" class=\"wp-block-file\"><object data-wp-bind--hidden=\"!state.hasPdfPreview\" hidden class=\"wp-block-file__embed\" data=\"https:\/\/kunskapsforbundet.se\/app\/uploads\/sites\/6\/2026\/03\/Instruktion-for-urvalsprov.pdf\" type=\"application\/pdf\" style=\"width:100%;height:600px\" aria-label=\"Inb\u00e4ddning av Instruktion f\u00f6r urvalsprov.\"><\/object><a id=\"wp-block-file--media-e2c4ea2e-2f66-4373-87a4-6e051e973141\" href=\"https:\/\/kunskapsforbundet.se\/app\/uploads\/sites\/6\/2026\/03\/Instruktion-for-urvalsprov.pdf\">Instruktion f\u00f6r urvalsprov<\/a><a href=\"https:\/\/kunskapsforbundet.se\/app\/uploads\/sites\/6\/2026\/03\/Instruktion-for-urvalsprov.pdf\" class=\"wp-block-file__button wp-element-button\" download aria-describedby=\"wp-block-file--media-e2c4ea2e-2f66-4373-87a4-6e051e973141\">Ladda ner<\/a><\/div>\n\n\n\n<p><\/p>\n","protected":false},"excerpt":{"rendered":"<p>H\u00e4r n\u00e5r du instruktionen f\u00f6r urvalsprov<\/p>\n","protected":false},"author":60,"featured_media":0,"parent":0,"menu_order":0,"comment_status":"closed","ping_status":"closed","template":"","meta":{"_acf_changed":false,"footnotes":""},"class_list":["post-29738","page","type-page","status-publish","hentry"],"acf":[],"_links":{"self":[{"href":"https:\/\/kunskapsforbundet.se\/vuxenutbildningen\/wp-json\/wp\/v2\/pages\/29738","targetHints":{"allow":["GET"]}}],"collection":[{"href":"https:\/\/kunskapsforbundet.se\/vuxenutbildningen\/wp-json\/wp\/v2\/pages"}],"about":[{"href":"https:\/\/kunskapsforbundet.se\/vuxenutbildningen\/wp-json\/wp\/v2\/types\/page"}],"author":[{"embeddable":true,"href":"https:\/\/kunskapsforbundet.se\/vuxenutbildningen\/wp-json\/wp\/v2\/users\/60"}],"replies":[{"embeddable":true,"href":"https:\/\/kunskapsforbundet.se\/vuxenutbildningen\/wp-json\/wp\/v2\/comments?post=29738"}],"version-history":[{"count":1,"href":"https:\/\/kunskapsforbundet.se\/vuxenutbildningen\/wp-json\/wp\/v2\/pages\/29738\/revisions"}],"predecessor-version":[{"id":29740,"href":"https:\/\/kunskapsforbundet.se\/vuxenutbildningen\/wp-json\/wp\/v2\/pages\/29738\/revisions\/29740"}],"wp:attachment":[{"href":"https:\/\/kunskapsforbundet.se\/vuxenutbildningen\/wp-json\/wp\/v2\/media?parent=29738"}],"curies":[{"name":"wp","href":"https:\/\/api.w.org\/{rel}","templated":true}]}}