{"id":29431,"date":"2026-03-09T12:21:28","date_gmt":"2026-03-09T11:21:28","guid":{"rendered":"https:\/\/kunskapsforbundet.se\/vuxenutbildningen\/?page_id=29431"},"modified":"2026-03-09T12:21:28","modified_gmt":"2026-03-09T11:21:28","slug":"nationell-yrkesutbildning","status":"publish","type":"page","link":"https:\/\/kunskapsforbundet.se\/vuxenutbildningen\/nationell-yrkesutbildning\/","title":{"rendered":"Nationell yrkesutbildning"},"content":{"rendered":"\n<p>Nationell yrkesutbildning (NY) \u00e4r en ny skolform som beviljas av Myndigheten f\u00f6r yrkesh\u00f6gskolan (Myh). Det \u00e4r yrkesutbildningar p\u00e5 gymnasial niv\u00e5 f\u00f6r vuxna som fokuserar p\u00e5 att m\u00f6ta arbetslivets kompetensbehov. Utbildningar kommer att genomf\u00f6ras med ett starkt samarbete med ber\u00f6rt arbetsliv, f\u00f6retag och branscher och med praktik l\u00e4rande i arbete (LIA) som ett viktigt inslag i utbildningen. Utbildningarna kommer att vara p\u00e5 heltid och bundna till plats, men med nationell ans\u00f6kan.<\/p>\n\n\n\n<p><\/p>\n","protected":false},"excerpt":{"rendered":"<p>Nationell yrkesutbildning (NY) \u00e4r en ny skolform som beviljas av Myndigheten f\u00f6r yrkesh\u00f6gskolan (Myh). Det \u00e4r yrkesutbildningar p\u00e5 gymnasial niv\u00e5 f\u00f6r vuxna som fokuserar p\u00e5 att m\u00f6ta arbetslivets kompetensbehov. Utbildningar kommer att genomf\u00f6ras med ett starkt samarbete med ber\u00f6rt arbetsliv, f\u00f6retag och branscher och med praktik l\u00e4rande i arbete (LIA) som ett viktigt inslag i [&hellip;]<\/p>\n","protected":false},"author":7,"featured_media":0,"parent":0,"menu_order":0,"comment_status":"closed","ping_status":"closed","template":"page-program-portal.php","meta":{"_acf_changed":false,"footnotes":""},"class_list":["post-29431","page","type-page","status-publish","hentry"],"acf":[],"_links":{"self":[{"href":"https:\/\/kunskapsforbundet.se\/vuxenutbildningen\/wp-json\/wp\/v2\/pages\/29431","targetHints":{"allow":["GET"]}}],"collection":[{"href":"https:\/\/kunskapsforbundet.se\/vuxenutbildningen\/wp-json\/wp\/v2\/pages"}],"about":[{"href":"https:\/\/kunskapsforbundet.se\/vuxenutbildningen\/wp-json\/wp\/v2\/types\/page"}],"author":[{"embeddable":true,"href":"https:\/\/kunskapsforbundet.se\/vuxenutbildningen\/wp-json\/wp\/v2\/users\/7"}],"replies":[{"embeddable":true,"href":"https:\/\/kunskapsforbundet.se\/vuxenutbildningen\/wp-json\/wp\/v2\/comments?post=29431"}],"version-history":[{"count":1,"href":"https:\/\/kunskapsforbundet.se\/vuxenutbildningen\/wp-json\/wp\/v2\/pages\/29431\/revisions"}],"predecessor-version":[{"id":29432,"href":"https:\/\/kunskapsforbundet.se\/vuxenutbildningen\/wp-json\/wp\/v2\/pages\/29431\/revisions\/29432"}],"wp:attachment":[{"href":"https:\/\/kunskapsforbundet.se\/vuxenutbildningen\/wp-json\/wp\/v2\/media?parent=29431"}],"curies":[{"name":"wp","href":"https:\/\/api.w.org\/{rel}","templated":true}]}}