{"id":29327,"date":"2026-03-03T09:30:16","date_gmt":"2026-03-03T08:30:16","guid":{"rendered":"https:\/\/kunskapsforbundet.se\/vuxenutbildningen\/?page_id=29327"},"modified":"2026-04-08T20:45:54","modified_gmt":"2026-04-08T18:45:54","slug":"komvux-hosten-2026","status":"publish","type":"page","link":"https:\/\/kunskapsforbundet.se\/vuxenutbildningen\/komvux-hosten-2026\/","title":{"rendered":"Komvux h\u00f6sten 2026"},"content":{"rendered":"\n<div class=\"pages__ingress pb-4 mb-0\"><p class=\"wp-block-ggb-block-feature__ingress\">Ans\u00f6kan \u00e4r \u00f6ppen 15 april &#8211; 31 maj. Vi startar i augusti!<\/p><\/div>\n\n\n\n<p>15 april \u00f6ppnar ans\u00f6kan till Komvux h\u00f6sten 2026. I utbudet hittar du kurser och \u00e4mnen f\u00f6r betyg och beh\u00f6righet till vidare studier samt korta yrkesutbildningar f\u00f6r vuxna p\u00e5 20, 40 eller 60 veckor. Vi startar i augusti 2026.<\/p>\n\n\n\n<h2 class=\"wp-block-heading\">F\u00f6rbered dig inf\u00f6r h\u00f6stens studier<\/h2>\n\n\n\n<p>Redan nu kan du f\u00f6rbereda dig f\u00f6r att g\u00f6ra din ans\u00f6kan s\u00e5 smidig som m\u00f6jligt:<\/p>\n\n\n\n<p><i class=\"icon fas fa-check\" aria-hidden=\"true\"> <\/i><strong>Hitta din utbildning:<\/strong> Titta i utbudet av frist\u00e5ende kurser, \u00e4mnen och yrkesutbildningar redan nu.<\/p>\n\n\n\n<p><i class=\"icon fas fa-check\" aria-hidden=\"true\"> <\/i><strong>Samla dina betyg\/intyg:<\/strong> Se till att du har dina tidigare betyg tillg\u00e4ngliga ifall du beh\u00f6ver bifoga dessa med ans\u00f6kan.<\/p>\n\n\n\n<p><i class=\"icon fas fa-check\" aria-hidden=\"true\"> <\/i><strong>Boka studiev\u00e4gledning:<\/strong> Beh\u00f6ver du hj\u00e4lp att v\u00e4lja? Boka ett samtal med en studie- och yrkesv\u00e4gledare (SYV) f\u00f6r en studieplanering. <a href=\"https:\/\/kunskapsforbundet.se\/vuxenutbildningen\/studie-och-yrkesvagledning\/\">L\u00e4s om studie- och yrkesv\u00e4gledningen h\u00e4r.<\/a><\/p>\n\n\n\n<h2 class=\"wp-block-heading\">H\u00e4r hittar du kurser, \u00e4mnen och yrkesutbildningar<\/h2>\n\n\n\n<p>Du kan redan nu l\u00e4sa om det planerade utbildningsutbudet inom Komvux. Men t\u00e4nk p\u00e5 att det kan ske f\u00f6r\u00e4ndringar.<\/p>\n\n\n\n<p>Du kan l\u00e4sa mer om utbudet h\u00e4r nedan. Klicka p\u00e5 knapparna f\u00f6r att komma vidare.<a href=\"https:\/\/kunskapsforbundet.se\/vuxenutbildningen\/program\/#kurser\"><\/a><\/p>\n\n\n\n<div class=\"wp-block-columns is-layout-flex wp-container-core-columns-is-layout-9d6595d7 wp-block-columns-is-layout-flex\">\n<div class=\"wp-block-column is-layout-flow wp-block-column-is-layout-flow\">\n<div class=\"wp-block-buttons is-layout-flex wp-block-buttons-is-layout-flex\">\n<div class=\"wp-block-button has-custom-width wp-block-button__width-100\"><a class=\"wp-block-button__link has-white-color has-text-color has-background has-link-color wp-element-button\" href=\"https:\/\/kunskapsforbundet.se\/vuxenutbildningen\/program\/#kurser\" style=\"border-top-left-radius:0px;border-top-right-radius:0px;border-bottom-left-radius:0px;border-bottom-right-radius:0px;background-color:#9f8fca\"><i class=\"icon fas fa-link\" aria-hidden=\"true\"> <\/i>Kurser och \u00e4mnen<\/a><\/div>\n<\/div>\n\n\n\n<div class=\"wp-block-buttons is-layout-flex wp-block-buttons-is-layout-flex\">\n<div class=\"wp-block-button has-custom-width wp-block-button__width-100\"><a class=\"wp-block-button__link has-white-color has-text-color has-background has-link-color wp-element-button\" href=\"https:\/\/kunskapsforbundet.se\/vuxenutbildningen\/yrkesutbildning-med-sprakstod\/\" style=\"border-top-left-radius:0px;border-top-right-radius:0px;border-bottom-left-radius:0px;border-bottom-right-radius:0px;background-color:#9f8fca\"><i class=\"icon fas fa-link\" aria-hidden=\"true\"> <\/i>Yrkesutbildning spr\u00e5kst\u00f6d<\/a><\/div>\n<\/div>\n<\/div>\n\n\n\n<div class=\"wp-block-column is-layout-flow wp-block-column-is-layout-flow\">\n<div class=\"wp-block-buttons is-layout-flex wp-block-buttons-is-layout-flex\">\n<div class=\"wp-block-button has-custom-width wp-block-button__width-100\"><a class=\"wp-block-button__link has-white-color has-text-color has-background has-link-color wp-element-button\" href=\"https:\/\/kunskapsforbundet.se\/vuxenutbildningen\/yrkesutbildning-yrkesvux\/\" style=\"border-top-left-radius:0px;border-top-right-radius:0px;border-bottom-left-radius:0px;border-bottom-right-radius:0px;background-color:#9f8fca\"><i class=\"icon fas fa-link\" aria-hidden=\"true\"> <\/i>Yrkesutbildning<\/a><\/div>\n<\/div>\n\n\n\n<div class=\"wp-block-buttons is-layout-flex wp-block-buttons-is-layout-flex\">\n<div class=\"wp-block-button has-custom-width wp-block-button__width-100\"><a class=\"wp-block-button__link has-white-color has-text-color has-background has-link-color wp-element-button\" href=\"https:\/\/kunskapsforbundet.se\/vuxenutbildningen\/validering\/\" style=\"border-top-left-radius:0px;border-top-right-radius:0px;border-bottom-left-radius:0px;border-bottom-right-radius:0px;background-color:#9f8fca\"><i class=\"icon fas fa-link\" aria-hidden=\"true\"> <\/i>Validering<\/a><\/div>\n<\/div>\n<\/div>\n<\/div>\n\n\n\n<h2 class=\"wp-block-heading\">Utbildningsm\u00e4ssa &#8211; 22 april<\/h2>\n\n\n\n<p>Uppt\u00e4ck dina m\u00f6jligheter med vuxenstudier! V\u00e4lkommen till utbildningsm\u00e4ssa 22 april. H\u00e4r f\u00e5r du chansen att m\u00f6ta alla v\u00e5ra yrkesutbildningar f\u00f6r vuxna som startar till h\u00f6sten. Ta chansen Tr\u00e4ffa l\u00e4rare, elever och studie- och yrkesv\u00e4gledare som kan hj\u00e4lpa dig med dina fr\u00e5gor.<\/p>\n\n\n\n<ul class=\"wp-block-list\">\n<li>Onsdag 22 april, klockan 12:00 \u2013 17:00<\/li>\n\n\n\n<li>Plats: V\u00e4nerparken 5, V\u00e4nersborg<\/li>\n<\/ul>\n\n\n\n<div class=\"wp-block-buttons is-layout-flex wp-block-buttons-is-layout-flex\">\n<div class=\"wp-block-button has-custom-width wp-block-button__width-50\"><a class=\"wp-block-button__link has-white-color has-text-color has-background has-link-color wp-element-button\" href=\"https:\/\/kunskapsforbundet.se\/vuxenutbildningen\/utbildningsmassa-vuxenutbildningen\/\" style=\"border-top-left-radius:0px;border-top-right-radius:0px;border-bottom-left-radius:0px;border-bottom-right-radius:0px;background-color:#9f8fca\"><i class=\"icon fas fa-link\" aria-hidden=\"true\"> <\/i>Utbildningsm\u00e4ssa 22 april<\/a><\/div>\n<\/div>\n\n\n\n<h2 class=\"wp-block-heading\">Studiebes\u00f6k: Yrkesutbildning f\u00f6r vuxna<\/h2>\n\n\n\n<p>Inf\u00f6r ans\u00f6kan till h\u00f6stens yrkesutbildningar \u00f6ppnar vi d\u00f6rrarna f\u00f6r dig! H\u00e4r kan du boka ett eller flera&nbsp;studiebes\u00f6k&nbsp;f\u00f6r att komma v\u00e5ra yrkesutbildningar f\u00f6r vuxna riktigt n\u00e4ra. Varje bes\u00f6k tar cirka 30 minuter.<\/p>\n\n\n\n<div class=\"wp-block-buttons is-layout-flex wp-block-buttons-is-layout-flex\">\n<div class=\"wp-block-button has-custom-width wp-block-button__width-50\"><a class=\"wp-block-button__link has-white-color has-text-color has-background has-link-color wp-element-button\" href=\"https:\/\/kunskapsforbundet.se\/vuxenutbildningen\/studiebesok-yrkesutbildning-for-vuxna\/\" style=\"border-top-left-radius:0px;border-top-right-radius:0px;border-bottom-left-radius:0px;border-bottom-right-radius:0px;background-color:#9f8fca\"><i class=\"icon fas fa-link\" aria-hidden=\"true\"> <\/i>Boka ditt studiebes\u00f6k h\u00e4r<\/a><\/div>\n<\/div>\n\n\n\n<h2 class=\"wp-block-heading\">G\u00f6r din ans\u00f6kan till Komvux h\u00e4r<\/h2>\n\n\n\n<p>N\u00e4r ans\u00f6kan \u00e4r \u00f6ppen anv\u00e4nder du webbans\u00f6kan\/Komvux f\u00f6r att g\u00f6ra din ans\u00f6kan. Om du vill l\u00e4sa mer om <a href=\"https:\/\/kunskapsforbundet.se\/vuxenutbildningen\/webbansokan-komvux\/\">webbans\u00f6kan\/Komvux kan du g\u00f6ra det h\u00e4r<\/a>. F\u00f6r att komma direkt till ans\u00f6kan klickar du p\u00e5 knappen nedan.<\/p>\n\n\n\n<div class=\"wp-block-buttons is-layout-flex wp-block-buttons-is-layout-flex\">\n<div class=\"wp-block-button has-custom-width wp-block-button__width-100\"><a class=\"wp-block-button__link has-black-color has-text-color has-background has-medium-font-size has-custom-font-size wp-element-button\" href=\"https:\/\/education.service.tieto.com\/AdultApplication.Student\/#\/search-offering\/kv?domain=KunskapsforbundetVast\" style=\"background-color:#e1d9ec\"><i class=\"icon fa fa-external-link\" aria-hidden=\"true\"> <\/i><strong>Webbans\u00f6kan Komvux | Klicka h\u00e4r f\u00f6r att ans\u00f6ka<\/strong><\/a><\/div>\n<\/div>\n\n\n\n<p style=\"font-size:11px\"><em>Ans\u00f6kan kr\u00e4ver BankID.<\/em> Om du inte kan skicka in din ans\u00f6kan eller om du inte f\u00e5r ett bekr\u00e4ftelsemail ifr\u00e5n skolan n\u00e4r du gjort din ans\u00f6kan s\u00e5 h\u00f6r av dig till administrationen via e-tj\u00e4nst: <a href=\"https:\/\/minasidor.kunskapsforbundet.se\/oversikt\/overview\/215\">https:\/\/minasidor.kunskapsforbundet.se\/oversikt\/overview\/215<\/a><\/p>\n\n\n\n<h2 class=\"wp-block-heading\">Har du fr\u00e5gor om utbildning?<\/h2>\n\n\n\n<div class=\"wp-block-columns is-layout-flex wp-container-core-columns-is-layout-9d6595d7 wp-block-columns-is-layout-flex\">\n<div class=\"wp-block-column is-layout-flow wp-block-column-is-layout-flow\">\n<div class=\"wp-block-buttons is-layout-flex wp-block-buttons-is-layout-flex\">\n<div class=\"wp-block-button has-custom-width wp-block-button__width-100\"><a class=\"wp-block-button__link has-black-color has-text-color has-background has-link-color has-small-font-size has-custom-font-size wp-element-button\" href=\"https:\/\/minasidor.kunskapsforbundet.se\/oversikt\/overview\/215\" style=\"border-radius:0px;background-color:#e1d9ec\"><strong>Fr\u00e5ga oss! Administration<\/strong><\/a><\/div>\n<\/div>\n\n\n\n<p class=\"has-small-font-size\"><strong><em>e-tj\u00e4nst:<\/em><\/strong> Fr\u00e5gor om ans\u00f6kan, intyg, betyg, svarsbesked, studieavbrott eller andra fr\u00e5gor\/synpunkter.<\/p>\n<\/div>\n\n\n\n<div class=\"wp-block-column is-layout-flow wp-block-column-is-layout-flow\">\n<div class=\"wp-block-buttons is-layout-flex wp-block-buttons-is-layout-flex\">\n<div class=\"wp-block-button has-custom-width wp-block-button__width-100\"><a class=\"wp-block-button__link has-black-color has-text-color has-background has-link-color has-small-font-size has-custom-font-size wp-element-button\" href=\"https:\/\/minasidor.kunskapsforbundet.se\/oversikt\/overview\/178\" style=\"border-radius:0px;background-color:#e1d9ec\"><strong>Fr\u00e5ga oss! Studie- och yrkesv\u00e4gledning<\/strong><\/a><\/div>\n<\/div>\n\n\n\n<p class=\"has-small-font-size\"><strong><em>e-tj\u00e4nst:<\/em><\/strong> Fr\u00e5gor om antagning, beh\u00f6righet, studieplanering och yrken\/arbetsmarknad.<\/p>\n<\/div>\n<\/div>\n\n\n\n<h2 class=\"wp-block-heading\">Undvik schemakrockar &#8211; planera dina studier<\/h2>\n\n\n\n<p>N\u00e4r du studerar frist\u00e5ende kurser eller \u00e4mnesniv\u00e5er \u00e4r det viktigt att noggrant du planerar ditt schema f\u00f6r att undvika schemakrockar. F\u00f6r att lyckas med framg\u00e5ngsrika studier, se till att v\u00e4lja kurser eller \u00e4mnesniv\u00e5er som passar utan att lektionerna krockar med varandra. Skulle det uppst\u00e5 en krock, rekommenderar vi att du v\u00e4ljer annan studieform, kurs eller \u00e4mnesniv\u00e5. Det \u00e4r ditt eget ansvar att planera f\u00f6r dina studier och f\u00f6r att kunna ta till dig den undervisning du eventuellt missar.<\/p>\n\n\n\n<p>Ett schema utan krockar inneb\u00e4r att du kan delta i alla lektioner och dra full nytta av din studietid och skapa de b\u00e4sta f\u00f6ruts\u00e4ttningarna f\u00f6r framg\u00e5ngsrika studier.<\/p>\n\n\n\n<h2 class=\"wp-block-heading\">Fritt s\u00f6k<\/h2>\n\n\n\n<p>F\u00f6r att kunna erbjuda kommuninv\u00e5nare i Trollh\u00e4ttan och V\u00e4nersborg ett st\u00f6rre utbud av yrkesutbildningar f\u00f6r vuxna sker ett samarbete mellan Kunskapsf\u00f6rbundet\/vuxenutbildning, Uddevalla vuxenutbildning samt Orust vuxenutbildning. Du som bor i Trollh\u00e4ttans eller V\u00e4nersborgs kommun kan s\u00f6ka samtliga yrkesutbildningar som erbjuds h\u00e4r. <a href=\"https:\/\/kunskapsforbundet.se\/vuxenutbildningen\/fritt-sok\/\">L\u00e4s mer om fritt s\u00f6k h\u00e4r<\/a><\/p>\n\n\n\n<p><\/p>\n","protected":false},"excerpt":{"rendered":"<p>15 april \u00f6ppnar ans\u00f6kan till Komvux h\u00f6sten 2026. I utbudet hittar du kurser och \u00e4mnen f\u00f6r betyg och beh\u00f6righet till vidare studier samt korta yrkesutbildningar f\u00f6r vuxna p\u00e5 20, 40 eller 60 veckor. Vi startar i augusti 2026. F\u00f6rbered dig inf\u00f6r h\u00f6stens studier Redan nu kan du f\u00f6rbereda dig f\u00f6r att g\u00f6ra din ans\u00f6kan s\u00e5 [&hellip;]<\/p>\n","protected":false},"author":7,"featured_media":29779,"parent":0,"menu_order":0,"comment_status":"closed","ping_status":"closed","template":"","meta":{"_acf_changed":false,"footnotes":""},"class_list":["post-29327","page","type-page","status-publish","has-post-thumbnail","hentry"],"acf":[],"_links":{"self":[{"href":"https:\/\/kunskapsforbundet.se\/vuxenutbildningen\/wp-json\/wp\/v2\/pages\/29327","targetHints":{"allow":["GET"]}}],"collection":[{"href":"https:\/\/kunskapsforbundet.se\/vuxenutbildningen\/wp-json\/wp\/v2\/pages"}],"about":[{"href":"https:\/\/kunskapsforbundet.se\/vuxenutbildningen\/wp-json\/wp\/v2\/types\/page"}],"author":[{"embeddable":true,"href":"https:\/\/kunskapsforbundet.se\/vuxenutbildningen\/wp-json\/wp\/v2\/users\/7"}],"replies":[{"embeddable":true,"href":"https:\/\/kunskapsforbundet.se\/vuxenutbildningen\/wp-json\/wp\/v2\/comments?post=29327"}],"version-history":[{"count":19,"href":"https:\/\/kunskapsforbundet.se\/vuxenutbildningen\/wp-json\/wp\/v2\/pages\/29327\/revisions"}],"predecessor-version":[{"id":30190,"href":"https:\/\/kunskapsforbundet.se\/vuxenutbildningen\/wp-json\/wp\/v2\/pages\/29327\/revisions\/30190"}],"wp:featuredmedia":[{"embeddable":true,"href":"https:\/\/kunskapsforbundet.se\/vuxenutbildningen\/wp-json\/wp\/v2\/media\/29779"}],"wp:attachment":[{"href":"https:\/\/kunskapsforbundet.se\/vuxenutbildningen\/wp-json\/wp\/v2\/media?parent=29327"}],"curies":[{"name":"wp","href":"https:\/\/api.w.org\/{rel}","templated":true}]}}