{"id":2900,"date":"2015-04-14T15:22:59","date_gmt":"2015-04-14T13:22:59","guid":{"rendered":"https:\/\/www.kunskapsforbundet.se\/vuxenutbildningen\/?page_id=2900"},"modified":"2024-09-18T13:51:17","modified_gmt":"2024-09-18T11:51:17","slug":"vad-kan-vi-erbjuda-dig","status":"publish","type":"page","link":"https:\/\/kunskapsforbundet.se\/vuxenutbildningen\/vad-kan-vi-erbjuda-dig\/","title":{"rendered":"Vad kan vi erbjuda dig"},"content":{"rendered":"\n<div class=\"pages__ingress pb-4 mb-0\"><p class=\"wp-block-ggb-block-feature__ingress\">P\u00e5 Vuxenutbildningen finns utbildningskoordinatorer som kan ge dig, i n\u00e4ringslivet eller offentlig verksamhet, st\u00f6d och hj\u00e4lp att diskutera kompetensfr\u00e5gor.<\/p><\/div>\n\n\n<h2>R\u00e4tt kompetensutveckling<\/h2>\n<p>Vi hj\u00e4lper er att hitta r\u00e4tt! Anv\u00e4nd oss f\u00f6r inventering och analys f\u00f6r kompetensf\u00f6rs\u00f6rjning p\u00e5 ert f\u00f6retag. Vi f\u00f6resl\u00e5r och hj\u00e4lper till med handlingsplan f\u00f6r aktiviteter och upplyser om utbildningar f\u00f6r er. Vi initierar, f\u00f6rmedlar kompetensh\u00f6jande \u00e5tg\u00e4rder som utbildningar, kurser, uppdragsutbildningar, kontakt med utbildningsanordnare, ordnar seminarier, m\u00f6testr\u00e4ffar och f\u00f6rel\u00e4sningar f\u00f6r er.<a href=\"https:\/\/kunskapsforbundet.se\/vuxenutbildningen\/program\/foretagsanpassad-utbildning\/\"> Du kan l\u00e4sa mer om f\u00f6retagsanpassad utbildning h\u00e4r.<\/a><\/p>\n<h2>Lokal kompetensplattform<\/h2>\n<p>Vuxenutbildningen arbetar med att identifiera kompetens- och utbildningsbehov bland inv\u00e5nare, f\u00f6retag och organisationer i Trollh\u00e4ttans och V\u00e4nersborgs kommuner. Detta arbete \u00e4r en del i ett st\u00e4ndigt f\u00f6rb\u00e4ttringsarbete g\u00e4llande utbildningsutbudet p\u00e5 Vuxenutbildningen.\u00a0<a href=\"https:\/\/kunskapsforbundet.se\/vuxenutbildningen\/rapporter-och-behovsanalyser\/\">Vill du ta del av rapporter hittar du dessa h\u00e4r<\/a><\/p>\n<h2>EU-projekt p\u00e5 Vuxenutbildningen<\/h2>\n<p>Vuxenutbildningen deltar i olika EU-projekt inom kompetensf\u00f6rs\u00f6rjning.\u00a0L\u00e4s mer, om dessa projekt kan vara till nytta f\u00f6r ditt f\u00f6retag eller din organisation. L\u00e4s mer om <a href=\"https:\/\/kunskapsforbundet.se\/vuxenutbildningen\/samverkansprojekt\/\">samverkansprojekt h\u00e4r<\/a> eller om<a href=\"https:\/\/kunskapsforbundet.se\/vuxenutbildningen\/internationalisering\/\"> internationalisering h\u00e4r<\/a>.<\/p>\n<h2>Delta i n\u00e4tverk och engagemang i kompetensfr\u00e5gor<\/h2>\n<p>Vi f\u00f6rmedlar till v\u00e5ra n\u00e4tverk, kanske vill du\/ni medverka i n\u00e5got, komma i kontakt med likasinnade.\u00a0Du\/Ni kanske vill engagera er i kompetensfr\u00e5gor, utbildning. Vi hj\u00e4lper till att f\u00f6rmedla, du kanske har n\u00e5got du kan\/vill delge, specialistkunskap eller n\u00e5gon erfarenhet.<\/p>\n<h2>\u00a0<\/h2>\n<p><\/p>","protected":false},"excerpt":{"rendered":"<p>R\u00e4tt kompetensutveckling Vi hj\u00e4lper er att hitta r\u00e4tt! Anv\u00e4nd oss f\u00f6r inventering och analys f\u00f6r kompetensf\u00f6rs\u00f6rjning p\u00e5 ert f\u00f6retag. Vi f\u00f6resl\u00e5r och hj\u00e4lper till med handlingsplan f\u00f6r aktiviteter och upplyser om utbildningar f\u00f6r er. Vi initierar, f\u00f6rmedlar kompetensh\u00f6jande \u00e5tg\u00e4rder som utbildningar, kurser, uppdragsutbildningar, kontakt med utbildningsanordnare, ordnar seminarier, m\u00f6testr\u00e4ffar och f\u00f6rel\u00e4sningar f\u00f6r er. Du kan [&hellip;]<\/p>\n","protected":false},"author":7,"featured_media":0,"parent":0,"menu_order":0,"comment_status":"closed","ping_status":"closed","template":"","meta":{"_acf_changed":false,"footnotes":""},"class_list":["post-2900","page","type-page","status-publish","hentry"],"acf":[],"_links":{"self":[{"href":"https:\/\/kunskapsforbundet.se\/vuxenutbildningen\/wp-json\/wp\/v2\/pages\/2900","targetHints":{"allow":["GET"]}}],"collection":[{"href":"https:\/\/kunskapsforbundet.se\/vuxenutbildningen\/wp-json\/wp\/v2\/pages"}],"about":[{"href":"https:\/\/kunskapsforbundet.se\/vuxenutbildningen\/wp-json\/wp\/v2\/types\/page"}],"author":[{"embeddable":true,"href":"https:\/\/kunskapsforbundet.se\/vuxenutbildningen\/wp-json\/wp\/v2\/users\/7"}],"replies":[{"embeddable":true,"href":"https:\/\/kunskapsforbundet.se\/vuxenutbildningen\/wp-json\/wp\/v2\/comments?post=2900"}],"version-history":[{"count":40,"href":"https:\/\/kunskapsforbundet.se\/vuxenutbildningen\/wp-json\/wp\/v2\/pages\/2900\/revisions"}],"predecessor-version":[{"id":23389,"href":"https:\/\/kunskapsforbundet.se\/vuxenutbildningen\/wp-json\/wp\/v2\/pages\/2900\/revisions\/23389"}],"wp:attachment":[{"href":"https:\/\/kunskapsforbundet.se\/vuxenutbildningen\/wp-json\/wp\/v2\/media?parent=2900"}],"curies":[{"name":"wp","href":"https:\/\/api.w.org\/{rel}","templated":true}]}}