{"id":29,"date":"2014-07-15T21:17:59","date_gmt":"2014-07-15T19:17:59","guid":{"rendered":"https:\/\/www.kunskapsforbundet.se\/vuxenutbildningen\/?page_id=29"},"modified":"2025-12-19T11:13:00","modified_gmt":"2025-12-19T10:13:00","slug":"om-webbplatsen","status":"publish","type":"page","link":"https:\/\/kunskapsforbundet.se\/vuxenutbildningen\/om-webbplatsen\/","title":{"rendered":"Om webbplatsen"},"content":{"rendered":"\n<div class=\"pages__ingress pb-4 mb-0\"><p class=\"wp-block-ggb-block-feature__ingress\">Vill du rapportera tekniska problem, driftst\u00f6rningar eller har du fr\u00e5gor om sidornas inneh\u00e5ll, s\u00e4kerhet eller tillg\u00e4nglighet? Nedan finner du kontaktuppgifter till ansvarig redakt\u00f6r f\u00f6r respektive webbplats.<\/p><\/div>\n\n\n\n<h2 class=\"wp-block-heading\">Ansvariga webbredakt\u00f6rer<\/h2>\n\n\n\n<p><strong>Kunskapsf\u00f6rbundet<\/strong><br>Elin Sj\u00f6berg<br><em>Kommunikat\u00f6r<\/em><br>Tel: 0521-72 20 60<br><a href=\"mailto:jonas.holmgren@kunskapsforbundet.se\">elin.sjoberg@kunskapsforbundet.se<\/a><\/p>\n\n\n\n<p><strong>Birger Sj\u00f6berggymnasiet, Magnus \u00c5bergsgymnasiet och Nils Ericsonsgymnasiet<br><\/strong>Emma Svensson<br><em>Kommunikat\u00f6r<\/em><br>Tel: 0521-72 27 35<br><a href=\"mailto:elin.sjoberg@kunskapsforbundet.se\"><span style=\"color: #0066cc;\">emma.svensson@kunskapsforbundet.se<\/span><\/a><\/p>\n\n\n\n<p><strong>Vuxenutbildningen<\/strong><br>Christer Bergwall<br><em>Kommunikat\u00f6r<br><\/em>Tel: 0700-82 09 74<br><a href=\"mailto:christer.bergwall@kunskapsforbundet.se\">christer.bergwall@kunskapsforbundet.se<\/a><\/p>\n","protected":false},"excerpt":{"rendered":"<p>Ansvariga webbredakt\u00f6rer Kunskapsf\u00f6rbundetElin Sj\u00f6bergKommunikat\u00f6rTel: 0521-72 20 60elin.sjoberg@kunskapsforbundet.se Birger Sj\u00f6berggymnasiet, Magnus \u00c5bergsgymnasiet och Nils EricsonsgymnasietEmma SvenssonKommunikat\u00f6rTel: 0521-72 27 35emma.svensson@kunskapsforbundet.se VuxenutbildningenChrister BergwallKommunikat\u00f6rTel: 0700-82 09 74christer.bergwall@kunskapsforbundet.se<\/p>\n","protected":false},"author":1,"featured_media":0,"parent":0,"menu_order":0,"comment_status":"closed","ping_status":"closed","template":"","meta":{"_acf_changed":false,"footnotes":""},"class_list":["post-29","page","type-page","status-publish","hentry"],"acf":[],"_links":{"self":[{"href":"https:\/\/kunskapsforbundet.se\/vuxenutbildningen\/wp-json\/wp\/v2\/pages\/29","targetHints":{"allow":["GET"]}}],"collection":[{"href":"https:\/\/kunskapsforbundet.se\/vuxenutbildningen\/wp-json\/wp\/v2\/pages"}],"about":[{"href":"https:\/\/kunskapsforbundet.se\/vuxenutbildningen\/wp-json\/wp\/v2\/types\/page"}],"author":[{"embeddable":true,"href":"https:\/\/kunskapsforbundet.se\/vuxenutbildningen\/wp-json\/wp\/v2\/users\/1"}],"replies":[{"embeddable":true,"href":"https:\/\/kunskapsforbundet.se\/vuxenutbildningen\/wp-json\/wp\/v2\/comments?post=29"}],"version-history":[{"count":9,"href":"https:\/\/kunskapsforbundet.se\/vuxenutbildningen\/wp-json\/wp\/v2\/pages\/29\/revisions"}],"predecessor-version":[{"id":27814,"href":"https:\/\/kunskapsforbundet.se\/vuxenutbildningen\/wp-json\/wp\/v2\/pages\/29\/revisions\/27814"}],"wp:attachment":[{"href":"https:\/\/kunskapsforbundet.se\/vuxenutbildningen\/wp-json\/wp\/v2\/media?parent=29"}],"curies":[{"name":"wp","href":"https:\/\/api.w.org\/{rel}","templated":true}]}}