{"id":28381,"date":"2026-01-29T09:11:59","date_gmt":"2026-01-29T08:11:59","guid":{"rendered":"https:\/\/kunskapsforbundet.se\/vuxenutbildningen\/?page_id=28381"},"modified":"2026-01-29T09:12:01","modified_gmt":"2026-01-29T08:12:01","slug":"distanstentamen","status":"publish","type":"page","link":"https:\/\/kunskapsforbundet.se\/vuxenutbildningen\/distanstentamen\/","title":{"rendered":"Distanstentamen"},"content":{"rendered":"\n<div class=\"pages__ingress pb-4 mb-0\"><p class=\"wp-block-ggb-block-feature__ingress\">Studerar du p\u00e5 en annan ort men fortfarande bor i Trollh\u00e4ttan eller V\u00e4nersborg och vill skriva din tentamen h\u00e4r hemma? Vi erbjuder studenter fr\u00e5n andra l\u00e4ros\u00e4ten att skriva din tentamen hos oss.<\/p><\/div>\n\n\n\n<div class=\"wp-block-buttons is-layout-flex wp-block-buttons-is-layout-flex\">\n<div class=\"wp-block-button\"><a class=\"wp-block-button__link has-background wp-element-button\" href=\"https:\/\/minasidor.kunskapsforbundet.se\/oversikt\/overview\/219\" style=\"border-top-left-radius:0px;border-top-right-radius:0px;border-bottom-left-radius:0px;border-bottom-right-radius:0px;background-color:#462a84\">Skicka in f\u00f6rfr\u00e5gan om distanstentamen (e-tj\u00e4nst)<\/a><\/div>\n<\/div>\n\n\n\n<p><br><\/p>\n\n\n\n        <section aria-label=\"\u00d6ppningsbara flikar 1\" class=\"accordions mt-6 mb-6\">\n            <div class=\"container\" data-accordions=\"true\">\n                <div class=\"tab-pages\" role=\"tablist\">\n                                            <section class=\"tab-page\">\n                            <header>\n                                <button class=\"tab-page-head has-text-color-black\" id=\"accordions-shortcode1-tab-0\" role=\"tab\" aria-selected=\"false\" aria-controls=\"accordions-shortcode1-tabpanel-0\" aria-label=\"Vem f\u00e5r skriva tentamen hos oss?\" style=\"background: #e1d9ec\">\n                                    <div class=\"level\">\n                                        <div class=\"level-start\">\n                                            <div class=\"level-item\">\n                                                <h2>Vem f\u00e5r skriva tentamen hos oss?<\/h2>\n                                            <\/div>\n                                        <\/div>\n                                        <div class=\"level-end\">\n                                            <div class=\"level-item\">\n                                                <span class=\"accordion-icon plus\" title=\"\u00d6ppna flik\"><\/span>\n                                            <\/div>\n                                            <div class=\"level-item is-hidden\">\n                                                <span class=\"accordion-icon minus\" title=\"St\u00e4ng flik\"><\/span>\n                                            <\/div>\n                                        <\/div>\n                                    <\/div>\n                                <\/button>\n                            <\/header>\n                            <div class=\"tab-page-body is-hidden\" id=\"accordions-shortcode1-tabpanel-0\" role=\"tabpanel\" aria-labelledby=\"accordions-shortcode1-tab-0\" aria-hidden=\"true\">\n                                <div class=\"content\"><p>Om du studerar eftergymnasialt och \u00e4r\u00a0<strong>folkbokf\u00f6rd i Trollh\u00e4ttans eller V\u00e4nersborgs kommun<\/strong>\u00a0kan du skriva din tentamen hos Vuxenutbildningen. Det \u00e4r din skola som avg\u00f6r om du f\u00e5r skriva tentamen p\u00e5 annan ort.<\/p>\n<p><em>Vi tar endast emot dig som \u00e4r folkbokf\u00f6rd i Trollh\u00e4ttans eller V\u00e4nersborgs kommun att skriva tentamen p\u00e5 Vuxenutbildningen.<\/em><\/p><\/div>\n                            <\/div>\n                        <\/section>\n                                            <section class=\"tab-page\">\n                            <header>\n                                <button class=\"tab-page-head has-text-color-black\" id=\"accordions-shortcode1-tab-1\" role=\"tab\" aria-selected=\"false\" aria-controls=\"accordions-shortcode1-tabpanel-1\" aria-label=\"Hur g\u00e5r jag tillv\u00e4ga?\" style=\"background: #9f8fca\">\n                                    <div class=\"level\">\n                                        <div class=\"level-start\">\n                                            <div class=\"level-item\">\n                                                <h2>Hur g\u00e5r jag tillv\u00e4ga?<\/h2>\n                                            <\/div>\n                                        <\/div>\n                                        <div class=\"level-end\">\n                                            <div class=\"level-item\">\n                                                <span class=\"accordion-icon plus\" title=\"\u00d6ppna flik\"><\/span>\n                                            <\/div>\n                                            <div class=\"level-item is-hidden\">\n                                                <span class=\"accordion-icon minus\" title=\"St\u00e4ng flik\"><\/span>\n                                            <\/div>\n                                        <\/div>\n                                    <\/div>\n                                <\/button>\n                            <\/header>\n                            <div class=\"tab-page-body is-hidden\" id=\"accordions-shortcode1-tabpanel-1\" role=\"tabpanel\" aria-labelledby=\"accordions-shortcode1-tab-1\" aria-hidden=\"true\">\n                                <div class=\"content\"><p>Student kontaktar i god tid f\u00f6re tentamen ansvarig p\u00e5 Vuxenutbildningen med uppgifter om dag och tider f\u00f6r tentamen. Vi beh\u00f6ver unders\u00f6ka m\u00f6jligheten att ta emot student f\u00f6r tentamen samt g\u00f6ra n\u00f6dv\u00e4ndiga f\u00f6rberedelser som att se \u00f6ver salar och tentamensvakter.\u00a0<em>Detta beh\u00f6ver du g\u00f6ra innan du anm\u00e4ler till din skola att du vill skriva tentamen h\u00e4r.<\/em><\/p>\n<p>Det \u00e4r du som student som skall st\u00e5 f\u00f6r kontakten med din skola om du vill skriva tentamen hos Kunskapsf\u00f6rbundet Vuxenutbildning. Du beh\u00f6ver f\u00f6rmedla v\u00e5ra kontaktuppgifter till ansvarig f\u00f6r tentamen p\u00e5 din skola.<\/p>\n<p>Tentamen beh\u00f6ver skickas med mail eller vanlig post till ansvarig f\u00f6r tentamen p\u00e5 annan ort i god tid f\u00f6re tentamenstillf\u00e4llet. Skrivningarna sker hos Vuxenutbildningen i V\u00e4nersborg.<\/p>\n<\/div>\n                            <\/div>\n                        <\/section>\n                                            <section class=\"tab-page\">\n                            <header>\n                                <button class=\"tab-page-head has-text-color-black\" id=\"accordions-shortcode1-tab-2\" role=\"tab\" aria-selected=\"false\" aria-controls=\"accordions-shortcode1-tabpanel-2\" aria-label=\"Vart sker tentamen?\" style=\"background: #e1d9ec\">\n                                    <div class=\"level\">\n                                        <div class=\"level-start\">\n                                            <div class=\"level-item\">\n                                                <h2>Vart sker tentamen?<\/h2>\n                                            <\/div>\n                                        <\/div>\n                                        <div class=\"level-end\">\n                                            <div class=\"level-item\">\n                                                <span class=\"accordion-icon plus\" title=\"\u00d6ppna flik\"><\/span>\n                                            <\/div>\n                                            <div class=\"level-item is-hidden\">\n                                                <span class=\"accordion-icon minus\" title=\"St\u00e4ng flik\"><\/span>\n                                            <\/div>\n                                        <\/div>\n                                    <\/div>\n                                <\/button>\n                            <\/header>\n                            <div class=\"tab-page-body is-hidden\" id=\"accordions-shortcode1-tabpanel-2\" role=\"tabpanel\" aria-labelledby=\"accordions-shortcode1-tab-2\" aria-hidden=\"true\">\n                                <div class=\"content\"><p>Tentamen sker hos oss p\u00e5 Vuxenutbildningen i V\u00e4nersborg (V\u00e4nerparken 5).<\/p>\n<p>Vi l\u00f6ser de flesta tentamen som ligger under v\u00e5ra ordinarie \u00f6ppettider p\u00e5 vardagar 8-17, med undantag f\u00f6r kl\u00e4mdagar, semester och andra ledigheter.<\/p>\n<\/div>\n                            <\/div>\n                        <\/section>\n                                            <section class=\"tab-page\">\n                            <header>\n                                <button class=\"tab-page-head has-text-color-black\" id=\"accordions-shortcode1-tab-3\" role=\"tab\" aria-selected=\"false\" aria-controls=\"accordions-shortcode1-tabpanel-3\" aria-label=\"Avgifter\" style=\"background: #9f8fca\">\n                                    <div class=\"level\">\n                                        <div class=\"level-start\">\n                                            <div class=\"level-item\">\n                                                <h2>Avgifter<\/h2>\n                                            <\/div>\n                                        <\/div>\n                                        <div class=\"level-end\">\n                                            <div class=\"level-item\">\n                                                <span class=\"accordion-icon plus\" title=\"\u00d6ppna flik\"><\/span>\n                                            <\/div>\n                                            <div class=\"level-item is-hidden\">\n                                                <span class=\"accordion-icon minus\" title=\"St\u00e4ng flik\"><\/span>\n                                            <\/div>\n                                        <\/div>\n                                    <\/div>\n                                <\/button>\n                            <\/header>\n                            <div class=\"tab-page-body is-hidden\" id=\"accordions-shortcode1-tabpanel-3\" role=\"tabpanel\" aria-labelledby=\"accordions-shortcode1-tab-3\" aria-hidden=\"true\">\n                                <div class=\"content\"><p>F\u00f6r dig som \u00e4r bokf\u00f6rd i Trollh\u00e4ttans eller V\u00e4nersborgs \u00e4r det kostnadsfritt att anv\u00e4nda dig av vuxenutbildningens l\u00e4rcentraverksamhet. Eventuella kursavgifter till utbildarna betalar du sj\u00e4lv. Vi tar inte emot studerande fr\u00e5n andra kommuner.<\/p>\n<\/div>\n                            <\/div>\n                        <\/section>\n                                            <section class=\"tab-page\">\n                            <header>\n                                <button class=\"tab-page-head has-text-color-black\" id=\"accordions-shortcode1-tab-4\" role=\"tab\" aria-selected=\"false\" aria-controls=\"accordions-shortcode1-tabpanel-4\" aria-label=\"Om jag beh\u00f6ver avboka min tid\" style=\"background: #e1d9ec\">\n                                    <div class=\"level\">\n                                        <div class=\"level-start\">\n                                            <div class=\"level-item\">\n                                                <h2>Om jag beh\u00f6ver avboka min tid<\/h2>\n                                            <\/div>\n                                        <\/div>\n                                        <div class=\"level-end\">\n                                            <div class=\"level-item\">\n                                                <span class=\"accordion-icon plus\" title=\"\u00d6ppna flik\"><\/span>\n                                            <\/div>\n                                            <div class=\"level-item is-hidden\">\n                                                <span class=\"accordion-icon minus\" title=\"St\u00e4ng flik\"><\/span>\n                                            <\/div>\n                                        <\/div>\n                                    <\/div>\n                                <\/button>\n                            <\/header>\n                            <div class=\"tab-page-body is-hidden\" id=\"accordions-shortcode1-tabpanel-4\" role=\"tabpanel\" aria-labelledby=\"accordions-shortcode1-tab-4\" aria-hidden=\"true\">\n                                <div class=\"content\"><p>Meddela om du vill avboka tentamenstiden minst 2 arbetsdagar i f\u00f6rv\u00e4g annars beh\u00f6ver vi ta ut en avgift p\u00e5 300:- om du uteblir.<\/p>\n<\/div>\n                            <\/div>\n                        <\/section>\n                                    <\/div>\n                <button class=\"mt-3 tab-page-expand\" data-close=\"St\u00e4ng alla flikar\" data-open=\"Expandera alla flikar\">\n                    Expandera alla flikar                <\/button>\n            <\/div>\n        <\/section>\n\n","protected":false},"excerpt":{"rendered":"","protected":false},"author":59,"featured_media":25804,"parent":0,"menu_order":0,"comment_status":"closed","ping_status":"closed","template":"","meta":{"_acf_changed":false,"footnotes":""},"class_list":["post-28381","page","type-page","status-publish","has-post-thumbnail","hentry"],"acf":[],"_links":{"self":[{"href":"https:\/\/kunskapsforbundet.se\/vuxenutbildningen\/wp-json\/wp\/v2\/pages\/28381","targetHints":{"allow":["GET"]}}],"collection":[{"href":"https:\/\/kunskapsforbundet.se\/vuxenutbildningen\/wp-json\/wp\/v2\/pages"}],"about":[{"href":"https:\/\/kunskapsforbundet.se\/vuxenutbildningen\/wp-json\/wp\/v2\/types\/page"}],"author":[{"embeddable":true,"href":"https:\/\/kunskapsforbundet.se\/vuxenutbildningen\/wp-json\/wp\/v2\/users\/59"}],"replies":[{"embeddable":true,"href":"https:\/\/kunskapsforbundet.se\/vuxenutbildningen\/wp-json\/wp\/v2\/comments?post=28381"}],"version-history":[{"count":3,"href":"https:\/\/kunskapsforbundet.se\/vuxenutbildningen\/wp-json\/wp\/v2\/pages\/28381\/revisions"}],"predecessor-version":[{"id":28384,"href":"https:\/\/kunskapsforbundet.se\/vuxenutbildningen\/wp-json\/wp\/v2\/pages\/28381\/revisions\/28384"}],"wp:featuredmedia":[{"embeddable":true,"href":"https:\/\/kunskapsforbundet.se\/vuxenutbildningen\/wp-json\/wp\/v2\/media\/25804"}],"wp:attachment":[{"href":"https:\/\/kunskapsforbundet.se\/vuxenutbildningen\/wp-json\/wp\/v2\/media?parent=28381"}],"curies":[{"name":"wp","href":"https:\/\/api.w.org\/{rel}","templated":true}]}}