{"id":27996,"date":"2026-01-14T14:59:46","date_gmt":"2026-01-14T13:59:46","guid":{"rendered":"https:\/\/kunskapsforbundet.se\/vuxenutbildningen\/?page_id=27996"},"modified":"2026-01-14T14:59:47","modified_gmt":"2026-01-14T13:59:47","slug":"gy25-sahar-funkar-det","status":"publish","type":"page","link":"https:\/\/kunskapsforbundet.se\/vuxenutbildningen\/gy25-sahar-funkar-det\/","title":{"rendered":"Gy25 \u2013 s\u00e5h\u00e4r funkar det!"},"content":{"rendered":"\n<div class=\"pages__ingress pb-4 mb-0\"><p class=\"wp-block-ggb-block-feature__ingress\">Om du ska b\u00f6rja studera eller forts\u00e4tta med dina studier efter 1 juli 2025 l\u00e4ser du mot de nya \u00e4mnesbetygen, Gy25. H\u00e4r hittar du information om vad som g\u00e4ller! <\/p><\/div>\n\n\n\n<p>GY25 \u00e4r de nya \u00e4mnesbetygen som anv\u00e4nds i gymnasieskolan i Sverige fr\u00e5n och med 1 juli 2025. N\u00e4r du studerar p\u00e5 Vuxenutbildningen och l\u00e4ser \u00e4mnen som baseras p\u00e5 gymnasieniv\u00e5, s\u00e5 kommer dina kurser ocks\u00e5 att f\u00f6lja GY25. <\/p>\n\n\n\n<h2 class=\"wp-block-heading\">Skolverket f\u00f6rklarar<\/h2>\n\n\n\n<p>P\u00e5<a href=\"https:\/\/www.skolverket.se\/styrning-och-ansvar\/forandringar-inom-skolomradet\/gy25----amnesbetyg-pa-gymnasial-niva#:~:text=youtube-videoplay_arrow-,Syftet%20med%20Gy25,av%20sina%20studier%20i%20%C3%A4mnet.\"> skolverket<\/a> hittar du information om vad som g\u00e4ller kring GY25. H\u00e4r nedan finner du deras informationsvideo. <\/p>\n\n\n\n<figure class=\"wp-block-embed is-type-video is-provider-youtube wp-block-embed-youtube wp-embed-aspect-16-9 wp-has-aspect-ratio\"><div class=\"wp-block-embed__wrapper\">\n<iframe loading=\"lazy\" title=\"S\u00e5 blir gymnasieskolan, anpassade gymnasieskolan och komvux 2025, Gy25\" width=\"500\" height=\"281\" src=\"https:\/\/www.youtube.com\/embed\/H_MuzCPAABY?feature=oembed\" frameborder=\"0\" allow=\"accelerometer; autoplay; clipboard-write; encrypted-media; gyroscope; picture-in-picture; web-share\" referrerpolicy=\"strict-origin-when-cross-origin\" allowfullscreen><\/iframe>\n<\/div><\/figure>\n\n\n\n<div class=\"wp-block-buttons is-layout-flex wp-block-buttons-is-layout-flex\">\n<div class=\"wp-block-button\"><a class=\"wp-block-button__link has-black-color has-pale-pink-background-color has-text-color has-background has-link-color wp-element-button\" href=\"https:\/\/www.skolverket.se\/styrning-och-ansvar\/forandringar-inom-skolomradet\/gy25----amnesbetyg-pa-gymnasial-niva#:~:text=youtube-videoplay_arrow-,Syftet%20med%20Gy25,av%20sina%20studier%20i%20%C3%A4mnet.\" style=\"border-radius:0px\">Mer om GY25 | Skolverket<\/a><\/div>\n<\/div>\n\n\n\n<p><\/p>\n","protected":false},"excerpt":{"rendered":"<p>GY25 \u00e4r de nya \u00e4mnesbetygen som anv\u00e4nds i gymnasieskolan i Sverige fr\u00e5n och med 1 juli 2025. N\u00e4r du studerar p\u00e5 Vuxenutbildningen och l\u00e4ser \u00e4mnen som baseras p\u00e5 gymnasieniv\u00e5, s\u00e5 kommer dina kurser ocks\u00e5 att f\u00f6lja GY25. Skolverket f\u00f6rklarar P\u00e5 skolverket hittar du information om vad som g\u00e4ller kring GY25. H\u00e4r nedan finner du deras [&hellip;]<\/p>\n","protected":false},"author":34,"featured_media":27997,"parent":0,"menu_order":0,"comment_status":"closed","ping_status":"closed","template":"","meta":{"_acf_changed":false,"footnotes":""},"class_list":["post-27996","page","type-page","status-publish","has-post-thumbnail","hentry"],"acf":[],"_links":{"self":[{"href":"https:\/\/kunskapsforbundet.se\/vuxenutbildningen\/wp-json\/wp\/v2\/pages\/27996","targetHints":{"allow":["GET"]}}],"collection":[{"href":"https:\/\/kunskapsforbundet.se\/vuxenutbildningen\/wp-json\/wp\/v2\/pages"}],"about":[{"href":"https:\/\/kunskapsforbundet.se\/vuxenutbildningen\/wp-json\/wp\/v2\/types\/page"}],"author":[{"embeddable":true,"href":"https:\/\/kunskapsforbundet.se\/vuxenutbildningen\/wp-json\/wp\/v2\/users\/34"}],"replies":[{"embeddable":true,"href":"https:\/\/kunskapsforbundet.se\/vuxenutbildningen\/wp-json\/wp\/v2\/comments?post=27996"}],"version-history":[{"count":1,"href":"https:\/\/kunskapsforbundet.se\/vuxenutbildningen\/wp-json\/wp\/v2\/pages\/27996\/revisions"}],"predecessor-version":[{"id":27998,"href":"https:\/\/kunskapsforbundet.se\/vuxenutbildningen\/wp-json\/wp\/v2\/pages\/27996\/revisions\/27998"}],"wp:featuredmedia":[{"embeddable":true,"href":"https:\/\/kunskapsforbundet.se\/vuxenutbildningen\/wp-json\/wp\/v2\/media\/27997"}],"wp:attachment":[{"href":"https:\/\/kunskapsforbundet.se\/vuxenutbildningen\/wp-json\/wp\/v2\/media?parent=27996"}],"curies":[{"name":"wp","href":"https:\/\/api.w.org\/{rel}","templated":true}]}}