{"id":2706,"date":"2015-02-27T11:28:04","date_gmt":"2015-02-27T10:28:04","guid":{"rendered":"https:\/\/www.kunskapsforbundet.se\/vuxenutbildningen\/?page_id=2706"},"modified":"2021-12-16T10:05:29","modified_gmt":"2021-12-16T09:05:29","slug":"rattighet-behorighet-och-urval","status":"publish","type":"page","link":"https:\/\/kunskapsforbundet.se\/vuxenutbildningen\/jag-vill-soka-vuxenstudier\/rattighet-behorighet-och-urval\/","title":{"rendered":"R\u00e4tt, beh\u00f6righet och urval"},"content":{"rendered":"\n<div class=\"pages__ingress pb-4 mb-0\"><p>R\u00e4tt att delta i utbildning och urval till utbildning inom vuxenutbildningen regleras av lagar och f\u00f6rordningar.<\/p><\/div>\n\n\n<p>Nedan kan du l\u00e4sa om <strong>r\u00e4ttighet, beh\u00f6righet och urval<\/strong> till olika utbildningar inom olika skolformer.<br>I l\u00e4nklistan l\u00e4ngre till h\u00f6ger finner du l\u00e4nkar till lagar och f\u00f6rordningar.<\/p>\n<p><\/p>\n<p><\/p>","protected":false},"excerpt":{"rendered":"<p>Nedan kan du l\u00e4sa om r\u00e4ttighet, beh\u00f6righet och urval till olika utbildningar inom olika skolformer.I l\u00e4nklistan l\u00e4ngre till h\u00f6ger finner du l\u00e4nkar till lagar och f\u00f6rordningar. R\u00e4tt till s\u00e4rskild utbildning f\u00f6r vuxna p\u00e5 grundl\u00e4ggande niv\u00e5 har den som \u00e4r minst 20 \u00e5r och bosatt i Sverige. Du ska sakna s\u00e5dana kunskaper som barn och ungdomar [&hellip;]<\/p>\n","protected":false},"author":8,"featured_media":0,"parent":1698,"menu_order":0,"comment_status":"closed","ping_status":"closed","template":"","meta":{"_acf_changed":false,"footnotes":""},"class_list":["post-2706","page","type-page","status-publish","hentry"],"acf":[],"_links":{"self":[{"href":"https:\/\/kunskapsforbundet.se\/vuxenutbildningen\/wp-json\/wp\/v2\/pages\/2706","targetHints":{"allow":["GET"]}}],"collection":[{"href":"https:\/\/kunskapsforbundet.se\/vuxenutbildningen\/wp-json\/wp\/v2\/pages"}],"about":[{"href":"https:\/\/kunskapsforbundet.se\/vuxenutbildningen\/wp-json\/wp\/v2\/types\/page"}],"author":[{"embeddable":true,"href":"https:\/\/kunskapsforbundet.se\/vuxenutbildningen\/wp-json\/wp\/v2\/users\/8"}],"replies":[{"embeddable":true,"href":"https:\/\/kunskapsforbundet.se\/vuxenutbildningen\/wp-json\/wp\/v2\/comments?post=2706"}],"version-history":[{"count":32,"href":"https:\/\/kunskapsforbundet.se\/vuxenutbildningen\/wp-json\/wp\/v2\/pages\/2706\/revisions"}],"predecessor-version":[{"id":14350,"href":"https:\/\/kunskapsforbundet.se\/vuxenutbildningen\/wp-json\/wp\/v2\/pages\/2706\/revisions\/14350"}],"up":[{"embeddable":true,"href":"https:\/\/kunskapsforbundet.se\/vuxenutbildningen\/wp-json\/wp\/v2\/pages\/1698"}],"wp:attachment":[{"href":"https:\/\/kunskapsforbundet.se\/vuxenutbildningen\/wp-json\/wp\/v2\/media?parent=2706"}],"curies":[{"name":"wp","href":"https:\/\/api.w.org\/{rel}","templated":true}]}}