{"id":25935,"date":"2025-08-28T09:42:27","date_gmt":"2025-08-28T07:42:27","guid":{"rendered":"https:\/\/kunskapsforbundet.se\/vuxenutbildningen\/?page_id=25935"},"modified":"2025-09-02T12:23:06","modified_gmt":"2025-09-02T10:23:06","slug":"yrkesutbildning-med-sprakstod","status":"publish","type":"page","link":"https:\/\/kunskapsforbundet.se\/vuxenutbildningen\/yrkesutbildning-med-sprakstod\/","title":{"rendered":"Yrkesutbildning med spr\u00e5kst\u00f6d"},"content":{"rendered":"\n<h2 class=\"wp-block-heading\">L\u00e4r dig ett yrke och svenska samtidigt!<\/h2>\n\n\n\n<p>En yrkesutbildning med spr\u00e5kst\u00f6d \u00e4r en gymnasial yrkesutbildning f\u00f6r dig som inte har svenska som modersm\u00e5l och\/eller f\u00f6r dig som vill ha extra st\u00f6d i svenska. Du l\u00e4ser en yrkesutbildning samtidigt som du l\u00e4r dig det svenska spr\u00e5ket och l\u00e4ser yrkessvenska. Yrkesl\u00e4raren och svenskl\u00e4raren jobbar tillsammans och du f\u00e5r st\u00f6d med ord, begrepp och uttryck inom yrket och du f\u00e5r ocks\u00e5 m\u00f6jlighet att utveckla din vardagssvenska.<\/p>\n\n\n\n<p><\/p>\n\n\n<p><\/p>","protected":false},"excerpt":{"rendered":"<p>L\u00e4r dig ett yrke och svenska samtidigt! En yrkesutbildning med spr\u00e5kst\u00f6d \u00e4r en gymnasial yrkesutbildning f\u00f6r dig som inte har svenska som modersm\u00e5l och\/eller f\u00f6r dig som vill ha extra st\u00f6d i svenska. Du l\u00e4ser en yrkesutbildning samtidigt som du l\u00e4r dig det svenska spr\u00e5ket och l\u00e4ser yrkessvenska. Yrkesl\u00e4raren och svenskl\u00e4raren jobbar tillsammans och du [&hellip;]<\/p>\n","protected":false},"author":7,"featured_media":0,"parent":0,"menu_order":0,"comment_status":"closed","ping_status":"closed","template":"page-program-portal.php","meta":{"_acf_changed":false,"footnotes":""},"class_list":["post-25935","page","type-page","status-publish","hentry"],"acf":[],"_links":{"self":[{"href":"https:\/\/kunskapsforbundet.se\/vuxenutbildningen\/wp-json\/wp\/v2\/pages\/25935","targetHints":{"allow":["GET"]}}],"collection":[{"href":"https:\/\/kunskapsforbundet.se\/vuxenutbildningen\/wp-json\/wp\/v2\/pages"}],"about":[{"href":"https:\/\/kunskapsforbundet.se\/vuxenutbildningen\/wp-json\/wp\/v2\/types\/page"}],"author":[{"embeddable":true,"href":"https:\/\/kunskapsforbundet.se\/vuxenutbildningen\/wp-json\/wp\/v2\/users\/7"}],"replies":[{"embeddable":true,"href":"https:\/\/kunskapsforbundet.se\/vuxenutbildningen\/wp-json\/wp\/v2\/comments?post=25935"}],"version-history":[{"count":8,"href":"https:\/\/kunskapsforbundet.se\/vuxenutbildningen\/wp-json\/wp\/v2\/pages\/25935\/revisions"}],"predecessor-version":[{"id":26362,"href":"https:\/\/kunskapsforbundet.se\/vuxenutbildningen\/wp-json\/wp\/v2\/pages\/25935\/revisions\/26362"}],"wp:attachment":[{"href":"https:\/\/kunskapsforbundet.se\/vuxenutbildningen\/wp-json\/wp\/v2\/media?parent=25935"}],"curies":[{"name":"wp","href":"https:\/\/api.w.org\/{rel}","templated":true}]}}