{"id":25265,"date":"2026-03-26T14:03:00","date_gmt":"2026-03-26T13:03:00","guid":{"rendered":"https:\/\/kunskapsforbundet.se\/vuxenutbildningen\/?page_id=25265"},"modified":"2026-04-08T21:02:28","modified_gmt":"2026-04-08T19:02:28","slug":"utbildningsmassa-vuxenutbildningen","status":"publish","type":"page","link":"https:\/\/kunskapsforbundet.se\/vuxenutbildningen\/utbildningsmassa-vuxenutbildningen\/","title":{"rendered":"Utbildningsm\u00e4ssa Vuxenutbildningen"},"content":{"rendered":"\n<div class=\"pages__ingress pb-4 mb-0\"><p class=\"wp-block-ggb-block-feature__ingress\">\ud83c\udf1f Onsdag 22 april, klockan 12:00-17:00 \ud83c\udf1f  Dagen du inte vill missa! Bes\u00f6k v\u00e5r inspirerande utbildningsm\u00e4ssa i V\u00e4nerparken 5, V\u00e4nersborg. \ud83d\udcda\u2728<\/p><\/div>\n\n\n\n<h2 class=\"wp-block-heading\"><i class=\"icon far fa-calendar-check\" aria-hidden=\"true\"><\/i><span style=\"color: revert; font-size: revert;\"> 22 april &#8211; Vi vill tr\u00e4ffa dig!<\/span><\/h2>\n\n\n\n<p>Uppt\u00e4ck h\u00f6stens yrkesutbildningar f\u00f6r vuxna hos oss 22 april. Vi samlar alla yrkesutbildningar p\u00e5 samma plats &#8211; fr\u00e5n teknik, el, bygg och industri till v\u00e5rd och service. Tr\u00e4ffa l\u00e4rare, elever och studiev\u00e4gledare f\u00f6r personlig v\u00e4gledning. Det \u00e4r utbildningar f\u00f6r dig som snabbt vill yrkesv\u00e4xla f\u00f6r att byta karri\u00e4r eller f\u00e5 ett jobb och inkomst.<\/p>\n\n\n\n<p><i class=\"icon far fa-calendar-check\" aria-hidden=\"true\"> <\/i><strong>Onsdag 22 april, klockan 12:00 &#8211; 17:00<\/strong> | <strong>Plats: V\u00e4nerparken 5, V\u00e4nersborg<\/strong><\/p>\n\n\n\n<p><i class=\"icon fas fa-check\" aria-hidden=\"true\"><\/i>Missa inte inspirationsf\u00f6rel\u00e4sningen kl 13:00 om arbetsmarknad, studier och omst\u00e4llning.<\/p>\n\n\n\n<h2 class=\"wp-block-heading\">Yrkesutbildad p\u00e5 mindre \u00e4n ett \u00e5r!<\/h2>\n\n\n\n<p>Varf\u00f6r en yrkesutbildning? Det \u00e4r korta yrkesutbildningar f\u00f6r vuxna, p\u00e5 20, 40 eller 60 veckor, som snabbt g\u00f6r dig redo f\u00f6r arbetslivet i branscher d\u00e4r yrkespersoner beh\u00f6vs. Vi fokuserar p\u00e5 det som faktiskt r\u00e4knas: att g\u00f6ra dig redo f\u00f6r arbetslivet \u2013 snabbt.<\/p>\n\n\n\n<h2 class=\"wp-block-heading\">Detta f\u00e5r du p\u00e5 utbildningsm\u00e4ssan<\/h2>\n\n\n\n<p>P\u00e5 utbildningsm\u00e4ssan samlar vi alla yrkesutbildningar f\u00f6r vuxna som du kan s\u00f6ka. H\u00e4r finns ocks\u00e5 l\u00e4rare, elever och studiev\u00e4gledare. Ta med dina fr\u00e5gor till oss om v\u00e5ra olika utbildningar eller hur det \u00e4r att studera som vuxen.<\/p>\n\n\n\n<p><i class=\"icon far fa-square-check\" aria-hidden=\"true\"> <\/i>M\u00f6ten som r\u00e4knas: Prata direkt med l\u00e4rare, studiev\u00e4gledare och elever.<\/p>\n\n\n\n<p><i class=\"icon far fa-square-check\" aria-hidden=\"true\"> <\/i>Utbildningar som beh\u00f6vs: Yrkesutbildningar som \u00e4r framtagna med lokala f\u00f6retag i branscher d\u00e4r personal beh\u00f6vs.<\/p>\n\n\n\n<p><i class=\"icon far fa-square-check\" aria-hidden=\"true\"> <\/i>Snabb v\u00e4g till jobb: Korta yrkesutbildningar inom teknik, el, bygg, industri, v\u00e5rd, bygg och service.<\/p>\n\n\n\n<p><i class=\"icon far fa-square-check\" aria-hidden=\"true\"> <\/i>Personlig v\u00e4gledning: F\u00e5 hj\u00e4lp p\u00e5 plats att hitta r\u00e4tt v\u00e4g f\u00f6r just din framtidslust<\/p>\n\n\n\n<h2 class=\"wp-block-heading\">Bes\u00f6k en yrkesutbildning &#8211; boka ett studiebes\u00f6k<\/h2>\n\n\n\n<p>Passa p\u00e5 att boka in ett studiebes\u00f6k f\u00f6r att komma v\u00e5ra yrkesutbildningar riktigt n\u00e4ra! Studiebes\u00f6ken tar cirka 30 minuter.<\/p>\n\n\n\n<div class=\"wp-block-buttons is-layout-flex wp-block-buttons-is-layout-flex\">\n<div class=\"wp-block-button has-custom-width wp-block-button__width-50\"><a class=\"wp-block-button__link has-white-color has-text-color has-background has-link-color wp-element-button\" href=\"https:\/\/kunskapsforbundet.se\/vuxenutbildningen\/studiebesok-yrkesutbildning-for-vuxna\/\" style=\"border-top-left-radius:0px;border-top-right-radius:0px;border-bottom-left-radius:0px;border-bottom-right-radius:0px;background-color:#9f8fca\"><i class=\"icon fas fa-link\" aria-hidden=\"true\"> <\/i>Boka ditt studiebes\u00f6k h\u00e4r<\/a><\/div>\n<\/div>\n\n\n\n<h2 class=\"wp-block-heading\">\ud83c\udf1f<strong>Inspirationsf\u00f6rel\u00e4sning<\/strong>: Arbetsmarknad, studier och omst\u00e4llning<\/h2>\n\n\n\n<p>Missa inte n\u00e4r <strong>Evelina Fransson<\/strong>, karri\u00e4r- och studier\u00e5dgivare fr\u00e5n <strong>Omst\u00e4llningsfonden<\/strong>, g\u00e4star m\u00e4ssan. Under 30 viktiga minuter f\u00e5r du verktygen som hj\u00e4lper dig att st\u00e4lla om, v\u00e4xla upp och framtidss\u00e4kra din karri\u00e4r.<\/p>\n\n\n\n<p><i class=\"icon fas fa-check\" aria-hidden=\"true\"> <\/i><strong>V\u00e4gen till st\u00f6det:<\/strong> Vad \u00e4r egentligen en omst\u00e4llningsorganisation? Vi reder ut begreppen och visar hur du kan f\u00e5 personlig v\u00e4gledning och coachning.<\/p>\n\n\n\n<p><i class=\"icon fas fa-check\" aria-hidden=\"true\"> <\/i><strong>Framtidens arbetsmarknad:<\/strong> V\u00e4rlden f\u00f6r\u00e4ndras snabbt. F\u00e5 en aktuell bild av vilka kompetenser som efterfr\u00e5gas och hur du h\u00e5ller dig relevant.<\/p>\n\n\n\n<p><i class=\"icon fas fa-check\" aria-hidden=\"true\"> <\/i><strong>Finansiera din dr\u00f6m:<\/strong> Studier beh\u00f6ver inte betyda tom pl\u00e5nbok. Vi g\u00e5r igenom hur <strong>omst\u00e4llningsstudiest\u00f6det<\/strong> fungerar och hur du kan plugga med upp till 80 % av din tidigare l\u00f6n.<\/p>\n\n\n\n<div class=\"wp-block-columns is-layout-flex wp-container-core-columns-is-layout-9d6595d7 wp-block-columns-is-layout-flex\">\n<div class=\"wp-block-column is-layout-flow wp-block-column-is-layout-flow\">\n<figure class=\"wp-block-image size-medium\"><img loading=\"lazy\" decoding=\"async\" width=\"300\" height=\"280\" src=\"https:\/\/kunskapsforbundet.se\/app\/uploads\/sites\/6\/2026\/03\/Evelina-OM-1_ver01-300x280.jpg\" alt=\"\" class=\"wp-image-29919\" srcset=\"https:\/\/kunskapsforbundet.se\/app\/uploads\/sites\/6\/2026\/03\/Evelina-OM-1_ver01-300x280.jpg 300w, https:\/\/kunskapsforbundet.se\/app\/uploads\/sites\/6\/2026\/03\/Evelina-OM-1_ver01-1024x956.jpg 1024w, https:\/\/kunskapsforbundet.se\/app\/uploads\/sites\/6\/2026\/03\/Evelina-OM-1_ver01-768x717.jpg 768w, https:\/\/kunskapsforbundet.se\/app\/uploads\/sites\/6\/2026\/03\/Evelina-OM-1_ver01-1536x1434.jpg 1536w, https:\/\/kunskapsforbundet.se\/app\/uploads\/sites\/6\/2026\/03\/Evelina-OM-1_ver01-2048x1912.jpg 2048w\" sizes=\"auto, (max-width: 300px) 100vw, 300px\" \/><\/figure>\n<\/div>\n\n\n\n<div class=\"wp-block-column is-layout-flow wp-block-column-is-layout-flow\">\n<h3 class=\"wp-block-heading\">Omst\u00e4llningsfonden<\/h3>\n\n\n\n<p>Evelina  Fransson, karri\u00e4r- och studier\u00e5dgivare<\/p>\n\n\n\n<p><i class=\"icon far fa-calendar-check\" aria-hidden=\"true\"> <\/i>22 april kl 13:00<\/p>\n\n\n\n<p><i class=\"icon far fa-clock\" aria-hidden=\"true\"> <\/i>L\u00e4ngd: 30 minuter<\/p>\n\n\n\n<p><i class=\"icon fas fa-location-dot\" aria-hidden=\"true\"> <\/i>V\u00e4nersalen, V\u00e4nerparken 5, V\u00e4nersborg<\/p>\n<\/div>\n<\/div>\n\n\n<\/p>\n\n\n<p><\/p>\n\n\n<\/p>\n<p><\/p>","protected":false},"excerpt":{"rendered":"<p>22 april &#8211; Vi vill tr\u00e4ffa dig! Uppt\u00e4ck h\u00f6stens yrkesutbildningar f\u00f6r vuxna hos oss 22 april. Vi samlar alla yrkesutbildningar p\u00e5 samma plats &#8211; fr\u00e5n teknik, el, bygg och industri till v\u00e5rd och service. Tr\u00e4ffa l\u00e4rare, elever och studiev\u00e4gledare f\u00f6r personlig v\u00e4gledning. Det \u00e4r utbildningar f\u00f6r dig som snabbt vill yrkesv\u00e4xla f\u00f6r att byta karri\u00e4r [&hellip;]<\/p>\n","protected":false},"author":7,"featured_media":26602,"parent":0,"menu_order":0,"comment_status":"closed","ping_status":"closed","template":"","meta":{"_acf_changed":false,"footnotes":""},"class_list":["post-25265","page","type-page","status-publish","has-post-thumbnail","hentry"],"acf":[],"_links":{"self":[{"href":"https:\/\/kunskapsforbundet.se\/vuxenutbildningen\/wp-json\/wp\/v2\/pages\/25265","targetHints":{"allow":["GET"]}}],"collection":[{"href":"https:\/\/kunskapsforbundet.se\/vuxenutbildningen\/wp-json\/wp\/v2\/pages"}],"about":[{"href":"https:\/\/kunskapsforbundet.se\/vuxenutbildningen\/wp-json\/wp\/v2\/types\/page"}],"author":[{"embeddable":true,"href":"https:\/\/kunskapsforbundet.se\/vuxenutbildningen\/wp-json\/wp\/v2\/users\/7"}],"replies":[{"embeddable":true,"href":"https:\/\/kunskapsforbundet.se\/vuxenutbildningen\/wp-json\/wp\/v2\/comments?post=25265"}],"version-history":[{"count":192,"href":"https:\/\/kunskapsforbundet.se\/vuxenutbildningen\/wp-json\/wp\/v2\/pages\/25265\/revisions"}],"predecessor-version":[{"id":30201,"href":"https:\/\/kunskapsforbundet.se\/vuxenutbildningen\/wp-json\/wp\/v2\/pages\/25265\/revisions\/30201"}],"wp:featuredmedia":[{"embeddable":true,"href":"https:\/\/kunskapsforbundet.se\/vuxenutbildningen\/wp-json\/wp\/v2\/media\/26602"}],"wp:attachment":[{"href":"https:\/\/kunskapsforbundet.se\/vuxenutbildningen\/wp-json\/wp\/v2\/media?parent=25265"}],"curies":[{"name":"wp","href":"https:\/\/api.w.org\/{rel}","templated":true}]}}