{"id":2511,"date":"2015-01-13T13:56:39","date_gmt":"2015-01-13T12:56:39","guid":{"rendered":"https:\/\/www.kunskapsforbundet.se\/vuxenutbildningen\/?page_id=2511"},"modified":"2021-07-05T10:41:10","modified_gmt":"2021-07-05T08:41:10","slug":"studier-i-annan-kommun","status":"publish","type":"page","link":"https:\/\/kunskapsforbundet.se\/vuxenutbildningen\/studier-i-annan-kommun\/","title":{"rendered":"Studier i annan kommun"},"content":{"rendered":"\n<div class=\"pages__ingress pb-4 mb-0\"><p>S\u00e5 h\u00e4r g\u00f6r du om du vill s\u00f6ka utbildning p\u00e5 grundl\u00e4ggande niv\u00e5 eller gymnasial niv\u00e5 i en annan kommun \u00e4n den som du \u00e4r folkbokf\u00f6rd i.<\/p><\/div>\n\n\n<p>Du som \u00e4r intresserad av att s\u00f6ka utbildning p\u00e5 <strong>grundl\u00e4ggande niv\u00e5 eller gymnasial niv\u00e5<\/strong> i n\u00e5gon annan kommun \u00e4n den du \u00e4r folkbokf\u00f6rd i l\u00e4mnar\/skickar din ans\u00f6kan till vuxenutbildningen i den hemkommunen som du \u00e4r folkbokf\u00f6rd i. Ans\u00f6kan finner du hos utbildningsanordnaren.<\/p>\n<p>Du som inte \u00e4r folkbokf\u00f6rd i\u00a0Trollh\u00e4ttan eller V\u00e4nersborg ska skicka in din ans\u00f6kan till din hemkommun.<br \/>Din ans\u00f6kan finns\u00a0bifogad i det svars-mail du f\u00e5r n\u00e4r du gjort din\u00a0webbans\u00f6kan. Du ska ocks\u00e5 bifoga dina betyg och ett personligt brev d\u00e4r du f\u00f6rklarar varf\u00f6r du s\u00f6ker utbildningen.<\/p>\n<p>Du har <strong>r\u00e4tt att l\u00e4sa p\u00e5 grundl\u00e4ggande niv\u00e5 i annan kommun<\/strong> om du uppfyller villkor f\u00f6r detta. Du har<strong> inte r\u00e4tt att l\u00e4sa p\u00e5 gymnasial niv\u00e5 i annan kommun<\/strong>, men kan i vissa fall \u00e4nd\u00e5 f\u00e5 detta beviljat av din hemkommun.<\/p>\n<p>Rektor fattar beslut och du f\u00e5r beslutet hemskickat<\/p>\n<p>Utbildningar inom <strong>Yrkesh\u00f6gskolan (YH)<\/strong> har du r\u00e4tt att studera p\u00e5 oavsett vilken kommun du bor i.<\/p>","protected":false},"excerpt":{"rendered":"<p>Du som \u00e4r intresserad av att s\u00f6ka utbildning p\u00e5 grundl\u00e4ggande niv\u00e5 eller gymnasial niv\u00e5 i n\u00e5gon annan kommun \u00e4n den du \u00e4r folkbokf\u00f6rd i l\u00e4mnar\/skickar din ans\u00f6kan till vuxenutbildningen i den hemkommunen som du \u00e4r folkbokf\u00f6rd i. Ans\u00f6kan finner du hos utbildningsanordnaren. Du som inte \u00e4r folkbokf\u00f6rd i\u00a0Trollh\u00e4ttan eller V\u00e4nersborg ska skicka in din ans\u00f6kan [&hellip;]<\/p>\n","protected":false},"author":7,"featured_media":0,"parent":0,"menu_order":0,"comment_status":"closed","ping_status":"closed","template":"","meta":{"_acf_changed":false,"footnotes":""},"class_list":["post-2511","page","type-page","status-publish","hentry"],"acf":[],"_links":{"self":[{"href":"https:\/\/kunskapsforbundet.se\/vuxenutbildningen\/wp-json\/wp\/v2\/pages\/2511","targetHints":{"allow":["GET"]}}],"collection":[{"href":"https:\/\/kunskapsforbundet.se\/vuxenutbildningen\/wp-json\/wp\/v2\/pages"}],"about":[{"href":"https:\/\/kunskapsforbundet.se\/vuxenutbildningen\/wp-json\/wp\/v2\/types\/page"}],"author":[{"embeddable":true,"href":"https:\/\/kunskapsforbundet.se\/vuxenutbildningen\/wp-json\/wp\/v2\/users\/7"}],"replies":[{"embeddable":true,"href":"https:\/\/kunskapsforbundet.se\/vuxenutbildningen\/wp-json\/wp\/v2\/comments?post=2511"}],"version-history":[{"count":8,"href":"https:\/\/kunskapsforbundet.se\/vuxenutbildningen\/wp-json\/wp\/v2\/pages\/2511\/revisions"}],"predecessor-version":[{"id":12511,"href":"https:\/\/kunskapsforbundet.se\/vuxenutbildningen\/wp-json\/wp\/v2\/pages\/2511\/revisions\/12511"}],"wp:attachment":[{"href":"https:\/\/kunskapsforbundet.se\/vuxenutbildningen\/wp-json\/wp\/v2\/media?parent=2511"}],"curies":[{"name":"wp","href":"https:\/\/api.w.org\/{rel}","templated":true}]}}