{"id":2447,"date":"2014-12-19T13:20:15","date_gmt":"2014-12-19T12:20:15","guid":{"rendered":"https:\/\/www.kunskapsforbundet.se\/vuxenutbildningen\/?page_id=2447"},"modified":"2024-03-12T15:08:48","modified_gmt":"2024-03-12T14:08:48","slug":"synpunkter-och-klagomal","status":"publish","type":"page","link":"https:\/\/kunskapsforbundet.se\/vuxenutbildningen\/synpunkter-och-klagomal\/","title":{"rendered":"Synpunkter och klagom\u00e5l"},"content":{"rendered":"\n<div class=\"pages__ingress pb-4 mb-0\"><p>H\u00e4r kan du ge synpunkter, f\u00f6rslag och klagom\u00e5l p\u00e5 Kunskapsf\u00f6rbundets skolverksamhet.<\/p><\/div>\n\n\n<h3>Synpunkter och klagom\u00e5l<\/h3>\n<p>Du har r\u00e4tt att l\u00e4mna synpunkter, f\u00f6rslag och klagom\u00e5l p\u00e5 verksamheten om det \u00e4r n\u00e5got du inte tycker fungerar. Materialet \u00e4r en viktig del i Kunskapsf\u00f6rbundets och skolans kontinuerliga uppf\u00f6ljnings- och utvecklingsarbete.<\/p>\n<p>\u2022 I f\u00f6rsta hand skall du v\u00e4nda dig direkt till personal p\u00e5 skolan, t ex din l\u00e4rare eller rektor.<br \/>\u2022 Om inte personalen p\u00e5 skolan kan l\u00f6sa problemet, kan du l\u00e4mna synpunkter via e-post l\u00e4nken till Vuxenutbildningen. Du hittar den l\u00e4ngst ner p\u00e5 denna sida.<\/p>\n<p>Enligt den nya skollagen m\u00e5ste alla huvudm\u00e4n f\u00f6r skola ha rutiner f\u00f6r hantering av synpunkter och klagom\u00e5l. Syftet med den nya skollagen \u00e4r att st\u00e4rka elevers r\u00e4ttss\u00e4kerhet. Fler beslut \u00e4n tidigare kan d\u00e4rf\u00f6r \u00f6verklagas. <a href=\"http:\/\/www.riksdagen.se\/sv\/Dokument-Lagar\/Lagar\/Svenskforfattningssamling\/Skollag-2010800_sfs-2010-800\/?bet=2010:800%20-%20K28\" target=\"_blank\" rel=\"noopener noreferrer\">I skollagens 28 kapitel finns alla beslut som kan \u00f6verklagas samlade.<\/a><\/p>\n<h3>S\u00e5 fungerar synpunkts- och klagom\u00e5lshanteringen<\/h3>\n<p>Via l\u00e4nken nedan anm\u00e4ler du synpunkter eller klagom\u00e5l. Meddelandet registreras och skickas vidare till den verksamhet som ber\u00f6rs. Dina synpunkter kommer sedan att utredas av handl\u00e4ggare<\/p>\n<h3>Offentlighetsprincipen<\/h3>\n<p>T\u00e4nk p\u00e5 att allt om skrivs till kommunen \u00e4r allm\u00e4n handling och att n\u00e4stan allt blir offentligt. I undantagsfall kan din handling eller delar av den sekretessbel\u00e4ggas. Det kr\u00e4vs laglig grund f\u00f6r att sekretessbel\u00e4gga en skrivelse. Det r\u00e4cker allts\u00e5 inte med att du beg\u00e4r att skrivelsen inte skall vara offentlig.<br \/>Vi uppmanar alla som l\u00e4mnar synpunkter eller klagom\u00e5l att ange kontaktuppgifter. Det ger oss m\u00f6jlighet att \u00e5terkoppla till dig i \u00e4rendet. Du kan v\u00e4lja att vara anonym genom att inte fylla i n\u00e5gra kontaktuppgifter.<\/p>\n<h3>Anv\u00e4nd dig av f\u00f6ljande e-post adress om du vill l\u00e4mna synpunkter och klagom\u00e5l:<\/h3>\n<h4>\u00a0<\/h4>\n<p>kansli@kunskapsforbundet.se<\/p>\n<p>\u00a0<\/p>\n<h4>\u00a0<\/h4>\n<p>\u00a0<\/p>","protected":false},"excerpt":{"rendered":"<p>Synpunkter och klagom\u00e5l Du har r\u00e4tt att l\u00e4mna synpunkter, f\u00f6rslag och klagom\u00e5l p\u00e5 verksamheten om det \u00e4r n\u00e5got du inte tycker fungerar. Materialet \u00e4r en viktig del i Kunskapsf\u00f6rbundets och skolans kontinuerliga uppf\u00f6ljnings- och utvecklingsarbete. \u2022 I f\u00f6rsta hand skall du v\u00e4nda dig direkt till personal p\u00e5 skolan, t ex din l\u00e4rare eller rektor.\u2022 Om [&hellip;]<\/p>\n","protected":false},"author":7,"featured_media":0,"parent":0,"menu_order":0,"comment_status":"closed","ping_status":"closed","template":"","meta":{"_acf_changed":false,"footnotes":""},"class_list":["post-2447","page","type-page","status-publish","hentry"],"acf":[],"_links":{"self":[{"href":"https:\/\/kunskapsforbundet.se\/vuxenutbildningen\/wp-json\/wp\/v2\/pages\/2447","targetHints":{"allow":["GET"]}}],"collection":[{"href":"https:\/\/kunskapsforbundet.se\/vuxenutbildningen\/wp-json\/wp\/v2\/pages"}],"about":[{"href":"https:\/\/kunskapsforbundet.se\/vuxenutbildningen\/wp-json\/wp\/v2\/types\/page"}],"author":[{"embeddable":true,"href":"https:\/\/kunskapsforbundet.se\/vuxenutbildningen\/wp-json\/wp\/v2\/users\/7"}],"replies":[{"embeddable":true,"href":"https:\/\/kunskapsforbundet.se\/vuxenutbildningen\/wp-json\/wp\/v2\/comments?post=2447"}],"version-history":[{"count":8,"href":"https:\/\/kunskapsforbundet.se\/vuxenutbildningen\/wp-json\/wp\/v2\/pages\/2447\/revisions"}],"predecessor-version":[{"id":21889,"href":"https:\/\/kunskapsforbundet.se\/vuxenutbildningen\/wp-json\/wp\/v2\/pages\/2447\/revisions\/21889"}],"wp:attachment":[{"href":"https:\/\/kunskapsforbundet.se\/vuxenutbildningen\/wp-json\/wp\/v2\/media?parent=2447"}],"curies":[{"name":"wp","href":"https:\/\/api.w.org\/{rel}","templated":true}]}}