{"id":24200,"date":"2024-12-04T11:30:07","date_gmt":"2024-12-04T10:30:07","guid":{"rendered":"https:\/\/kunskapsforbundet.se\/vuxenutbildningen\/?page_id=24200"},"modified":"2026-01-07T09:56:11","modified_gmt":"2026-01-07T08:56:11","slug":"rektorns-ruta","status":"publish","type":"page","link":"https:\/\/kunskapsforbundet.se\/vuxenutbildningen\/rektorns-ruta\/","title":{"rendered":"Rektorns ruta"},"content":{"rendered":"\n<div class=\"pages__ingress pb-4 mb-0\"><p class=\"wp-block-ggb-block-feature__ingress\">Rektorns Ruta \u00e4r ett nytt koncept som syftar till att \u00f6ka elevinflytandet i Vuxenutbildningens utveckling.<\/p><\/div>\n\n\n\n<p>Vid j\u00e4mna tillf\u00e4llen st\u00e5r rektor Johan Ceder i entr\u00e9n p\u00e5 Vuxenutbildningen f\u00f6r att m\u00f6ta elever och studerande och prata om vad de uppskattar och vill se mer av under sin studietid. <br><br>Rektorns ruta \u00e4r en satsning f\u00f6r att \u00f6ka elevinflytandet och f\u00e5 en n\u00e4rmare kontakt mellan studerande och verksamhetsledning. En l\u00e4ttillg\u00e4nglig plattform f\u00f6r dialog och samtal. <\/p>\n\n\n\n<h2 class=\"wp-block-heading\">Nu en del av Mittpunkt <\/h2>\n\n\n\n<p>Rektorns ruta \u00e4r nu en del i konceptet Mittpunkt &#8211; vuxenstudier. Vid tre tillf\u00e4llen i h\u00f6st kommer man under dagtid kunna tr\u00e4ffa Johan i entr\u00e9ytan som en del av konceptet <a href=\"https:\/\/kunskapsforbundet.se\/vuxenutbildningen\/mittpunkt-vuxenstudier\/\" data-type=\"page\" data-id=\"26414\">Mittpunkt<\/a>. Du kan \u00e4ven m\u00f6ta honom kv\u00e4llstid vid ett par tillf\u00e4llen under h\u00f6sten. <\/p>\n\n\n\n<figure class=\"wp-block-image size-large\"><img loading=\"lazy\" decoding=\"async\" width=\"1024\" height=\"597\" src=\"https:\/\/kunskapsforbundet.se\/app\/uploads\/sites\/6\/2025\/09\/Namnlos-design-2-2-1024x597.png\" alt=\"\" class=\"wp-image-26678\" srcset=\"https:\/\/kunskapsforbundet.se\/app\/uploads\/sites\/6\/2025\/09\/Namnlos-design-2-2-1024x597.png 1024w, https:\/\/kunskapsforbundet.se\/app\/uploads\/sites\/6\/2025\/09\/Namnlos-design-2-2-300x175.png 300w, https:\/\/kunskapsforbundet.se\/app\/uploads\/sites\/6\/2025\/09\/Namnlos-design-2-2-768x448.png 768w, https:\/\/kunskapsforbundet.se\/app\/uploads\/sites\/6\/2025\/09\/Namnlos-design-2-2.png 1200w\" sizes=\"auto, (max-width: 1024px) 100vw, 1024px\" \/><\/figure>\n\n\n\n<hr class=\"wp-block-separator has-alpha-channel-opacity\"\/>\n\n\n\n<div style=\"height:25px\" aria-hidden=\"true\" class=\"wp-block-spacer\"><\/div>\n\n\n\n<h3 class=\"wp-block-heading\">Rektorns Ruta v\u00e5ren 2026 <\/h3>\n\n\n\n<p><strong>N\u00e4r?<\/strong><br>26\/1 16:30<br>28\/1 11:00 <strong>MITTPUNKT<\/strong><br>23\/2 16:30<br>25\/2 11:00 <strong>MITTPUNKT <\/strong><br>23\/3 16:30<br>25\/3 11:00 <strong>MITTPUNKT <\/strong><\/p>\n\n\n\n<p><strong>Var?<\/strong><br>Entr\u00e9n, V\u00e4nerparken 5.<\/p>\n\n\n\n<p><\/p>\n","protected":false},"excerpt":{"rendered":"<p>Vid j\u00e4mna tillf\u00e4llen st\u00e5r rektor Johan Ceder i entr\u00e9n p\u00e5 Vuxenutbildningen f\u00f6r att m\u00f6ta elever och studerande och prata om vad de uppskattar och vill se mer av under sin studietid. Rektorns ruta \u00e4r en satsning f\u00f6r att \u00f6ka elevinflytandet och f\u00e5 en n\u00e4rmare kontakt mellan studerande och verksamhetsledning. En l\u00e4ttillg\u00e4nglig plattform f\u00f6r dialog och [&hellip;]<\/p>\n","protected":false},"author":59,"featured_media":24201,"parent":0,"menu_order":0,"comment_status":"closed","ping_status":"closed","template":"","meta":{"_acf_changed":false,"footnotes":""},"class_list":["post-24200","page","type-page","status-publish","has-post-thumbnail","hentry"],"acf":[],"_links":{"self":[{"href":"https:\/\/kunskapsforbundet.se\/vuxenutbildningen\/wp-json\/wp\/v2\/pages\/24200","targetHints":{"allow":["GET"]}}],"collection":[{"href":"https:\/\/kunskapsforbundet.se\/vuxenutbildningen\/wp-json\/wp\/v2\/pages"}],"about":[{"href":"https:\/\/kunskapsforbundet.se\/vuxenutbildningen\/wp-json\/wp\/v2\/types\/page"}],"author":[{"embeddable":true,"href":"https:\/\/kunskapsforbundet.se\/vuxenutbildningen\/wp-json\/wp\/v2\/users\/59"}],"replies":[{"embeddable":true,"href":"https:\/\/kunskapsforbundet.se\/vuxenutbildningen\/wp-json\/wp\/v2\/comments?post=24200"}],"version-history":[{"count":9,"href":"https:\/\/kunskapsforbundet.se\/vuxenutbildningen\/wp-json\/wp\/v2\/pages\/24200\/revisions"}],"predecessor-version":[{"id":27952,"href":"https:\/\/kunskapsforbundet.se\/vuxenutbildningen\/wp-json\/wp\/v2\/pages\/24200\/revisions\/27952"}],"wp:featuredmedia":[{"embeddable":true,"href":"https:\/\/kunskapsforbundet.se\/vuxenutbildningen\/wp-json\/wp\/v2\/media\/24201"}],"wp:attachment":[{"href":"https:\/\/kunskapsforbundet.se\/vuxenutbildningen\/wp-json\/wp\/v2\/media?parent=24200"}],"curies":[{"name":"wp","href":"https:\/\/api.w.org\/{rel}","templated":true}]}}