{"id":2241,"date":"2014-12-12T11:26:42","date_gmt":"2014-12-12T10:26:42","guid":{"rendered":"https:\/\/www.kunskapsforbundet.se\/vuxenutbildningen\/?page_id=2241"},"modified":"2026-03-18T15:55:25","modified_gmt":"2026-03-18T14:55:25","slug":"studieavbrott","status":"publish","type":"page","link":"https:\/\/kunskapsforbundet.se\/vuxenutbildningen\/studieavbrott\/","title":{"rendered":"Studieavbrott"},"content":{"rendered":"\n<div class=\"pages__ingress pb-4 mb-0\"><p class=\"wp-block-ggb-block-feature__ingress\">H\u00e4r hittar du information om studieavbrott <\/p><\/div>\n\n\n<p class=\"xmsonormal\">Om du funderar p\u00e5 att g\u00f6ra avbrott i dina studier rekommenderar vi att du tar kontakt med en studie- och yrkesv\u00e4gledare. Detta eftersom ett studieavbrott kan p\u00e5verka din planering, studieekonomi och framtida m\u00e5l. I samr\u00e5d med studie- och yrkesv\u00e4gledare kan du undvika framtida problem som kan uppst\u00e5 vid studieavbrott. Om du redan har kontakt med en studie- och yrkesv\u00e4gledare kan du h\u00f6ra av dig direkt till den personen. Annars hittar du v\u00e5ra kontaktuppgifter h\u00e4r: <a href=\"https:\/\/kunskapsforbundet.se\/vuxenutbildningen\/studie-och-yrkesvagledning\/\">Studie- och yrkesv\u00e4gledning &#8211; Vuxenutbildningen<\/a><\/p>\n<p class=\"xmsonormal\">\u00a0<\/p>\n<p class=\"xmsonormal\">Om du tillsammans med studie- och yrkesv\u00e4gledare kommer fram till att ett avbrott i studierna \u00e4r den b\u00e4sta l\u00f6sningen f\u00f6r dig, ska du anm\u00e4la studieavbrott till administrationen. Det g\u00f6r du h\u00e4r: <a href=\"https:\/\/kunskapsforbundet.se\/vuxenutbildningen\/expedition\/\">Administration &#8211; Vuxenutbildningen<\/a><\/p>","protected":false},"excerpt":{"rendered":"<p>Om du funderar p\u00e5 att g\u00f6ra avbrott i dina studier rekommenderar vi att du tar kontakt med en studie- och yrkesv\u00e4gledare. Detta eftersom ett studieavbrott kan p\u00e5verka din planering, studieekonomi och framtida m\u00e5l. I samr\u00e5d med studie- och yrkesv\u00e4gledare kan du undvika framtida problem som kan uppst\u00e5 vid studieavbrott. Om du redan har kontakt med [&hellip;]<\/p>\n","protected":false},"author":8,"featured_media":0,"parent":0,"menu_order":0,"comment_status":"closed","ping_status":"closed","template":"","meta":{"_acf_changed":false,"footnotes":""},"class_list":["post-2241","page","type-page","status-publish","hentry"],"acf":[],"_links":{"self":[{"href":"https:\/\/kunskapsforbundet.se\/vuxenutbildningen\/wp-json\/wp\/v2\/pages\/2241","targetHints":{"allow":["GET"]}}],"collection":[{"href":"https:\/\/kunskapsforbundet.se\/vuxenutbildningen\/wp-json\/wp\/v2\/pages"}],"about":[{"href":"https:\/\/kunskapsforbundet.se\/vuxenutbildningen\/wp-json\/wp\/v2\/types\/page"}],"author":[{"embeddable":true,"href":"https:\/\/kunskapsforbundet.se\/vuxenutbildningen\/wp-json\/wp\/v2\/users\/8"}],"replies":[{"embeddable":true,"href":"https:\/\/kunskapsforbundet.se\/vuxenutbildningen\/wp-json\/wp\/v2\/comments?post=2241"}],"version-history":[{"count":3,"href":"https:\/\/kunskapsforbundet.se\/vuxenutbildningen\/wp-json\/wp\/v2\/pages\/2241\/revisions"}],"predecessor-version":[{"id":29600,"href":"https:\/\/kunskapsforbundet.se\/vuxenutbildningen\/wp-json\/wp\/v2\/pages\/2241\/revisions\/29600"}],"wp:attachment":[{"href":"https:\/\/kunskapsforbundet.se\/vuxenutbildningen\/wp-json\/wp\/v2\/media?parent=2241"}],"curies":[{"name":"wp","href":"https:\/\/api.w.org\/{rel}","templated":true}]}}