{"id":22023,"date":"2025-04-04T20:24:11","date_gmt":"2025-04-04T18:24:11","guid":{"rendered":"https:\/\/kunskapsforbundet.se\/vuxenutbildningen\/?page_id=22023"},"modified":"2026-04-08T21:26:40","modified_gmt":"2026-04-08T19:26:40","slug":"sommarvux","status":"publish","type":"page","link":"https:\/\/kunskapsforbundet.se\/vuxenutbildningen\/sommarvux\/","title":{"rendered":"Sommarvux"},"content":{"rendered":"\n<div class=\"pages__ingress pb-4 mb-0\"><p class=\"wp-block-ggb-block-feature__ingress\">Vuxenutbildningen erbjuder sommarvux 2026. Ans\u00f6kan \u00e4r \u00f6ppen 8 april &#8211; 6 maj.<\/p><\/div>\n\n\n\n<div class=\"wp-block-buttons is-layout-flex wp-block-buttons-is-layout-flex\">\n<div class=\"wp-block-button has-custom-width wp-block-button__width-100 is-style-fill\"><a class=\"wp-block-button__link has-black-color has-text-color has-background has-link-color wp-element-button\" href=\"https:\/\/minasidor.kunskapsforbundet.se\/263\" style=\"border-radius:0px;background-color:#ffa0af\"><i class=\"icon fa fa-edit\" aria-hidden=\"true\"> <\/i>Ans\u00f6k till sommarvux h\u00e4r (e-tj\u00e4nst)<\/a><\/div>\n<\/div>\n\n\n\n<p class=\"has-text-align-center has-small-font-size\">Anv\u00e4nd e-tj\u00e4nst f\u00f6r att g\u00f6ra din ans\u00f6kan (kr\u00e4ver BankID). Om du saknar BankID &#8211; anv\u00e4nd blankett f\u00f6r ans\u00f6kan.<\/p>\n\n\n\n<h2 class=\"wp-block-heading\"><strong>F\u00f6rbered dig inf\u00f6r h\u00f6sten med sommarvux<\/strong><\/h2>\n\n\n\n<p>Under sommaren erbjuder vi l\u00e4rarledd handledning f\u00f6r dig som l\u00e4ser p\u00e5 grundl\u00e4ggande eller gymnasial niv\u00e5. H\u00e4r f\u00e5r du m\u00f6jlighet att f\u00f6rbereda dig inf\u00f6r h\u00f6stterminen och repetera f\u00f6rlorade kunskaper. Det finns \u00e4ven m\u00f6jlighet att g\u00f6ra pr\u00f6vning f\u00f6r&nbsp;betyg mot&nbsp;en specifik kurs\/\u00e4mnesniv\u00e5 p\u00e5 grundl\u00e4ggande eller&nbsp;gymnasial niv\u00e5.<\/p>\n\n\n\n        <section aria-label=\"\u00d6ppningsbara flikar 2\" class=\"accordions mt-6 mb-6\">\n            <div class=\"container\" data-accordions=\"true\">\n                <div class=\"tab-pages\" role=\"tablist\">\n                                            <section class=\"tab-page\">\n                            <header>\n                                <button class=\"tab-page-head has-text-color-black\" id=\"accordions-shortcode2-tab-0\" role=\"tab\" aria-selected=\"false\" aria-controls=\"accordions-shortcode2-tabpanel-0\" aria-label=\"Hur fungerar sommarvux?\" style=\"background: #e1d9ec\">\n                                    <div class=\"level\">\n                                        <div class=\"level-start\">\n                                            <div class=\"level-item\">\n                                                <h2>Hur fungerar sommarvux?<\/h2>\n                                            <\/div>\n                                        <\/div>\n                                        <div class=\"level-end\">\n                                            <div class=\"level-item\">\n                                                <span class=\"accordion-icon plus\" title=\"\u00d6ppna flik\"><\/span>\n                                            <\/div>\n                                            <div class=\"level-item is-hidden\">\n                                                <span class=\"accordion-icon minus\" title=\"St\u00e4ng flik\"><\/span>\n                                            <\/div>\n                                        <\/div>\n                                    <\/div>\n                                <\/button>\n                            <\/header>\n                            <div class=\"tab-page-body is-hidden\" id=\"accordions-shortcode2-tabpanel-0\" role=\"tabpanel\" aria-labelledby=\"accordions-shortcode2-tab-0\" aria-hidden=\"true\">\n                                <div class=\"content\"><p><\/p>\n<p>Du arbetar sj\u00e4lvst\u00e4ndigt med uppgifter, men har tillg\u00e5ng till st\u00f6d fr\u00e5n l\u00e4rare f\u00f6r att n\u00e5 dina m\u00e5l.<\/p>\n<p> <\/p>\n<p><i class=\"icon fas fa-check\" aria-hidden=\"true\"> <\/i>Daglig handledning: Det finns handledningstid\u00a0p\u00e5 3 timmar varje dag\u00a0d\u00e4r du jobbar med uppgifter\u00a0och kan f\u00e5 hj\u00e4lp av l\u00e4rare.<\/p>\n<p> <\/p>\n<p><i class=\"icon fas fa-check\" aria-hidden=\"true\"> <\/i>Lektioner och genomg\u00e5ngar: Det kommer att finnas\u00a0n\u00e5gra\u00a0lektioner med sammanfattande genomg\u00e5ngar eller inspelade lektioner. Dessa \u00e4r viktiga att ta del av.<\/p>\n<p> <\/p>\n<p><i class=\"icon fas fa-check\" aria-hidden=\"true\"><\/i>Flexibelt men strukturerat: Det \u00e4r viktigt att du planerar dina studier noga och utnyttjar handledningstiden fullt ut. Det finns lektioner med genomg\u00e5ngar som \u00e4r\u00a0extra\u00a0viktiga att delta p\u00e5.\u00a0Vissa tillf\u00e4llen som bed\u00f6mningar kommer vara obligatoriska p\u00e5 plats i skolan.<\/p>\n<p><\/p><\/div>\n                            <\/div>\n                        <\/section>\n                                            <section class=\"tab-page\">\n                            <header>\n                                <button class=\"tab-page-head has-text-color-black\" id=\"accordions-shortcode2-tab-1\" role=\"tab\" aria-selected=\"false\" aria-controls=\"accordions-shortcode2-tabpanel-1\" aria-label=\"M\u00f6jlighet till pr\u00f6vning f\u00f6r betyg\" style=\"background: #9f8fca\">\n                                    <div class=\"level\">\n                                        <div class=\"level-start\">\n                                            <div class=\"level-item\">\n                                                <h2>M\u00f6jlighet till pr\u00f6vning f\u00f6r betyg<\/h2>\n                                            <\/div>\n                                        <\/div>\n                                        <div class=\"level-end\">\n                                            <div class=\"level-item\">\n                                                <span class=\"accordion-icon plus\" title=\"\u00d6ppna flik\"><\/span>\n                                            <\/div>\n                                            <div class=\"level-item is-hidden\">\n                                                <span class=\"accordion-icon minus\" title=\"St\u00e4ng flik\"><\/span>\n                                            <\/div>\n                                        <\/div>\n                                    <\/div>\n                                <\/button>\n                            <\/header>\n                            <div class=\"tab-page-body is-hidden\" id=\"accordions-shortcode2-tabpanel-1\" role=\"tabpanel\" aria-labelledby=\"accordions-shortcode2-tab-1\" aria-hidden=\"true\">\n                                <div class=\"content\"><p><\/p>\n<p>Du kan v\u00e4lja att genomg\u00e5 en <strong>pr\u00f6vning<\/strong> f\u00f6r att f\u00e5 ett betyg i kursen eller \u00e4mnesniv\u00e5n.<\/p>\n<p> <\/p>\n<p><strong>Viktigt att veta om pr\u00f6vning:<\/strong> En pr\u00f6vning best\u00e5r ofta av flera delar, s\u00e5som skriftliga och muntliga prov, inl\u00e4mningar eller laborationer. Observera att vid en pr\u00f6vning ing\u00e5r inte r\u00e4tten till omprov.<\/p>\n<p><\/p><\/div>\n                            <\/div>\n                        <\/section>\n                                            <section class=\"tab-page\">\n                            <header>\n                                <button class=\"tab-page-head has-text-color-black\" id=\"accordions-shortcode2-tab-2\" role=\"tab\" aria-selected=\"false\" aria-controls=\"accordions-shortcode2-tabpanel-2\" aria-label=\"Hur m\u00e5nga kurser\/\u00e4mnesniv\u00e5er kan jag s\u00f6ka?\" style=\"background: #e1d9ec\">\n                                    <div class=\"level\">\n                                        <div class=\"level-start\">\n                                            <div class=\"level-item\">\n                                                <h2>Hur m\u00e5nga kurser\/\u00e4mnesniv\u00e5er kan jag s\u00f6ka?<\/h2>\n                                            <\/div>\n                                        <\/div>\n                                        <div class=\"level-end\">\n                                            <div class=\"level-item\">\n                                                <span class=\"accordion-icon plus\" title=\"\u00d6ppna flik\"><\/span>\n                                            <\/div>\n                                            <div class=\"level-item is-hidden\">\n                                                <span class=\"accordion-icon minus\" title=\"St\u00e4ng flik\"><\/span>\n                                            <\/div>\n                                        <\/div>\n                                    <\/div>\n                                <\/button>\n                            <\/header>\n                            <div class=\"tab-page-body is-hidden\" id=\"accordions-shortcode2-tabpanel-2\" role=\"tabpanel\" aria-labelledby=\"accordions-shortcode2-tab-2\" aria-hidden=\"true\">\n                                <div class=\"content\"><p><\/p>\n<p>Du kan ans\u00f6ka och bli beviljad <strong>max tv\u00e5 kurser\/\u00e4mnesniv\u00e5er<\/strong> under sommaren med eventuell pr\u00f6vning.<\/p>\n<p> <\/p>\n<p><i class=\"icon far fa-square-check\" aria-hidden=\"true\"> <\/i><strong>Studietakt:<\/strong> En kurs\/\u00e4mne motsvarar studier p\u00e5 halvtid (50 %) och tv\u00e5 kurser inneb\u00e4r studier p\u00e5 heltid (100 %).<\/p>\n<p> <\/p>\n<p><i class=\"icon far fa-square-check\" aria-hidden=\"true\"> <\/i><strong>Po\u00e4ng:<\/strong> Varje kurs\/\u00e4mne \u00e4r en orienteringskurs p\u00e5 100 po\u00e4ng.<\/p>\n<p> <\/p>\n<p><i class=\"icon far fa-square-check\" aria-hidden=\"true\"><\/i><strong>Studiemedel:<\/strong> Eftersom kurser\/\u00e4mnen ger po\u00e4ng har du m\u00f6jlighet att s\u00f6ka studiemedel fr\u00e5n <strong>CSN<\/strong>.<\/p>\n<p><\/p><\/div>\n                            <\/div>\n                        <\/section>\n                                    <\/div>\n                <button class=\"mt-3 tab-page-expand\" data-close=\"St\u00e4ng alla flikar\" data-open=\"Expandera alla flikar\">\n                    Expandera alla flikar                <\/button>\n            <\/div>\n        <\/section>\n\n\n\n\n<h2 class=\"wp-block-heading\">Viktiga datum<\/h2>\n\n\n\n<p><i class=\"icon far fa-calendar-check\" aria-hidden=\"true\"> <\/i>Ans\u00f6k senast: <strong>6 maj<\/strong><\/p>\n\n\n\n<p><i class=\"icon far fa-calendar-check\" aria-hidden=\"true\"><\/i>Obligatorisk uppstart: <strong>Onsdag 10 juni<\/strong><\/p>\n\n\n\n<p><i class=\"icon far fa-calendar-check\" aria-hidden=\"true\"><\/i>Studieperiod: <strong>2026-06-08 \u2013 2026-08-14<\/strong><\/p>\n\n\n\n<h2 class=\"wp-block-heading\">S\u00f6kbara sommarkurser<\/h2>\n\n\n\n        <section aria-label=\"\u00d6ppningsbara flikar 1\" class=\"accordions mt-6 mb-6\">\n            <div class=\"container\" data-accordions=\"true\">\n                <div class=\"tab-pages\" role=\"tablist\">\n                                            <section class=\"tab-page\">\n                            <header>\n                                <button class=\"tab-page-head is-active has-text-color-black\" id=\"accordions-shortcode1-tab-0\" role=\"tab\" aria-selected=\"true\" aria-controls=\"accordions-shortcode1-tabpanel-0\" aria-label=\"Sommarvux: Kurser p\u00e5 grundl\u00e4ggande niv\u00e5\" style=\"background: #e1d9ec\">\n                                    <div class=\"level\">\n                                        <div class=\"level-start\">\n                                            <div class=\"level-item\">\n                                                <h2>Sommarvux: Kurser p\u00e5 grundl\u00e4ggande niv\u00e5<\/h2>\n                                            <\/div>\n                                        <\/div>\n                                        <div class=\"level-end\">\n                                            <div class=\"level-item is-hidden\">\n                                                <span class=\"accordion-icon plus\" title=\"\u00d6ppna flik\"><\/span>\n                                            <\/div>\n                                            <div class=\"level-item\">\n                                                <span class=\"accordion-icon minus\" title=\"St\u00e4ng flik\"><\/span>\n                                            <\/div>\n                                        <\/div>\n                                    <\/div>\n                                <\/button>\n                            <\/header>\n                            <div class=\"tab-page-body\" id=\"accordions-shortcode1-tabpanel-0\" role=\"tabpanel\" aria-labelledby=\"accordions-shortcode1-tab-0\" aria-hidden=\"false\">\n                                <div class=\"content\"><ul>\n<li>Svenska som andraspr\u00e5k delkurs 1<\/li>\n<li>Matematik delkurs 4<\/li>\n<\/ul>\n<\/div>\n                            <\/div>\n                        <\/section>\n                                            <section class=\"tab-page\">\n                            <header>\n                                <button class=\"tab-page-head is-active has-text-color-black\" id=\"accordions-shortcode1-tab-1\" role=\"tab\" aria-selected=\"true\" aria-controls=\"accordions-shortcode1-tabpanel-1\" aria-label=\"Sommarvux: \u00c4mnen p\u00e5 gymnasial niv\u00e5\" style=\"background: #9f8fca\">\n                                    <div class=\"level\">\n                                        <div class=\"level-start\">\n                                            <div class=\"level-item\">\n                                                <h2>Sommarvux: \u00c4mnen p\u00e5 gymnasial niv\u00e5<\/h2>\n                                            <\/div>\n                                        <\/div>\n                                        <div class=\"level-end\">\n                                            <div class=\"level-item is-hidden\">\n                                                <span class=\"accordion-icon plus\" title=\"\u00d6ppna flik\"><\/span>\n                                            <\/div>\n                                            <div class=\"level-item\">\n                                                <span class=\"accordion-icon minus\" title=\"St\u00e4ng flik\"><\/span>\n                                            <\/div>\n                                        <\/div>\n                                    <\/div>\n                                <\/button>\n                            <\/header>\n                            <div class=\"tab-page-body\" id=\"accordions-shortcode1-tabpanel-1\" role=\"tabpanel\" aria-labelledby=\"accordions-shortcode1-tab-1\" aria-hidden=\"false\">\n                                <div class=\"content\"><ul>\n<li>Svenska niv\u00e5 1<\/li>\n<li>Svenska som andraspr\u00e5k niv\u00e5 1<\/li>\n<li>Engelska niv\u00e52<\/li>\n<li>Matematik niv\u00e5 1<\/li>\n<li>Samh\u00e4llskunskap niv\u00e5 1a1<\/li>\n<li>Samh\u00e4llskunskap niv\u00e5 1a2<\/li>\n<li>Samh\u00e4llskunskap niv\u00e5 1b<\/li>\n<li>Naturkunskap niv\u00e5 1a2<\/li>\n<\/ul>\n<\/div>\n                            <\/div>\n                        <\/section>\n                                    <\/div>\n                <button class=\"mt-3 tab-page-expand\" data-close=\"St\u00e4ng alla flikar\" data-open=\"Expandera alla flikar\">\n                    Expandera alla flikar                <\/button>\n            <\/div>\n        <\/section>\n\n\n\n<p><!-- \/wp:post-content -->\n<\/p>\n<\/p>\n<p><\/p>","protected":false},"excerpt":{"rendered":"<p>Anv\u00e4nd e-tj\u00e4nst f\u00f6r att g\u00f6ra din ans\u00f6kan (kr\u00e4ver BankID). Om du saknar BankID &#8211; anv\u00e4nd blankett f\u00f6r ans\u00f6kan. F\u00f6rbered dig inf\u00f6r h\u00f6sten med sommarvux Under sommaren erbjuder vi l\u00e4rarledd handledning f\u00f6r dig som l\u00e4ser p\u00e5 grundl\u00e4ggande eller gymnasial niv\u00e5. H\u00e4r f\u00e5r du m\u00f6jlighet att f\u00f6rbereda dig inf\u00f6r h\u00f6stterminen och repetera f\u00f6rlorade kunskaper. Det finns \u00e4ven [&hellip;]<\/p>\n","protected":false},"author":7,"featured_media":29970,"parent":0,"menu_order":0,"comment_status":"closed","ping_status":"closed","template":"","meta":{"_acf_changed":false,"footnotes":""},"class_list":["post-22023","page","type-page","status-publish","has-post-thumbnail","hentry"],"acf":[],"_links":{"self":[{"href":"https:\/\/kunskapsforbundet.se\/vuxenutbildningen\/wp-json\/wp\/v2\/pages\/22023","targetHints":{"allow":["GET"]}}],"collection":[{"href":"https:\/\/kunskapsforbundet.se\/vuxenutbildningen\/wp-json\/wp\/v2\/pages"}],"about":[{"href":"https:\/\/kunskapsforbundet.se\/vuxenutbildningen\/wp-json\/wp\/v2\/types\/page"}],"author":[{"embeddable":true,"href":"https:\/\/kunskapsforbundet.se\/vuxenutbildningen\/wp-json\/wp\/v2\/users\/7"}],"replies":[{"embeddable":true,"href":"https:\/\/kunskapsforbundet.se\/vuxenutbildningen\/wp-json\/wp\/v2\/comments?post=22023"}],"version-history":[{"count":116,"href":"https:\/\/kunskapsforbundet.se\/vuxenutbildningen\/wp-json\/wp\/v2\/pages\/22023\/revisions"}],"predecessor-version":[{"id":30226,"href":"https:\/\/kunskapsforbundet.se\/vuxenutbildningen\/wp-json\/wp\/v2\/pages\/22023\/revisions\/30226"}],"wp:featuredmedia":[{"embeddable":true,"href":"https:\/\/kunskapsforbundet.se\/vuxenutbildningen\/wp-json\/wp\/v2\/media\/29970"}],"wp:attachment":[{"href":"https:\/\/kunskapsforbundet.se\/vuxenutbildningen\/wp-json\/wp\/v2\/media?parent=22023"}],"curies":[{"name":"wp","href":"https:\/\/api.w.org\/{rel}","templated":true}]}}