{"id":21243,"date":"2024-01-09T11:09:00","date_gmt":"2024-01-09T10:09:00","guid":{"rendered":"https:\/\/kunskapsforbundet.se\/vuxenutbildningen\/?page_id=21243"},"modified":"2025-03-13T12:57:51","modified_gmt":"2025-03-13T11:57:51","slug":"specialpedagog","status":"publish","type":"page","link":"https:\/\/kunskapsforbundet.se\/vuxenutbildningen\/specialpedagog\/","title":{"rendered":"Specialpedagog"},"content":{"rendered":"\n<div class=\"pages__ingress pb-4 mb-0\"><p class=\"wp-block-ggb-block-feature__ingress\">Specialpedagogen \u00e4r en del av Vuxenutbildningens elevst\u00f6dteam och kan hj\u00e4lpa dig med dina studier.<\/p><\/div>\n\n\n\n<p>Specialpedagogens roll \u00e4r att <em>skapa milj\u00f6er<\/em> som fr\u00e4mjar l\u00e4rande och utveckling, huvudsakligen p\u00e5 gruppniv\u00e5. I samtal med specialpedagog har du m\u00f6jlighet att utforska vad som kan underl\u00e4tta dina studier.<\/p>\n\n\n\n<h2 class=\"wp-block-heading\">Boka tid f\u00f6r samtal med specialpedagog<\/h2>\n\n\n\n<p>Anv\u00e4nd e-tj\u00e4nsten nedan om du beh\u00f6ver komma i kontakt med specialpedagog. Beskriv din fr\u00e5ga kortfattat s\u00e5 \u00e5terkommer vi till dig s\u00e5 fort vi kan med svar.<\/p>\n\n\n\n<div class=\"wp-block-buttons is-layout-flex wp-block-buttons-is-layout-flex\">\n<div class=\"wp-block-button has-custom-width wp-block-button__width-100\"><a class=\"wp-block-button__link has-black-color has-text-color has-background has-link-color wp-element-button\" href=\"https:\/\/minasidor.kunskapsforbundet.se\/192\" style=\"border-radius:0px;background-color:#9f8fca\">Kontakta eller boka tid f\u00f6r samtal med specialpedagog h\u00e4r (e-tj\u00e4nst)<\/a><\/div>\n<\/div>\n\n\n\n<p class=\"has-small-font-size\">Samtal kan ske p\u00e5 plats eller via telefon<\/p>\n\n\n<\/p>\n\n\n<p><\/p>\n\n\n<p><\/p>","protected":false},"excerpt":{"rendered":"<p>Specialpedagogens roll \u00e4r att skapa milj\u00f6er som fr\u00e4mjar l\u00e4rande och utveckling, huvudsakligen p\u00e5 gruppniv\u00e5. I samtal med specialpedagog har du m\u00f6jlighet att utforska vad som kan underl\u00e4tta dina studier. Boka tid f\u00f6r samtal med specialpedagog Anv\u00e4nd e-tj\u00e4nsten nedan om du beh\u00f6ver komma i kontakt med specialpedagog. Beskriv din fr\u00e5ga kortfattat s\u00e5 \u00e5terkommer vi till dig [&hellip;]<\/p>\n","protected":false},"author":7,"featured_media":21292,"parent":0,"menu_order":0,"comment_status":"closed","ping_status":"closed","template":"","meta":{"_acf_changed":false,"footnotes":""},"class_list":["post-21243","page","type-page","status-publish","has-post-thumbnail","hentry"],"acf":[],"_links":{"self":[{"href":"https:\/\/kunskapsforbundet.se\/vuxenutbildningen\/wp-json\/wp\/v2\/pages\/21243","targetHints":{"allow":["GET"]}}],"collection":[{"href":"https:\/\/kunskapsforbundet.se\/vuxenutbildningen\/wp-json\/wp\/v2\/pages"}],"about":[{"href":"https:\/\/kunskapsforbundet.se\/vuxenutbildningen\/wp-json\/wp\/v2\/types\/page"}],"author":[{"embeddable":true,"href":"https:\/\/kunskapsforbundet.se\/vuxenutbildningen\/wp-json\/wp\/v2\/users\/7"}],"replies":[{"embeddable":true,"href":"https:\/\/kunskapsforbundet.se\/vuxenutbildningen\/wp-json\/wp\/v2\/comments?post=21243"}],"version-history":[{"count":12,"href":"https:\/\/kunskapsforbundet.se\/vuxenutbildningen\/wp-json\/wp\/v2\/pages\/21243\/revisions"}],"predecessor-version":[{"id":25083,"href":"https:\/\/kunskapsforbundet.se\/vuxenutbildningen\/wp-json\/wp\/v2\/pages\/21243\/revisions\/25083"}],"wp:featuredmedia":[{"embeddable":true,"href":"https:\/\/kunskapsforbundet.se\/vuxenutbildningen\/wp-json\/wp\/v2\/media\/21292"}],"wp:attachment":[{"href":"https:\/\/kunskapsforbundet.se\/vuxenutbildningen\/wp-json\/wp\/v2\/media?parent=21243"}],"curies":[{"name":"wp","href":"https:\/\/api.w.org\/{rel}","templated":true}]}}