{"id":21238,"date":"2024-01-09T11:01:13","date_gmt":"2024-01-09T10:01:13","guid":{"rendered":"https:\/\/kunskapsforbundet.se\/vuxenutbildningen\/?page_id=21238"},"modified":"2026-02-11T15:25:06","modified_gmt":"2026-02-11T14:25:06","slug":"elevstod","status":"publish","type":"page","link":"https:\/\/kunskapsforbundet.se\/vuxenutbildningen\/elevstod\/","title":{"rendered":"Elevst\u00f6d"},"content":{"rendered":"\n<div class=\"pages__ingress pb-4 mb-0\"><p class=\"wp-block-ggb-block-feature__ingress\">Elevst\u00f6d arbetar huvudsakligen f\u00f6rebyggande och h\u00e4lsofr\u00e4mjande. Vi arbetar b\u00e5de p\u00e5 gruppniv\u00e5 och ger individuellt st\u00f6d.<\/p><\/div>\n\n\n\n<p>P\u00e5 Vuxenutbildningen finns b\u00e5de kurator och specialpedagog tillg\u00e4ngliga f\u00f6r att st\u00f6dja dig i din studiev\u00e4g och hj\u00e4lpa dig att n\u00e5 dina m\u00e5l. Vi kan hj\u00e4lpa dig med anpassningar i studiemilj\u00f6n, f\u00f6rb\u00e4ttra din studieteknik och erbjuda st\u00f6d och r\u00e5dgivning n\u00e4r du st\u00f6ter p\u00e5 utmaningar under studietiden. V\u00e5rt m\u00e5l \u00e4r att skapa en trygg och st\u00f6djande milj\u00f6 d\u00e4r du kan v\u00e4xa och utvecklas och bli s\u00e5 mycket du kan. <\/p>\n\n\n        <section aria-label=\"\u00d6ppningsbara flikar 1\" class=\"accordions mt-6 mb-6\">\n            <div class=\"container\" data-accordions=\"true\">\n                <div class=\"tab-pages\" role=\"tablist\">\n                                            <section class=\"tab-page\">\n                            <header>\n                                <button class=\"tab-page-head has-text-color-black\" id=\"accordions-shortcode1-tab-0\" role=\"tab\" aria-selected=\"false\" aria-controls=\"accordions-shortcode1-tabpanel-0\" aria-label=\"Kurator\" style=\"background: #9f8fca\">\n                                    <div class=\"level\">\n                                        <div class=\"level-start\">\n                                            <div class=\"level-item\">\n                                                <h2>Kurator<\/h2>\n                                            <\/div>\n                                        <\/div>\n                                        <div class=\"level-end\">\n                                            <div class=\"level-item\">\n                                                <span class=\"accordion-icon plus\" title=\"\u00d6ppna flik\"><\/span>\n                                            <\/div>\n                                            <div class=\"level-item is-hidden\">\n                                                <span class=\"accordion-icon minus\" title=\"St\u00e4ng flik\"><\/span>\n                                            <\/div>\n                                        <\/div>\n                                    <\/div>\n                                <\/button>\n                            <\/header>\n                            <div class=\"tab-page-body is-hidden\" id=\"accordions-shortcode1-tabpanel-0\" role=\"tabpanel\" aria-labelledby=\"accordions-shortcode1-tab-0\" aria-hidden=\"true\">\n                                <div class=\"content\"><p><span class=\"a_GcMg font-feature-liga-off font-feature-clig-off font-feature-calt-off text-decoration-none text-strikethrough-none\">V\u00e5r kurator finns f\u00f6r dig som vill prata med n\u00e5gon om ditt m\u00e5ende. Du kan f\u00e5 hj\u00e4lp, st\u00f6d och r\u00e5d med olika problem som du kan m\u00f6ta kopplat till dina studier. Vi kan erbjuda bland annat<\/span> <span class=\"a_GcMg font-feature-liga-off font-feature-clig-off font-feature-calt-off text-decoration-none text-strikethrough-none\">studiemotiverande samtal, st\u00f6d i kontakten med v\u00e5rd eller andra samh\u00e4llsakt\u00f6rer eller annat som ger dig verktyg att hantera din livssituation under studietiden.<\/span><\/p>\n<p>Tystnadsplikt g\u00e4ller alltid.<br \/>\nKontakta Anna-Maria p\u00e5: <a class=\"email\" href=\"mailto:anna-maria.jansson@kunskapsforbundet.se\">anna-maria.jansson@kunskapsforbundet.se<\/a><br \/>\n\u00c4r du befintlig elev hos oss g\u00e5r det bra att skriva i Google Chat.<\/p><\/div>\n                            <\/div>\n                        <\/section>\n                                            <section class=\"tab-page\">\n                            <header>\n                                <button class=\"tab-page-head has-text-color-black\" id=\"accordions-shortcode1-tab-1\" role=\"tab\" aria-selected=\"false\" aria-controls=\"accordions-shortcode1-tabpanel-1\" aria-label=\"Specialpedagog\" style=\"background: #e1d9ec\">\n                                    <div class=\"level\">\n                                        <div class=\"level-start\">\n                                            <div class=\"level-item\">\n                                                <h2>Specialpedagog<\/h2>\n                                            <\/div>\n                                        <\/div>\n                                        <div class=\"level-end\">\n                                            <div class=\"level-item\">\n                                                <span class=\"accordion-icon plus\" title=\"\u00d6ppna flik\"><\/span>\n                                            <\/div>\n                                            <div class=\"level-item is-hidden\">\n                                                <span class=\"accordion-icon minus\" title=\"St\u00e4ng flik\"><\/span>\n                                            <\/div>\n                                        <\/div>\n                                    <\/div>\n                                <\/button>\n                            <\/header>\n                            <div class=\"tab-page-body is-hidden\" id=\"accordions-shortcode1-tabpanel-1\" role=\"tabpanel\" aria-labelledby=\"accordions-shortcode1-tab-1\" aria-hidden=\"true\">\n                                <div class=\"content\"><p>Hos v\u00e5ra specialpedagoger f\u00e5r du hj\u00e4lp och st\u00f6d med dina studier. Det kan handla om anpassningar,<br \/>\nstudieteknik och att skapa milj\u00f6er som fr\u00e4mjar l\u00e4rande och utveckling utifr\u00e5n dina behov.<\/p>\n<p><span class=\"a_GcMg font-feature-liga-off font-feature-clig-off font-feature-calt-off text-decoration-none text-strikethrough-none\">I samtal med specialpedagog f\u00e5r du ta reda p\u00e5 vad som kan underl\u00e4tta dina studier och hj\u00e4lper dig n\u00e5 dina m\u00e5l.<\/span><\/p>\n<p>&nbsp;<\/p>\n<\/div>\n                            <\/div>\n                        <\/section>\n                                    <\/div>\n                <button class=\"mt-3 tab-page-expand\" data-close=\"St\u00e4ng alla flikar\" data-open=\"Expandera alla flikar\">\n                    Expandera alla flikar                <\/button>\n            <\/div>\n        <\/section>\n\n\n\n\n<p><\/p>\n\n\n\n<h2 class=\"wp-block-heading\">Kontakta oss <\/h2>\n\n\n\n<p>Du hittar kontaktuppgifter till oss i h\u00f6gerspalt. Vi finns i V\u00e4nerparken 5 i V\u00e4nersborg, v\u00e5ning 5. <br>\u00c4r du studerande p\u00e5 Vuxenutbildningen kan du kontakta oss i Google Chat. <br><br>Du kan \u00e4ven anv\u00e4nda e-tj\u00e4nsten nedan om du beh\u00f6ver komma i kontakt med kurator eller specialpedagog. Beskriv din fr\u00e5ga s\u00e5 \u00e5terkommer vi till dig s\u00e5 fort vi kan med svar.<\/p>\n\n\n\n<div class=\"wp-block-buttons is-layout-flex wp-block-buttons-is-layout-flex\">\n<div class=\"wp-block-button has-custom-width wp-block-button__width-50\"><a class=\"wp-block-button__link has-black-color has-pale-pink-background-color has-text-color has-background has-link-color wp-element-button\" href=\"https:\/\/minasidor.kunskapsforbundet.se\/192\" style=\"border-radius:0px\">E-tj\u00e4nst Elevst\u00f6d<\/a><\/div>\n<\/div>\n\n\n\n<p class=\"has-small-font-size\">Samtal kan ske p\u00e5 plats eller via telefon.<\/p>\n\n\n\n<hr class=\"wp-block-separator has-alpha-channel-opacity\"\/>\n\n\n\n<h2 class=\"wp-block-heading\">Studiehallen<\/h2>\n\n\n\n<p>V\u00e4lkommen till Studiehallen! H\u00e4r har vi flera olika studiemilj\u00f6er d\u00e4r du kan sitta och studera sj\u00e4lv eller tillsammans med andra. Du kan f\u00e5 extra st\u00f6d av l\u00e4rare, oavsett vilken kurs eller \u00e4mne det g\u00e4ller, och f\u00e5 hj\u00e4lp att ta dig n\u00e4rmare dina m\u00e5l.<\/p>\n\n\n\n<p><a href=\"https:\/\/kunskapsforbundet.se\/vuxenutbildningen\/studiehallen\/\" data-type=\"page\" data-id=\"15181\">Mer information och schema f\u00f6r studiehallen hittar du h\u00e4r.<\/a><\/p>\n\n\n\n<h2 class=\"wp-block-heading\">Digitala hj\u00e4lpmedel<\/h2>\n\n\n\n<p>Som studerande p\u00e5 Vuxenutbildningen har du tillg\u00e5ng till n\u00e5gra digitala hj\u00e4lpmedel. <a href=\"https:\/\/kunskapsforbundet.se\/vuxenutbildningen\/digitala-hjalpmedel\/\" data-type=\"page\" data-id=\"17217\">L\u00e4s mer om dessa h\u00e4r.<\/a><\/p>\n\n\n\n<p><\/p>\n","protected":false},"excerpt":{"rendered":"<p>P\u00e5 Vuxenutbildningen finns b\u00e5de kurator och specialpedagog tillg\u00e4ngliga f\u00f6r att st\u00f6dja dig i din studiev\u00e4g och hj\u00e4lpa dig att n\u00e5 dina m\u00e5l. Vi kan hj\u00e4lpa dig med anpassningar i studiemilj\u00f6n, f\u00f6rb\u00e4ttra din studieteknik och erbjuda st\u00f6d och r\u00e5dgivning n\u00e4r du st\u00f6ter p\u00e5 utmaningar under studietiden. V\u00e5rt m\u00e5l \u00e4r att skapa en trygg och st\u00f6djande milj\u00f6 [&hellip;]<\/p>\n","protected":false},"author":7,"featured_media":28738,"parent":0,"menu_order":0,"comment_status":"closed","ping_status":"closed","template":"","meta":{"_acf_changed":false,"footnotes":""},"class_list":["post-21238","page","type-page","status-publish","has-post-thumbnail","hentry"],"acf":[],"_links":{"self":[{"href":"https:\/\/kunskapsforbundet.se\/vuxenutbildningen\/wp-json\/wp\/v2\/pages\/21238","targetHints":{"allow":["GET"]}}],"collection":[{"href":"https:\/\/kunskapsforbundet.se\/vuxenutbildningen\/wp-json\/wp\/v2\/pages"}],"about":[{"href":"https:\/\/kunskapsforbundet.se\/vuxenutbildningen\/wp-json\/wp\/v2\/types\/page"}],"author":[{"embeddable":true,"href":"https:\/\/kunskapsforbundet.se\/vuxenutbildningen\/wp-json\/wp\/v2\/users\/7"}],"replies":[{"embeddable":true,"href":"https:\/\/kunskapsforbundet.se\/vuxenutbildningen\/wp-json\/wp\/v2\/comments?post=21238"}],"version-history":[{"count":37,"href":"https:\/\/kunskapsforbundet.se\/vuxenutbildningen\/wp-json\/wp\/v2\/pages\/21238\/revisions"}],"predecessor-version":[{"id":28768,"href":"https:\/\/kunskapsforbundet.se\/vuxenutbildningen\/wp-json\/wp\/v2\/pages\/21238\/revisions\/28768"}],"wp:featuredmedia":[{"embeddable":true,"href":"https:\/\/kunskapsforbundet.se\/vuxenutbildningen\/wp-json\/wp\/v2\/media\/28738"}],"wp:attachment":[{"href":"https:\/\/kunskapsforbundet.se\/vuxenutbildningen\/wp-json\/wp\/v2\/media?parent=21238"}],"curies":[{"name":"wp","href":"https:\/\/api.w.org\/{rel}","templated":true}]}}