{"id":18514,"date":"2023-03-21T11:27:42","date_gmt":"2023-03-21T10:27:42","guid":{"rendered":"https:\/\/kunskapsforbundet.se\/vuxenutbildningen\/?page_id=18514"},"modified":"2023-03-21T11:27:43","modified_gmt":"2023-03-21T10:27:43","slug":"projekt-helhetslyftet","status":"publish","type":"page","link":"https:\/\/kunskapsforbundet.se\/vuxenutbildningen\/projekt-helhetslyftet\/","title":{"rendered":"Projekt | Helhetslyftet"},"content":{"rendered":"\n<div class=\"pages__ingress pb-4 mb-0\"><p>Helhetslyftet erbjuder insatser f\u00f6r tredjelandsmedborgare f\u00f6r att st\u00e4rka spr\u00e5kutveckling i svenska, f\u00f6rbereda f\u00f6r intr\u00e4de p\u00e5 arbetsmarknaden och \u00f6ka k\u00e4nslan av delaktighet i samh\u00e4llet.<\/p><\/div>\n\n\n\n<figure class=\"wp-block-image size-large\"><img loading=\"lazy\" decoding=\"async\" width=\"1024\" height=\"165\" src=\"https:\/\/kunskapsforbundet.se\/app\/uploads\/sites\/6\/2023\/03\/loggor-hellhetslyftet_ver01-1024x165.jpg\" alt=\"\" class=\"wp-image-18524\" srcset=\"https:\/\/kunskapsforbundet.se\/app\/uploads\/sites\/6\/2023\/03\/loggor-hellhetslyftet_ver01-1024x165.jpg 1024w, https:\/\/kunskapsforbundet.se\/app\/uploads\/sites\/6\/2023\/03\/loggor-hellhetslyftet_ver01-300x48.jpg 300w, https:\/\/kunskapsforbundet.se\/app\/uploads\/sites\/6\/2023\/03\/loggor-hellhetslyftet_ver01-768x124.jpg 768w, https:\/\/kunskapsforbundet.se\/app\/uploads\/sites\/6\/2023\/03\/loggor-hellhetslyftet_ver01.jpg 1366w\" sizes=\"auto, (max-width: 1024px) 100vw, 1024px\" \/><\/figure>\n\n\n\n<div style=\"height:21px\" aria-hidden=\"true\" class=\"wp-block-spacer\"><\/div>\n\n\n\n<h2 class=\"wp-block-heading\">Helhetslyftet<\/h2>\n\n\n\n<p>Helhetslyftet \u00e4r ett projekt som erbjuder helhetsinsatser f\u00f6r tredjelandsmedborgare. (Personer som har medborgarskap i land utanf\u00f6r EU). Projektet finansieras av EU:s Asyl, migrations- och integrationsfond och drivs av Folkh\u00f6gskolef\u00f6rvaltningen V\u00e4stra G\u00f6talandsregionen tillsammans med 30 partners med verksamhet i 16 kommuner i V\u00e4stra G\u00f6taland och Kungsbacka kommun i Halland.<\/p>\n\n\n\n<p>Projektet Helhetslyftet str\u00e4cker sig \u00f6ver tre \u00e5r med start i september 2022. Projektets fokus \u00e4r att st\u00e4rka deltagarnas spr\u00e5kutveckling i svenska, f\u00f6rbereda f\u00f6r intr\u00e4de p\u00e5 arbetsmarknaden och \u00f6ka k\u00e4nslan av delaktighet i samh\u00e4llet. Helhetslyftet syftar ocks\u00e5 till \u00f6kad samsyn, samordning och samverkan mellan akt\u00f6rer med ansvar inom integrationsomr\u00e5det.<\/p>\n\n\n\n<h2 class=\"wp-block-heading\">Helhetslyftets huvudsakliga insatser<\/h2>\n\n\n\n<p>De huvudsakliga insatserna f\u00f6r helhetslyftet \u00e4r:<\/p>\n\n\n\n<ul class=\"wp-block-list\">\n<li>F\u00f6rberedande jobbsp\u00e5r<\/li>\n\n\n\n<li>H\u00e4lsoskola och spr\u00e5kfr\u00e4mjande insatser<\/li>\n\n\n\n<li>Kombinationsutbildningar<\/li>\n\n\n\n<li>Gemensam kompetensutveckling f\u00f6r personal<\/li>\n<\/ul>\n\n\n\n<h2 class=\"wp-block-heading\">Detta g\u00f6r Kunskapsf\u00f6rbundet<\/h2>\n\n\n\n<p>Kunskapsf\u00f6rbundets insats ligger inom delen <strong>kombinationsutbildningar.<\/strong> Kombinationsutbildningar \u00e4r vuxenutbildningar d\u00e4r svenska f\u00f6r invandrare\/svenska som andraspr\u00e5k kombineras med yrkesutbildning p\u00e5 gymnasial niv\u00e5. F\u00f6rutom att driva befintliga kombinationsutbildningar kommer Kunskapsf\u00f6rbundet V\u00e4st att delta i metodutveckling, kommun\u00f6vergripande samverkan och kompetensutveckling kring kombinationsutbildningar. Detta sker i samverkan med vuxenutbildningarna i Sk\u00f6vde, Tibro, Falk\u00f6ping, Lidk\u00f6ping och Str\u00f6mstads kommuner.<\/p>\n","protected":false},"excerpt":{"rendered":"<p>Helhetslyftet Helhetslyftet \u00e4r ett projekt som erbjuder helhetsinsatser f\u00f6r tredjelandsmedborgare. (Personer som har medborgarskap i land utanf\u00f6r EU). Projektet finansieras av EU:s Asyl, migrations- och integrationsfond och drivs av Folkh\u00f6gskolef\u00f6rvaltningen V\u00e4stra G\u00f6talandsregionen tillsammans med 30 partners med verksamhet i 16 kommuner i V\u00e4stra G\u00f6taland och Kungsbacka kommun i Halland. Projektet Helhetslyftet str\u00e4cker sig \u00f6ver tre [&hellip;]<\/p>\n","protected":false},"author":7,"featured_media":17809,"parent":0,"menu_order":0,"comment_status":"closed","ping_status":"closed","template":"","meta":{"_acf_changed":false,"footnotes":""},"class_list":["post-18514","page","type-page","status-publish","has-post-thumbnail","hentry"],"acf":[],"_links":{"self":[{"href":"https:\/\/kunskapsforbundet.se\/vuxenutbildningen\/wp-json\/wp\/v2\/pages\/18514","targetHints":{"allow":["GET"]}}],"collection":[{"href":"https:\/\/kunskapsforbundet.se\/vuxenutbildningen\/wp-json\/wp\/v2\/pages"}],"about":[{"href":"https:\/\/kunskapsforbundet.se\/vuxenutbildningen\/wp-json\/wp\/v2\/types\/page"}],"author":[{"embeddable":true,"href":"https:\/\/kunskapsforbundet.se\/vuxenutbildningen\/wp-json\/wp\/v2\/users\/7"}],"replies":[{"embeddable":true,"href":"https:\/\/kunskapsforbundet.se\/vuxenutbildningen\/wp-json\/wp\/v2\/comments?post=18514"}],"version-history":[{"count":13,"href":"https:\/\/kunskapsforbundet.se\/vuxenutbildningen\/wp-json\/wp\/v2\/pages\/18514\/revisions"}],"predecessor-version":[{"id":18532,"href":"https:\/\/kunskapsforbundet.se\/vuxenutbildningen\/wp-json\/wp\/v2\/pages\/18514\/revisions\/18532"}],"wp:featuredmedia":[{"embeddable":true,"href":"https:\/\/kunskapsforbundet.se\/vuxenutbildningen\/wp-json\/wp\/v2\/media\/17809"}],"wp:attachment":[{"href":"https:\/\/kunskapsforbundet.se\/vuxenutbildningen\/wp-json\/wp\/v2\/media?parent=18514"}],"curies":[{"name":"wp","href":"https:\/\/api.w.org\/{rel}","templated":true}]}}