{"id":17665,"date":"2022-12-06T09:09:18","date_gmt":"2022-12-06T08:09:18","guid":{"rendered":"https:\/\/kunskapsforbundet.se\/vuxenutbildningen\/?page_id=17665"},"modified":"2022-12-06T09:09:19","modified_gmt":"2022-12-06T08:09:19","slug":"projekt-framtidwest","status":"publish","type":"page","link":"https:\/\/kunskapsforbundet.se\/vuxenutbildningen\/projekt-framtidwest\/","title":{"rendered":"Projekt | FramtidWest"},"content":{"rendered":"\n<div class=\"pages__ingress pb-4 mb-0\"><p>Projektet st\u00e5r f\u00f6r det gemensamma m\u00e5let att skapa morgondagens anst\u00e4llda med fokus p\u00e5 framtida arbetsmetoder, yrkesprofiler, arbetsf\u00f6rh\u00e5llanden i samarbete med lokala n\u00e4ringslivet och europiska partner.<\/p><\/div>\n\n\n\n<figure class=\"wp-block-image size-medium is-resized\"><img loading=\"lazy\" decoding=\"async\" src=\"https:\/\/kunskapsforbundet.se\/app\/uploads\/sites\/6\/2022\/12\/EU_flagga_EurSocfond_cmyk-arial_700-300x254.png\" alt=\"\" class=\"wp-image-17668\" width=\"150\" height=\"127\" srcset=\"https:\/\/kunskapsforbundet.se\/app\/uploads\/sites\/6\/2022\/12\/EU_flagga_EurSocfond_cmyk-arial_700-300x254.png 300w, https:\/\/kunskapsforbundet.se\/app\/uploads\/sites\/6\/2022\/12\/EU_flagga_EurSocfond_cmyk-arial_700.png 768w\" sizes=\"auto, (max-width: 150px) 100vw, 150px\" \/><\/figure>\n\n\n\n<div style=\"height:20px\" aria-hidden=\"true\" class=\"wp-block-spacer\"><\/div>\n\n\n\n<h2 class=\"wp-block-heading\">M\u00e5lgrupp<\/h2>\n\n\n\n<p>M\u00e5lgruppen \u00e4r personal p\u00e5 olika l\u00e4rcentra och vuxenutbildningar som \u00e4r medlemmar i N\u00e4tverk Westum samt personal fr\u00e5n de f\u00f6retag som involverade medlemmar samverkar, med fokus p\u00e5 yrkesl\u00e4rarna och handledarna. Projektets insatser ska n\u00e5 ut till minst 275 deltagare som erbjuds kompetensutvecklingsinsatser relaterad till projektm\u00e5len.<\/p>\n\n\n\n<h2 class=\"wp-block-heading\">Varf\u00f6r g\u00f6r vi detta och vad vill vi \u00e5stadkomma?<\/h2>\n\n\n\n<p>Framtid West &#8211; FutureWest st\u00e5r f\u00f6r gemensamma m\u00e5let att skapa morgondagens anst\u00e4llda, i samarbete med lokala n\u00e4ringslivet och europiska partner, genom aktiviteter f\u00f6r att:<\/p>\n\n\n\n<ul class=\"wp-block-list\">\n<li>\u00d6kad kunskap kring framtidens arbetsmetoder, yrkesprofiler, arbetsf\u00f6rh\u00e5llanden<\/li>\n\n\n\n<li>\u00d6ka kunskap kring framtida utbildningsmetoder<\/li>\n\n\n\n<li>\u00d6kad kunskaps-och metodutveckling i arbetsmilj\u00f6arbete inom ramen f\u00f6r yrkesutbildning<\/li>\n\n\n\n<li>\u00d6ka kompetensen kring diskriminering och m\u00f6nster vad g\u00e4ller k\u00f6nsstereotypa och diskriminerande strukturer och normer p\u00e5 arbetsplatser<\/li>\n<\/ul>\n\n\n\n<h2 class=\"wp-block-heading\">Detta erbjuder projektet till v\u00e5ra medlemmar och samverkande f\u00f6retag<\/h2>\n\n\n\n<p>Aktiviteterna f\u00f6r yrkesl\u00e4rare tillsammans med anst\u00e4llda i det lokala arbetlivet kan best\u00e5 av:<\/p>\n\n\n\n<ul class=\"wp-block-list\">\n<li>F\u00f6rel\u00e4sningar f\u00f6r omv\u00e4rldsbevakning kring framtidsstudier och digital transformation<\/li>\n\n\n\n<li>Workshops \/kollegialt l\u00e4rande grupper <\/li>\n\n\n\n<li>Studiebes\u00f6k och samverkan lokalt, regional och internationellt.<\/li>\n<\/ul>\n","protected":false},"excerpt":{"rendered":"<p>M\u00e5lgrupp M\u00e5lgruppen \u00e4r personal p\u00e5 olika l\u00e4rcentra och vuxenutbildningar som \u00e4r medlemmar i N\u00e4tverk Westum samt personal fr\u00e5n de f\u00f6retag som involverade medlemmar samverkar, med fokus p\u00e5 yrkesl\u00e4rarna och handledarna. Projektets insatser ska n\u00e5 ut till minst 275 deltagare som erbjuds kompetensutvecklingsinsatser relaterad till projektm\u00e5len. Varf\u00f6r g\u00f6r vi detta och vad vill vi \u00e5stadkomma? Framtid [&hellip;]<\/p>\n","protected":false},"author":7,"featured_media":17667,"parent":0,"menu_order":0,"comment_status":"closed","ping_status":"closed","template":"","meta":{"_acf_changed":false,"footnotes":""},"class_list":["post-17665","page","type-page","status-publish","has-post-thumbnail","hentry"],"acf":[],"_links":{"self":[{"href":"https:\/\/kunskapsforbundet.se\/vuxenutbildningen\/wp-json\/wp\/v2\/pages\/17665","targetHints":{"allow":["GET"]}}],"collection":[{"href":"https:\/\/kunskapsforbundet.se\/vuxenutbildningen\/wp-json\/wp\/v2\/pages"}],"about":[{"href":"https:\/\/kunskapsforbundet.se\/vuxenutbildningen\/wp-json\/wp\/v2\/types\/page"}],"author":[{"embeddable":true,"href":"https:\/\/kunskapsforbundet.se\/vuxenutbildningen\/wp-json\/wp\/v2\/users\/7"}],"replies":[{"embeddable":true,"href":"https:\/\/kunskapsforbundet.se\/vuxenutbildningen\/wp-json\/wp\/v2\/comments?post=17665"}],"version-history":[{"count":8,"href":"https:\/\/kunskapsforbundet.se\/vuxenutbildningen\/wp-json\/wp\/v2\/pages\/17665\/revisions"}],"predecessor-version":[{"id":17675,"href":"https:\/\/kunskapsforbundet.se\/vuxenutbildningen\/wp-json\/wp\/v2\/pages\/17665\/revisions\/17675"}],"wp:featuredmedia":[{"embeddable":true,"href":"https:\/\/kunskapsforbundet.se\/vuxenutbildningen\/wp-json\/wp\/v2\/media\/17667"}],"wp:attachment":[{"href":"https:\/\/kunskapsforbundet.se\/vuxenutbildningen\/wp-json\/wp\/v2\/media?parent=17665"}],"curies":[{"name":"wp","href":"https:\/\/api.w.org\/{rel}","templated":true}]}}