{"id":17035,"date":"2022-09-07T11:32:43","date_gmt":"2022-09-07T09:32:43","guid":{"rendered":"https:\/\/kunskapsforbundet.se\/vuxenutbildningen\/?page_id=17035"},"modified":"2022-09-07T11:32:44","modified_gmt":"2022-09-07T09:32:44","slug":"engelska","status":"publish","type":"page","link":"https:\/\/kunskapsforbundet.se\/vuxenutbildningen\/engelska\/","title":{"rendered":"Engelska"},"content":{"rendered":"\n<p>H\u00e4r kan du l\u00e4sa mer om Vuxenutbildningens kurser i engelska. V\u00e4lkommen att studera hos oss!<\/p>\n\n\n\n<p>Engelska 1<\/p>\n\n\n\n<p>Engelska 2<\/p>\n\n\n\n<p>Engelska 3<\/p>\n\n\n\n<figure class=\"wp-block-image size-medium is-resized\"><img loading=\"lazy\" decoding=\"async\" src=\"https:\/\/kunskapsforbundet.se\/app\/uploads\/sites\/6\/2022\/09\/DAG-1-300x300.png\" alt=\"\" class=\"wp-image-17036\" width=\"150\" height=\"150\" srcset=\"https:\/\/kunskapsforbundet.se\/app\/uploads\/sites\/6\/2022\/09\/DAG-1-300x300.png 300w, https:\/\/kunskapsforbundet.se\/app\/uploads\/sites\/6\/2022\/09\/DAG-1-1024x1024.png 1024w, https:\/\/kunskapsforbundet.se\/app\/uploads\/sites\/6\/2022\/09\/DAG-1-150x150.png 150w, https:\/\/kunskapsforbundet.se\/app\/uploads\/sites\/6\/2022\/09\/DAG-1-768x768.png 768w, https:\/\/kunskapsforbundet.se\/app\/uploads\/sites\/6\/2022\/09\/DAG-1.png 1080w\" sizes=\"auto, (max-width: 150px) 100vw, 150px\" \/><\/figure>\n","protected":false},"excerpt":{"rendered":"<p>H\u00e4r kan du l\u00e4sa mer om Vuxenutbildningens kurser i engelska. V\u00e4lkommen att studera hos oss! Engelska 1 Engelska 2 Engelska 3<\/p>\n","protected":false},"author":37,"featured_media":17038,"parent":0,"menu_order":0,"comment_status":"closed","ping_status":"closed","template":"","meta":{"_acf_changed":false,"footnotes":""},"class_list":["post-17035","page","type-page","status-publish","has-post-thumbnail","hentry"],"acf":[],"_links":{"self":[{"href":"https:\/\/kunskapsforbundet.se\/vuxenutbildningen\/wp-json\/wp\/v2\/pages\/17035","targetHints":{"allow":["GET"]}}],"collection":[{"href":"https:\/\/kunskapsforbundet.se\/vuxenutbildningen\/wp-json\/wp\/v2\/pages"}],"about":[{"href":"https:\/\/kunskapsforbundet.se\/vuxenutbildningen\/wp-json\/wp\/v2\/types\/page"}],"author":[{"embeddable":true,"href":"https:\/\/kunskapsforbundet.se\/vuxenutbildningen\/wp-json\/wp\/v2\/users\/37"}],"replies":[{"embeddable":true,"href":"https:\/\/kunskapsforbundet.se\/vuxenutbildningen\/wp-json\/wp\/v2\/comments?post=17035"}],"version-history":[{"count":2,"href":"https:\/\/kunskapsforbundet.se\/vuxenutbildningen\/wp-json\/wp\/v2\/pages\/17035\/revisions"}],"predecessor-version":[{"id":17040,"href":"https:\/\/kunskapsforbundet.se\/vuxenutbildningen\/wp-json\/wp\/v2\/pages\/17035\/revisions\/17040"}],"wp:featuredmedia":[{"embeddable":true,"href":"https:\/\/kunskapsforbundet.se\/vuxenutbildningen\/wp-json\/wp\/v2\/media\/17038"}],"wp:attachment":[{"href":"https:\/\/kunskapsforbundet.se\/vuxenutbildningen\/wp-json\/wp\/v2\/media?parent=17035"}],"curies":[{"name":"wp","href":"https:\/\/api.w.org\/{rel}","templated":true}]}}