{"id":16875,"date":"2022-08-30T14:21:28","date_gmt":"2022-08-30T12:21:28","guid":{"rendered":"https:\/\/kunskapsforbundet.se\/vuxenutbildningen\/?page_id=16875"},"modified":"2022-09-01T11:51:22","modified_gmt":"2022-09-01T09:51:22","slug":"projekt-get-ready","status":"publish","type":"page","link":"https:\/\/kunskapsforbundet.se\/vuxenutbildningen\/projekt-get-ready\/","title":{"rendered":"Projekt | Get ready"},"content":{"rendered":"\n<div class=\"pages__ingress pb-4 mb-0\"><p>Om du har blivit arbetsl\u00f6s efter 11 mars 2020 p\u00e5 grund av pandemin kan Vuxenutbildningen hj\u00e4lpa dig genom att introducera, underl\u00e4tta och f\u00f6rbereda dig inf\u00f6r studier eller jobb.<\/p><\/div>\n\n\n\n<figure class=\"wp-block-image size-large\"><img loading=\"lazy\" decoding=\"async\" width=\"1024\" height=\"134\" src=\"https:\/\/kunskapsforbundet.se\/app\/uploads\/sites\/6\/2022\/08\/EU-get-ready-1024x134.jpg\" alt=\"\" class=\"wp-image-16879\" srcset=\"https:\/\/kunskapsforbundet.se\/app\/uploads\/sites\/6\/2022\/08\/EU-get-ready-1024x134.jpg 1024w, https:\/\/kunskapsforbundet.se\/app\/uploads\/sites\/6\/2022\/08\/EU-get-ready-300x39.jpg 300w, https:\/\/kunskapsforbundet.se\/app\/uploads\/sites\/6\/2022\/08\/EU-get-ready-768x101.jpg 768w, https:\/\/kunskapsforbundet.se\/app\/uploads\/sites\/6\/2022\/08\/EU-get-ready.jpg 1366w\" sizes=\"auto, (max-width: 1024px) 100vw, 1024px\" \/><\/figure>\n\n\n\n<h2 class=\"wp-block-heading\">Get ready &#8211; p\u00e5 Vuxenutbildningen<\/h2>\n\n\n\n<p>Vuxenutbildningen hj\u00e4lper dig att ta n\u00e4sta steg! Hos oss f\u00e5r du v\u00e4gledning att ta dig vidare ut i arbetslivet eller mot studier. Vi st\u00f6ttar dig med att f\u00e5 r\u00e4tt kompetens och f\u00f6rberedelse i form av prova-p\u00e5 aktiviteter, studiebes\u00f6k och en flexibel undervisning.<\/p>\n\n\n\n<ul class=\"wp-block-list\"><li>\u00c4r du tveksam till studier? V\u00e5ga prova med oss!<\/li><li>Kr\u00e4ver jobbet en utbildning? Vi kan hj\u00e4lpa dig r\u00e4tt!<\/li><\/ul>\n\n\n\n<h2 class=\"wp-block-heading\">Detta f\u00e5r du g\u00f6ra<\/h2>\n\n\n\n<p>Vem du \u00e4r och vad du vill avg\u00f6r hur just din plan utformas.<\/p>\n\n\n\n<ul class=\"wp-block-list\"><li>G\u00e5 kortare utbildningsinsatser<\/li><li>Sp\u00e4nnande studiebes\u00f6k<\/li><li>Prova p\u00e5-dagar inom olika branscher<\/li><li>Tr\u00e4na p\u00e5 olika samtalssituationer<\/li><li>Tr\u00e4ffa studie- och yrkesv\u00e4gledare<\/li><\/ul>\n\n\n\n        <section aria-label=\"\u00d6ppningsbara flikar 1\" class=\"accordions mt-6 mb-6\">\n            <div class=\"container\" data-accordions=\"true\">\n                <div class=\"tab-pages\" role=\"tablist\">\n                                            <section class=\"tab-page\">\n                            <header>\n                                <button class=\"tab-page-head is-active has-text-color-black\" id=\"accordions-shortcode1-tab-0\" role=\"tab\" aria-selected=\"true\" aria-controls=\"accordions-shortcode1-tabpanel-0\" aria-label=\"Vill du bli kontaktad - g\u00f6r s\u00e5 h\u00e4r!\" style=\"background: #e1d9ec\">\n                                    <div class=\"level\">\n                                        <div class=\"level-start\">\n                                            <div class=\"level-item\">\n                                                <h2>Vill du bli kontaktad - g\u00f6r s\u00e5 h\u00e4r!<\/h2>\n                                            <\/div>\n                                        <\/div>\n                                        <div class=\"level-end\">\n                                            <div class=\"level-item is-hidden\">\n                                                <span class=\"accordion-icon plus\" title=\"\u00d6ppna flik\"><\/span>\n                                            <\/div>\n                                            <div class=\"level-item\">\n                                                <span class=\"accordion-icon minus\" title=\"St\u00e4ng flik\"><\/span>\n                                            <\/div>\n                                        <\/div>\n                                    <\/div>\n                                <\/button>\n                            <\/header>\n                            <div class=\"tab-page-body\" id=\"accordions-shortcode1-tabpanel-0\" role=\"tabpanel\" aria-labelledby=\"accordions-shortcode1-tab-0\" aria-hidden=\"false\">\n                                <div class=\"content\"><h2><span style=\"color: #000000;\">Fyll i formul\u00e4ret &#8211; s\u00e5 kontaktar vi dig.<\/span><\/h2>\n<div class=\"wpforms-container wpforms-container-full\" id=\"wpforms-16857\"><form id=\"wpforms-form-16857\" class=\"wpforms-validate wpforms-form wpforms-ajax-form\" data-formid=\"16857\" method=\"post\" enctype=\"multipart\/form-data\" action=\"\/vuxenutbildningen\/wp-json\/wp\/v2\/pages\/16875\" data-token=\"7026606220d5482bb6b081d2ed1c9a9d\" data-token-time=\"1776586575\"><noscript class=\"wpforms-error-noscript\">Aktivera JavaScript i din webbl\u00e4sare f\u00f6r att slutf\u00f6ra detta formul\u00e4r.<\/noscript><div class=\"wpforms-field-container\"><div id=\"wpforms-16857-field_13-container\" class=\"wpforms-field wpforms-field-divider\" data-field-id=\"13\"><h3 id=\"wpforms-16857-field_13\">Kontakta oss<\/h3><div class=\"wpforms-field-description\">Hej, h\u00e4r kan du kontakta oss! Fyll i dina uppgifter s\u00e5 kommer vi att kontakta dig.<\/div><\/div><div id=\"wpforms-16857-field_1-container\" class=\"wpforms-field wpforms-field-text\" data-field-id=\"1\"><label class=\"wpforms-field-label\" for=\"wpforms-16857-field_1\">1. F\u00f6r- och efternamn <span class=\"wpforms-required-label\">*<\/span><\/label><input type=\"text\" id=\"wpforms-16857-field_1\" class=\"wpforms-field-medium wpforms-field-required\" name=\"wpforms[fields][1]\" required><\/div><div id=\"wpforms-16857-field_8-container\" class=\"wpforms-field wpforms-field-email\" data-field-id=\"8\"><label class=\"wpforms-field-label\" for=\"wpforms-16857-field_8\">2. Din e-postadress <span class=\"wpforms-required-label\">*<\/span><\/label><input type=\"email\" id=\"wpforms-16857-field_8\" class=\"wpforms-field-medium wpforms-field-required\" name=\"wpforms[fields][8]\" spellcheck=\"false\" required><\/div><div id=\"wpforms-16857-field_9-container\" class=\"wpforms-field wpforms-field-text\" data-field-id=\"9\"><label class=\"wpforms-field-label\" for=\"wpforms-16857-field_9\">3. Ditt telefonnummer: <span class=\"wpforms-required-label\">*<\/span><\/label><input type=\"text\" id=\"wpforms-16857-field_9\" class=\"wpforms-field-medium wpforms-field-required\" name=\"wpforms[fields][9]\" required><\/div><div id=\"wpforms-16857-field_14-container\" class=\"wpforms-field wpforms-field-text\" data-field-id=\"14\"><label class=\"wpforms-field-label\" for=\"wpforms-16857-field_14\">4. Din hemort<\/label><input type=\"text\" id=\"wpforms-16857-field_14\" class=\"wpforms-field-medium\" name=\"wpforms[fields][14]\" ><\/div><\/div><!-- .wpforms-field-container --><div class=\"wpforms-field wpforms-field-hp\"><label for=\"wpforms-16857-field-hp\" class=\"wpforms-field-label\">Website<\/label><input type=\"text\" name=\"wpforms[hp]\" id=\"wpforms-16857-field-hp\" class=\"wpforms-field-medium\"><\/div><div class=\"wpforms-submit-container\" ><input type=\"hidden\" name=\"wpforms[id]\" value=\"16857\"><input type=\"hidden\" name=\"page_title\" value=\"\"><input type=\"hidden\" name=\"page_url\" value=\"https:\/\/kunskapsforbundet.se\/vuxenutbildningen\/wp-json\/wp\/v2\/pages\/16875\"><input type=\"hidden\" name=\"url_referer\" value=\"\"><button type=\"submit\" name=\"wpforms[submit]\" id=\"wpforms-submit-16857\" class=\"wpforms-submit\" data-alt-text=\"Skickar...\" data-submit-text=\"Skicka in\" aria-live=\"assertive\" value=\"wpforms-submit\">Skicka in<\/button><img loading=\"lazy\" decoding=\"async\" src=\"https:\/\/kunskapsforbundet.se\/app\/plugins\/wpforms\/assets\/images\/submit-spin.svg\" class=\"wpforms-submit-spinner\" style=\"display: none;\" width=\"26\" height=\"26\" alt=\"Laddar\"><\/div><\/form><\/div>  <!-- .wpforms-container -->\n<hr \/>\n<h2>Du kan ocks\u00e5 kontakta oss s\u00e5 h\u00e4r:<\/h2>\n<ul>\n<li>Skicka e-post: getready@kunskapsforbundet.se<\/li>\n<li>Telefon, Caroline Beckman: 0521-72 18 89<\/li>\n<\/ul>\n<p>Det \u00e4r viktigt att du anger namn, e-post och telefon s\u00e5 att vi kan n\u00e5 dig om du skickar e-post till oss. Efter att du kontaktat oss kommer vi att kontakta dig f\u00f6r att boka en tid som passar dig.<\/p><\/div>\n                            <\/div>\n                        <\/section>\n                                            <section class=\"tab-page\">\n                            <header>\n                                <button class=\"tab-page-head has-text-color-black\" id=\"accordions-shortcode1-tab-1\" role=\"tab\" aria-selected=\"false\" aria-controls=\"accordions-shortcode1-tabpanel-1\" aria-label=\"Projekt\u00e4gare: N\u00e4tverk Westum\" style=\"background: #9f8fca\">\n                                    <div class=\"level\">\n                                        <div class=\"level-start\">\n                                            <div class=\"level-item\">\n                                                <h2>Projekt\u00e4gare: N\u00e4tverk Westum<\/h2>\n                                            <\/div>\n                                        <\/div>\n                                        <div class=\"level-end\">\n                                            <div class=\"level-item\">\n                                                <span class=\"accordion-icon plus\" title=\"\u00d6ppna flik\"><\/span>\n                                            <\/div>\n                                            <div class=\"level-item is-hidden\">\n                                                <span class=\"accordion-icon minus\" title=\"St\u00e4ng flik\"><\/span>\n                                            <\/div>\n                                        <\/div>\n                                    <\/div>\n                                <\/button>\n                            <\/header>\n                            <div class=\"tab-page-body is-hidden\" id=\"accordions-shortcode1-tabpanel-1\" role=\"tabpanel\" aria-labelledby=\"accordions-shortcode1-tab-1\" aria-hidden=\"true\">\n                                <div class=\"content\"><p>N\u00e4tverk Westum \u00e4r en f\u00f6rening best\u00e5ende av 41 kommunala vuxenutbildningar och l\u00e4rcentra i V\u00e4stsverige. Tolv av Westums medlemmar har valt att medverka fr\u00e5n de olika (del-)regionerna och representerar 17 kommuner i denna ans\u00f6kan. Varje organisation har satt sitt eget fokus i projektet utifr\u00e5n lokala behov och f\u00f6ruts\u00e4ttningar. Projektet p\u00e5g\u00e5r fr\u00e5n\u00a02022-03-01 till 2023-04-30.<\/p>\n<ul>\n<li>Kunskapsf\u00f6rbundet V\u00e4st (Trollh\u00e4ttan och V\u00e4nersborg kommun)<\/li>\n<li>Falkenberg vuxenutbildning<\/li>\n<li>Campus M\u00f6lndal<\/li>\n<li>Bor\u00e5s vuxenutbildning<\/li>\n<li>Sk\u00f6vde vuxenutbildning och arbetsmarknadsenhet<\/li>\n<li>Campus v\u00e4stra Skaraborg (i samverkan med 5 kommuner)<\/li>\n<li>Karlsborgs vuxenutbildning<\/li>\n<li>Uddevalla vuxenutbildning<\/li>\n<li>Str\u00f6mstad vuxenutbildning<\/li>\n<li>Munkedals kommun\/Kunskapens Hus<\/li>\n<li>Lysekil vuxenutbildning<\/li>\n<li>Orust vuxenutbildning<\/li>\n<\/ul>\n<\/div>\n                            <\/div>\n                        <\/section>\n                                    <\/div>\n                <button class=\"mt-3 tab-page-expand\" data-close=\"St\u00e4ng alla flikar\" data-open=\"Expandera alla flikar\">\n                    Expandera alla flikar                <\/button>\n            <\/div>\n        <\/section>\n\n","protected":false},"excerpt":{"rendered":"<p>Get ready &#8211; p\u00e5 Vuxenutbildningen Vuxenutbildningen hj\u00e4lper dig att ta n\u00e4sta steg! Hos oss f\u00e5r du v\u00e4gledning att ta dig vidare ut i arbetslivet eller mot studier. Vi st\u00f6ttar dig med att f\u00e5 r\u00e4tt kompetens och f\u00f6rberedelse i form av prova-p\u00e5 aktiviteter, studiebes\u00f6k och en flexibel undervisning. \u00c4r du tveksam till studier? V\u00e5ga prova med [&hellip;]<\/p>\n","protected":false},"author":7,"featured_media":16907,"parent":0,"menu_order":0,"comment_status":"closed","ping_status":"closed","template":"","meta":{"_acf_changed":false,"footnotes":""},"class_list":["post-16875","page","type-page","status-publish","has-post-thumbnail","hentry"],"acf":[],"_links":{"self":[{"href":"https:\/\/kunskapsforbundet.se\/vuxenutbildningen\/wp-json\/wp\/v2\/pages\/16875","targetHints":{"allow":["GET"]}}],"collection":[{"href":"https:\/\/kunskapsforbundet.se\/vuxenutbildningen\/wp-json\/wp\/v2\/pages"}],"about":[{"href":"https:\/\/kunskapsforbundet.se\/vuxenutbildningen\/wp-json\/wp\/v2\/types\/page"}],"author":[{"embeddable":true,"href":"https:\/\/kunskapsforbundet.se\/vuxenutbildningen\/wp-json\/wp\/v2\/users\/7"}],"replies":[{"embeddable":true,"href":"https:\/\/kunskapsforbundet.se\/vuxenutbildningen\/wp-json\/wp\/v2\/comments?post=16875"}],"version-history":[{"count":42,"href":"https:\/\/kunskapsforbundet.se\/vuxenutbildningen\/wp-json\/wp\/v2\/pages\/16875\/revisions"}],"predecessor-version":[{"id":16940,"href":"https:\/\/kunskapsforbundet.se\/vuxenutbildningen\/wp-json\/wp\/v2\/pages\/16875\/revisions\/16940"}],"wp:featuredmedia":[{"embeddable":true,"href":"https:\/\/kunskapsforbundet.se\/vuxenutbildningen\/wp-json\/wp\/v2\/media\/16907"}],"wp:attachment":[{"href":"https:\/\/kunskapsforbundet.se\/vuxenutbildningen\/wp-json\/wp\/v2\/media?parent=16875"}],"curies":[{"name":"wp","href":"https:\/\/api.w.org\/{rel}","templated":true}]}}