{"id":16025,"date":"2022-05-17T14:50:35","date_gmt":"2022-05-17T12:50:35","guid":{"rendered":"https:\/\/kunskapsforbundet.se\/vuxenutbildningen\/?page_id=16025"},"modified":"2025-03-13T10:50:01","modified_gmt":"2025-03-13T09:50:01","slug":"utskrift-av-betyg","status":"publish","type":"page","link":"https:\/\/kunskapsforbundet.se\/vuxenutbildningen\/utskrift-av-betyg\/","title":{"rendered":"Best\u00e4llning av betygskopior"},"content":{"rendered":"\n<div class=\"pages__ingress pb-4 mb-0\"><p class=\"wp-block-ggb-block-feature__ingress\">H\u00e4r kan du best\u00e4lla betygskopior fr\u00e5n Vuxenutbildningen.<\/p><\/div>\n\n\n\n<p>Utskrift av betyg \u00e4r p\u00e5 svenska. Vi kan inte erbjuda utskrifter p\u00e5 andra spr\u00e5k. Du f\u00e5r sj\u00e4lv v\u00e4nda dig till en \u00f6vers\u00e4ttare om du beh\u00f6ver utskrift av dina betyg p\u00e5 ett annat spr\u00e5k. Vi kan inte utf\u00e4rda ett nytt slutbetyg. Vi kan inte heller \u00e4ndra ett betyg eller namnet p\u00e5 betyget. <\/p>\n\n\n\n<p>Om du vill ha ett slutbetyg\/examen s\u00e5 ska du kontakta studiev\u00e4gledningen p\u00e5 Vuxenutbildningen \u2013 <a href=\"https:\/\/kunskapsforbundet.se\/vuxenutbildningen\/studie-och-yrkesvagledning\/\" target=\"_blank\" rel=\"noreferrer noopener\">Klicka h\u00e4r f\u00f6r studiev\u00e4gledningens sida.<\/a><\/p>\n\n\n\n<h2 class=\"wp-block-heading\">Best\u00e4ll betygskopia via e-tj\u00e4nsten<\/h2>\n\n\n\n<p>Anv\u00e4nd e-tj\u00e4nsten nedan f\u00f6r att best\u00e4lla din betygskopia.\u00a0Vi hanterar \u00e4rendet s\u00e5 fort vi kan. Handl\u00e4ggningstiden kan bli 2 veckor \u2013 s\u00e5 best\u00e4ll i god tid. Vi kan skicka betygskopior hem till dig med post eller via v\u00e5r e-tj\u00e4nst.<\/p>\n\n\n\n<div class=\"wp-block-buttons is-layout-flex wp-block-buttons-is-layout-flex\">\n<div class=\"wp-block-button has-custom-width wp-block-button__width-100\"><a class=\"wp-block-button__link has-black-color has-text-color has-background has-link-color wp-element-button\" href=\"https:\/\/minasidor.kunskapsforbundet.se\/217\" style=\"border-radius:0px;background-color:#9f8fca\">Best\u00e4ll betygskopior h\u00e4r (e-tj\u00e4nst)<\/a><\/div>\n<\/div>\n","protected":false},"excerpt":{"rendered":"<p>Utskrift av betyg \u00e4r p\u00e5 svenska. Vi kan inte erbjuda utskrifter p\u00e5 andra spr\u00e5k. Du f\u00e5r sj\u00e4lv v\u00e4nda dig till en \u00f6vers\u00e4ttare om du beh\u00f6ver utskrift av dina betyg p\u00e5 ett annat spr\u00e5k. Vi kan inte utf\u00e4rda ett nytt slutbetyg. Vi kan inte heller \u00e4ndra ett betyg eller namnet p\u00e5 betyget. Om du vill ha [&hellip;]<\/p>\n","protected":false},"author":7,"featured_media":13638,"parent":0,"menu_order":0,"comment_status":"closed","ping_status":"closed","template":"","meta":{"_acf_changed":false,"footnotes":""},"class_list":["post-16025","page","type-page","status-publish","has-post-thumbnail","hentry"],"acf":[],"_links":{"self":[{"href":"https:\/\/kunskapsforbundet.se\/vuxenutbildningen\/wp-json\/wp\/v2\/pages\/16025","targetHints":{"allow":["GET"]}}],"collection":[{"href":"https:\/\/kunskapsforbundet.se\/vuxenutbildningen\/wp-json\/wp\/v2\/pages"}],"about":[{"href":"https:\/\/kunskapsforbundet.se\/vuxenutbildningen\/wp-json\/wp\/v2\/types\/page"}],"author":[{"embeddable":true,"href":"https:\/\/kunskapsforbundet.se\/vuxenutbildningen\/wp-json\/wp\/v2\/users\/7"}],"replies":[{"embeddable":true,"href":"https:\/\/kunskapsforbundet.se\/vuxenutbildningen\/wp-json\/wp\/v2\/comments?post=16025"}],"version-history":[{"count":7,"href":"https:\/\/kunskapsforbundet.se\/vuxenutbildningen\/wp-json\/wp\/v2\/pages\/16025\/revisions"}],"predecessor-version":[{"id":25042,"href":"https:\/\/kunskapsforbundet.se\/vuxenutbildningen\/wp-json\/wp\/v2\/pages\/16025\/revisions\/25042"}],"wp:featuredmedia":[{"embeddable":true,"href":"https:\/\/kunskapsforbundet.se\/vuxenutbildningen\/wp-json\/wp\/v2\/media\/13638"}],"wp:attachment":[{"href":"https:\/\/kunskapsforbundet.se\/vuxenutbildningen\/wp-json\/wp\/v2\/media?parent=16025"}],"curies":[{"name":"wp","href":"https:\/\/api.w.org\/{rel}","templated":true}]}}