{"id":15181,"date":"2022-02-28T14:55:30","date_gmt":"2022-02-28T13:55:30","guid":{"rendered":"https:\/\/kunskapsforbundet.se\/vuxenutbildningen\/?page_id=15181"},"modified":"2026-02-11T15:29:14","modified_gmt":"2026-02-11T14:29:14","slug":"studiehallen","status":"publish","type":"page","link":"https:\/\/kunskapsforbundet.se\/vuxenutbildningen\/studiehallen\/","title":{"rendered":"Studiehallen"},"content":{"rendered":"\n<div class=\"pages__ingress pb-4 mb-0\"><p class=\"wp-block-ggb-block-feature__ingress\">Studiehallen &#8211; F\u00f6r dig som vill ha extra st\u00f6d med dina studier utanf\u00f6r lektionstid.<\/p><\/div>\n\n\n\n<p>Studiehallen riktar sig till studerande som vill ha lite extra st\u00f6d utanf\u00f6r lektionstid. Som elev beh\u00f6ver du endast ta med penna, papper och eventuella uppgifter du f\u00e5tt fr\u00e5n din l\u00e4rare. Ta g\u00e4rna med egen dator, men du har m\u00f6jlighet att l\u00e5na en Chromebook p\u00e5 plats.<\/p>\n\n\n\n<p>Studiehallen har \u00f6ppet vid olika tidpunkter och l\u00e4rare i olika \u00e4mnen kommer att vara p\u00e5 plats vid olika dagar. Vissa dagar kan du \u00e4ven tr\u00e4ffa personer fr\u00e5n elevst\u00f6dteamet.<\/p>\n\n\n\n<div class=\"wp-block-buttons is-layout-flex wp-block-buttons-is-layout-flex\">\n<div class=\"wp-block-button has-custom-width wp-block-button__width-50\"><a class=\"wp-block-button__link has-black-color has-text-color has-background has-link-color has-text-align-center wp-element-button\" href=\"https:\/\/sites.google.com\/kunskapsforbundet.se\/studiehallen\/hem\" style=\"background-color:#ffa0af\" target=\"_blank\" rel=\"noreferrer noopener\">Schema &amp; mer information<\/a><\/div>\n<\/div>\n\n\n\n<ul class=\"wp-block-list\">\n<li>Plats:&nbsp;Plan 5 i sal 523, 521 och 519 | V\u00e4nerparken 5, V\u00e4nersborg<\/li>\n\n\n\n<li><strong>Kontakt: <\/strong>F\u00f6r mer information eller allm\u00e4nna fr\u00e5gor: <a href=\"mailto:kfvstudiehallenvux@kunskapsforbundet.se\">kfvstudiehallenvux@kunskapsforbundet.se<\/a><\/li>\n<\/ul>\n\n\n<p>\n<\/p>","protected":false},"excerpt":{"rendered":"<p>Studiehallen riktar sig till studerande som vill ha lite extra st\u00f6d utanf\u00f6r lektionstid. Som elev beh\u00f6ver du endast ta med penna, papper och eventuella uppgifter du f\u00e5tt fr\u00e5n din l\u00e4rare. Ta g\u00e4rna med egen dator, men du har m\u00f6jlighet att l\u00e5na en Chromebook p\u00e5 plats. Studiehallen har \u00f6ppet vid olika tidpunkter och l\u00e4rare i olika [&hellip;]<\/p>\n","protected":false},"author":7,"featured_media":28507,"parent":0,"menu_order":0,"comment_status":"closed","ping_status":"closed","template":"","meta":{"_acf_changed":false,"footnotes":""},"class_list":["post-15181","page","type-page","status-publish","has-post-thumbnail","hentry"],"acf":[],"_links":{"self":[{"href":"https:\/\/kunskapsforbundet.se\/vuxenutbildningen\/wp-json\/wp\/v2\/pages\/15181","targetHints":{"allow":["GET"]}}],"collection":[{"href":"https:\/\/kunskapsforbundet.se\/vuxenutbildningen\/wp-json\/wp\/v2\/pages"}],"about":[{"href":"https:\/\/kunskapsforbundet.se\/vuxenutbildningen\/wp-json\/wp\/v2\/types\/page"}],"author":[{"embeddable":true,"href":"https:\/\/kunskapsforbundet.se\/vuxenutbildningen\/wp-json\/wp\/v2\/users\/7"}],"replies":[{"embeddable":true,"href":"https:\/\/kunskapsforbundet.se\/vuxenutbildningen\/wp-json\/wp\/v2\/comments?post=15181"}],"version-history":[{"count":105,"href":"https:\/\/kunskapsforbundet.se\/vuxenutbildningen\/wp-json\/wp\/v2\/pages\/15181\/revisions"}],"predecessor-version":[{"id":28772,"href":"https:\/\/kunskapsforbundet.se\/vuxenutbildningen\/wp-json\/wp\/v2\/pages\/15181\/revisions\/28772"}],"wp:featuredmedia":[{"embeddable":true,"href":"https:\/\/kunskapsforbundet.se\/vuxenutbildningen\/wp-json\/wp\/v2\/media\/28507"}],"wp:attachment":[{"href":"https:\/\/kunskapsforbundet.se\/vuxenutbildningen\/wp-json\/wp\/v2\/media?parent=15181"}],"curies":[{"name":"wp","href":"https:\/\/api.w.org\/{rel}","templated":true}]}}